{"id":457,"date":"2025-10-05T13:01:20","date_gmt":"2025-10-05T17:01:20","guid":{"rendered":"https:\/\/ucalvet.com\/?post_type=product&#038;p=457"},"modified":"2025-11-25T09:32:51","modified_gmt":"2025-11-25T13:32:51","slug":"promazin-oral-gel","status":"publish","type":"product","link":"https:\/\/ucalvet.com\/en\/product\/promazin-oral-gel\/","title":{"rendered":"PROMAZIN Oral Gel"},"content":{"rendered":"<p><strong>Preparat\u0131n ticar\u0259t ad\u0131:<\/strong>\u00a0 PROMAZIN Oral Gel<\/p>\n<p><strong>D\u0259rman formas\u0131 v\u0259 qabla\u015fd\u0131rma: <\/strong>Preparat 4, 10 v\u0259 30 ml h\u0259cmind\u0259 polipropilen \u015fprisl\u0259rd\u0259 qabla\u015fd\u0131r\u0131l\u0131r. \u015eprisl\u0259r, karton qutulara qoyulur,gel formas\u0131ndad\u0131r.<\/p>\n<p><strong>Preparat\u0131n t\u0259rkibi, f\u0259al madd\u0259 1 ml-d\u0259:<\/strong> Asepromazin-10 mq v\u0259 k\u00f6m\u0259k\u00e7i madd\u0259l\u0259r.<\/p>\n<p><strong>Farmako-terapevtik qrupu:<\/strong> Neyroleptik baytarl\u0131q preparat\u0131.<\/p>\n<p><strong>\u0130stifad\u0259 sah\u0259si: <\/strong>Preparat it, pi\u015fik v\u0259 atlarda a\u015fa\u011f\u0131dak\u0131 hallarda t\u0259tbiq edilir: Sakitl\u0259\u015fdirici v\u0259 anesteziyadan \u0259vv\u0259l, Morfin t\u00f6r\u0259m\u0259si il\u0259 birlikd\u0259 Neyrolept analgetik vasit\u0259 kimi,Uzun m\u0259saf\u0259y\u0259 da\u015f\u0131nma zaman\u0131 yaranan narahatl\u0131qlarda (qusma v\u0259 h\u0259r\u0259k\u0259t pozuntular\u0131 hallar\u0131nda simptomatik m\u00fcalic\u0259) qusmaya qar\u015f\u0131 vasit\u0259 kimi istifad\u0259 olunur.<\/p>\n<p><strong>\u0130stifad\u0259 v\u0259 dozala\u015fd\u0131rma qaydalar\u0131:<\/strong> Preparat baytar h\u0259kiminin n\u0259zar\u0259ti alt\u0131nda a\u015fa\u011f\u0131dak\u0131 hallarda oral yolla t\u0259tbiq edilir.<\/p>\n<p>Bala itl\u0259r v\u0259 pi\u015fikl\u0259r \u00fc\u00e7\u00fcn:<\/p>\n<p>Y\u00fcng\u00fcl sedasiya zaman\u0131: Preparat heyvanlara h\u0259r 5 kq diri k\u00fctl\u0259y\u0259 0,5 ml h\u0259cminpe dozala\u015fd\u0131r\u0131laraq verilir,<\/p>\n<p>Sedasiya zaman\u0131: Preparat heyvanlara h\u0259r 5 kq diri k\u00fctl\u0259y\u0259 1 ml h\u0259cmind\u0259 dozala\u015fd\u0131r\u0131laraq verilir; &#8211; Premidikasiya zaman\u0131: Preparat heyvanlara h\u0259r 5 kq diri k\u00fctl\u0259y\u0259 1,5 ml h\u0259cmind\u0259 dozala\u015fd\u0131r\u0131laraq verilir.<br \/>\n\u00c7\u0259kisi 10 kq-dan b\u00f6y\u00fck olan itl\u0259r \u00fc\u00e7\u00fcn:<\/p>\n<p>Y\u00fcng\u00fcl sedasiya zaman\u0131: Preparat heyvanlara h\u0259r 10 kq diri k\u00fctl\u0259y\u0259 1 ml h\u0259cmind\u0259 dozala\u015fd\u0131r\u0131laraq verilir,<\/p>\n<p>Sedasiya zaman\u0131: Preparat heyvanlara h\u0259r 10 kq diri k\u00fctl\u0259y\u0259 2 ml h\u0259cmind\u0259 dozala\u015fd\u0131r\u0131laraq verilir.<\/p>\n<p>Premidikasiya zaman\u0131: Preparat heyvanlara h\u0259r 10 kq diri k\u00fctl\u0259y\u0259 3 ml h\u04d9cmind\u0259 dozala\u015fd\u0131r\u0131laraq verilir.<\/p>\n<p>Atlar \u00fc\u00e7\u00fcn:<\/p>\n<p>Y\u00fcng\u00fcl sedasiya zaman\u0131: Preparat heyvanlara h\u0259r 500 kq diri k\u00fctl\u0259y\u0259 5-10 h\u0259cmind\u0259 dozala\u015fd\u0131r\u0131laraq verilir;<br \/>\nSedasiya zaman\u0131: Preparat heyvanlara h\u0259r 500 kq diri k\u00fctl\u0259y\u0259 15- 20 ml h\u0259cmind\u0259 dozala\u015fd\u0131r\u0131laraq verilir;<\/p>\n<p>Premidikasiya zaman\u0131: Preparat heyvanlara h\u0259r 500 kq diri k\u00fctl\u0259y\u0259 15- 20 ml h\u0259cmind\u0259 dozala\u015fd\u0131r\u0131laraq verilir.<\/p>\n<p>Atlarda: Asepromazin bo\u011fazl\u0131q v\u0259 laktasiya d\u00f6vr\u00fcnd\u0259 istifad\u0259 edilm\u0259m\u0259lidir.<\/p>\n<p>\u0130t v\u0259 pi\u015fikl\u0259rd\u0259: Di\u015fi pi\u015fikl\u0259rd\u0259 v\u0259 itl\u0259rd\u0259 asepromazinin istifad\u0259sind\u0259n sonra teratogen t\u0259sirl\u0259r\u0259 dair x\u00fcsusi t\u0259dqiqatlar olmad\u0131\u011f\u0131 \u00fc\u00e7\u00fcn asepromazinin bo\u011fazl\u0131q v\u0259 laktasiya d\u00f6vr\u00fcnd\u0259 istifad\u0259si t\u00f6vsiy\u0259 edilmir.<\/p>","protected":false},"excerpt":{"rendered":"<p>PROMAZIN Oral Gel<\/p>","protected":false},"featured_media":458,"comment_status":"open","ping_status":"closed","template":"","meta":[],"product_brand":[],"product_cat":[74,66],"product_tag":[52,55],"class_list":{"0":"post-457","1":"product","2":"type-product","3":"status-publish","4":"has-post-thumbnail","6":"product_cat-diger","7":"product_cat-ev-heyvani","8":"product_tag-at","9":"product_tag-ev-heyvani","11":"first","12":"instock","13":"shipping-taxable","14":"product-type-simple"},"_links":{"self":[{"href":"https:\/\/ucalvet.com\/en\/wp-json\/wp\/v2\/product\/457","targetHints":{"allow":["GET"]}}],"collection":[{"href":"https:\/\/ucalvet.com\/en\/wp-json\/wp\/v2\/product"}],"about":[{"href":"https:\/\/ucalvet.com\/en\/wp-json\/wp\/v2\/types\/product"}],"replies":[{"embeddable":true,"href":"https:\/\/ucalvet.com\/en\/wp-json\/wp\/v2\/comments?post=457"}],"wp:featuredmedia":[{"embeddable":true,"href":"https:\/\/ucalvet.com\/en\/wp-json\/wp\/v2\/media\/458"}],"wp:attachment":[{"href":"https:\/\/ucalvet.com\/en\/wp-json\/wp\/v2\/media?parent=457"}],"wp:term":[{"taxonomy":"product_brand","embeddable":true,"href":"https:\/\/ucalvet.com\/en\/wp-json\/wp\/v2\/product_brand?post=457"},{"taxonomy":"product_cat","embeddable":true,"href":"https:\/\/ucalvet.com\/en\/wp-json\/wp\/v2\/product_cat?post=457"},{"taxonomy":"product_tag","embeddable":true,"href":"https:\/\/ucalvet.com\/en\/wp-json\/wp\/v2\/product_tag?post=457"}],"curies":[{"name":"wp","href":"https:\/\/api.w.org\/{rel}","templated":true}]}}