{"id":459,"date":"2025-10-05T13:02:09","date_gmt":"2025-10-05T17:02:09","guid":{"rendered":"https:\/\/ucalvet.com\/?post_type=product&#038;p=459"},"modified":"2025-11-25T09:34:08","modified_gmt":"2025-11-25T13:34:08","slug":"endequi-ip","status":"publish","type":"product","link":"https:\/\/ucalvet.com\/en\/product\/endequi-ip\/","title":{"rendered":"ENDEQUI IP"},"content":{"rendered":"<p><strong>Preparat\u0131n ticar\u0259t ad\u0131:<\/strong>\u00a0 ENDEQUI IP (Oral Pat)<\/p>\n<p><strong>D\u0259rman formas\u0131 v\u0259 qabla\u015fd\u0131rma: <\/strong>Gel \u015f\u0259killi preparat 7,49 g (7 ml) h\u0259cmind\u0259 polipropilen \u015fprisl\u0259rd\u0259 qabla\u015fd\u0131r\u0131l\u0131r. \u015eprisl\u0259r, karton qutulara qoyulur.<\/p>\n<p><strong>Preparat\u0131n t\u0259rkibi, f\u0259al madd\u0259:<\/strong> \u0130vermektin- 18,7 mg, Prazikuantel- 140,3 mq v\u0259 k\u00f6m\u0259k\u00e7i madd\u0259l\u0259r.<\/p>\n<p><strong>Farmako-terapevtik qrupu:<\/strong> Antiparazitar baytarl\u0131q preparat\u0131.<\/p>\n<p><strong>\u0130stifad\u0259 sah\u0259si: <\/strong>Preparat heyvanlarda sestodoz, a\u011fciy\u0259r v\u0259 m\u0259d\u0259-ba\u011f\u0131rsaq nematodozlar\u0131na, h\u0259m d\u0259 Gasterophilus-a (at mil\u00e7\u0259yi) qar\u015f\u0131 t\u0259tbiq edilir.<\/p>\n<p><strong>\u0130stifad\u0259 v\u0259 dozala\u015fd\u0131rma qaydalar\u0131:<\/strong> Preparat baytar h\u0259kiminin n\u0259zar\u0259ti alt\u0131nda oral yolla t\u0259tbiq edilir. Preparat heyvanlar\u0131n h\u0259r 100 kq diri k\u00fctl\u0259sin\u0259 1,07 g (1 ml) (h\u0259r kq diri k\u00fctl\u0259sin\u0259 200 mkq ivermektin v\u0259 1,5 mq prazikvantel) hesab\u0131 il\u0259 a\u015fa\u011f\u0131da g\u00f6st\u0259ril\u0259n qaydada dozala\u015fd\u0131r\u0131l\u0131r:<\/p>\n<table style=\"height: 492px;\" width=\"874\">\n<tbody>\n<tr>\n<td width=\"149\">Diri k\u00fctl\u0259sin\u0259, kq<\/td>\n<td width=\"149\">Dozala\u015fd\u0131rma, ml<\/td>\n<td width=\"149\">Diri k\u00fctl\u0259sin\u0259, kq<\/td>\n<td width=\"149\">Dozala\u015fd\u0131rma, ml<\/td>\n<\/tr>\n<tr>\n<td width=\"149\">100 kq v\u0259 daha az<\/td>\n<td width=\"149\">1,070 g (1 ml)<\/td>\n<td width=\"149\">401-450<\/td>\n<td width=\"149\">4,815 g (4,5 ml)<\/td>\n<\/tr>\n<tr>\n<td width=\"149\">101-150<\/td>\n<td width=\"149\">1,605 g (1,5 ml)<\/td>\n<td width=\"149\">451- 500<\/td>\n<td width=\"149\">5,350 g (5 ml)<\/td>\n<\/tr>\n<tr>\n<td width=\"149\">151-200<\/td>\n<td width=\"149\">2,140 g (2 ml)<\/td>\n<td width=\"149\">501-550<\/td>\n<td width=\"149\">5,885 g (5,5 ml)<\/td>\n<\/tr>\n<tr>\n<td width=\"149\">201-250<\/td>\n<td width=\"149\">2,675 g (2,5 ml)<\/td>\n<td width=\"149\">551-600<\/td>\n<td width=\"149\">6,420 g (6 ml)<\/td>\n<\/tr>\n<tr>\n<td width=\"149\">251-300<\/td>\n<td width=\"149\">3,210 g (3 ml)<\/td>\n<td width=\"149\">601-650<\/td>\n<td width=\"149\">6,955 g (6,5 ml)<\/td>\n<\/tr>\n<tr>\n<td width=\"149\">301-350<\/td>\n<td width=\"149\">3,745 g (3,5 ml)<\/td>\n<td width=\"149\">651-700<\/td>\n<td width=\"149\">7,490 g (7 ml)<\/td>\n<\/tr>\n<tr>\n<td width=\"149\">351-400<\/td>\n<td width=\"149\">4,280 g (4 ml)<\/td>\n<td width=\"149\"><\/td>\n<td width=\"149\"><\/td>\n<\/tr>\n<\/tbody>\n<\/table>","protected":false},"excerpt":{"rendered":"<p>ENDEQUI IP (Oral Pat)<\/p>","protected":false},"featured_media":460,"comment_status":"open","ping_status":"closed","template":"","meta":[],"product_brand":[],"product_cat":[43,64],"product_tag":[],"class_list":{"0":"post-459","1":"product","2":"type-product","3":"status-publish","4":"has-post-thumbnail","6":"product_cat-antiparazitler","7":"product_cat-at","9":"first","10":"instock","11":"shipping-taxable","12":"product-type-simple"},"_links":{"self":[{"href":"https:\/\/ucalvet.com\/en\/wp-json\/wp\/v2\/product\/459","targetHints":{"allow":["GET"]}}],"collection":[{"href":"https:\/\/ucalvet.com\/en\/wp-json\/wp\/v2\/product"}],"about":[{"href":"https:\/\/ucalvet.com\/en\/wp-json\/wp\/v2\/types\/product"}],"replies":[{"embeddable":true,"href":"https:\/\/ucalvet.com\/en\/wp-json\/wp\/v2\/comments?post=459"}],"wp:featuredmedia":[{"embeddable":true,"href":"https:\/\/ucalvet.com\/en\/wp-json\/wp\/v2\/media\/460"}],"wp:attachment":[{"href":"https:\/\/ucalvet.com\/en\/wp-json\/wp\/v2\/media?parent=459"}],"wp:term":[{"taxonomy":"product_brand","embeddable":true,"href":"https:\/\/ucalvet.com\/en\/wp-json\/wp\/v2\/product_brand?post=459"},{"taxonomy":"product_cat","embeddable":true,"href":"https:\/\/ucalvet.com\/en\/wp-json\/wp\/v2\/product_cat?post=459"},{"taxonomy":"product_tag","embeddable":true,"href":"https:\/\/ucalvet.com\/en\/wp-json\/wp\/v2\/product_tag?post=459"}],"curies":[{"name":"wp","href":"https:\/\/api.w.org\/{rel}","templated":true}]}}