{"id":461,"date":"2025-10-05T13:03:21","date_gmt":"2025-10-05T17:03:21","guid":{"rendered":"https:\/\/ucalvet.com\/?post_type=product&#038;p=461"},"modified":"2025-12-09T13:46:23","modified_gmt":"2025-12-09T17:46:23","slug":"immun-cr","status":"publish","type":"product","link":"https:\/\/ucalvet.com\/en\/product\/immun-cr\/","title":{"rendered":"\u0130MMUN-CR"},"content":{"rendered":"<p><strong>Preparat\u0131n ticar\u0259t ad\u0131:<\/strong>\u00a0 \u0130MMUN-CR<\/p>\n<p><strong>D\u0259rman formas\u0131 v\u0259 qabla\u015fd\u0131rma: <\/strong>100 v\u0259 250 ml hermetik plastik \u015f\u00fc\u015f\u0259l\u0259rd\u0259 qutunun i\u00e7ind\u0259 sat\u0131\u015fa t\u0259qdim olunmu\u015fdur.<\/p>\n<p><strong>Preparat\u0131n t\u0259rkibi, f\u0259al madd\u0259: <\/strong>Vitamin B1, B2, B3, B5, B6, B12, Vitamin-C, Kalium, Natrium, Laktoza, Deionla\u015fd\u0131r\u0131lm\u0131\u015f su.<\/p>\n<p><strong>\u0130stifad\u0259 sah\u0259si: <\/strong>\u0130mmunitet sistemi \u00fc\u00e7\u00fcn \u0259lav\u0259l\u0259r\/qida \u0259lav\u0259l\u0259ri: IMMUN-CR formulas\u0131 immunitet sistemini stimulla\u015fd\u0131ran v\u0259 daha g\u00fccl\u00fc qorunma t\u0259min ed\u0259n, selikli qi\u015fa, virus, yara izl\u0259rinin immunitetini g\u00fccl\u0259ndir\u0259n tamamlay\u0131c\u0131 qida \u0259lav\u0259sidir.<\/p>\n<p><strong>\u0130stifad\u0259 v\u0259 dozala\u015fd\u0131rma qaydalar\u0131: <\/strong>Praktik istifad\u0259 qaydas\u0131 a\u015fa\u011f\u0131dak\u0131 c\u0259dv\u0259ld\u0259 g\u00f6st\u0259rildiyi kimi birba\u015fa v\u0259 ya i\u00e7m\u0259li su il\u0259 qar\u0131\u015fd\u0131r\u0131laraq verilir.<\/p>\n<table>\n<tbody>\n<tr>\n<td width=\"323\">Toyuq\/hindu\u015fka<\/td>\n<td width=\"323\">2-3 ml\/g\u00fcn<\/td>\n<\/tr>\n<tr>\n<td width=\"323\">Qoyun \/ ke\u00e7i<\/td>\n<td width=\"323\">5-10 ml\/g\u00fcn<\/td>\n<\/tr>\n<tr>\n<td width=\"323\">Buzov\/dana<\/td>\n<td width=\"323\">10-20 ml\/ g\u00fcn<\/td>\n<\/tr>\n<tr>\n<td width=\"323\">\u0130n\u0259k\/mal-qara\/at<\/td>\n<td width=\"323\">25-50 ml\/ g\u00fcn<\/td>\n<\/tr>\n<\/tbody>\n<\/table>","protected":false},"excerpt":{"rendered":"<p>\u0130MMUN-CR<\/p>","protected":false},"featured_media":1116,"comment_status":"open","ping_status":"closed","template":"","meta":[],"product_brand":[],"product_cat":[45],"product_tag":[46,57],"class_list":{"0":"post-461","1":"product","2":"type-product","3":"status-publish","4":"has-post-thumbnail","6":"product_cat-vitamin-ve-minerallar","7":"product_tag-qusculuq","8":"product_tag-ruminant","10":"first","11":"instock","12":"shipping-taxable","13":"product-type-simple"},"_links":{"self":[{"href":"https:\/\/ucalvet.com\/en\/wp-json\/wp\/v2\/product\/461","targetHints":{"allow":["GET"]}}],"collection":[{"href":"https:\/\/ucalvet.com\/en\/wp-json\/wp\/v2\/product"}],"about":[{"href":"https:\/\/ucalvet.com\/en\/wp-json\/wp\/v2\/types\/product"}],"replies":[{"embeddable":true,"href":"https:\/\/ucalvet.com\/en\/wp-json\/wp\/v2\/comments?post=461"}],"wp:featuredmedia":[{"embeddable":true,"href":"https:\/\/ucalvet.com\/en\/wp-json\/wp\/v2\/media\/1116"}],"wp:attachment":[{"href":"https:\/\/ucalvet.com\/en\/wp-json\/wp\/v2\/media?parent=461"}],"wp:term":[{"taxonomy":"product_brand","embeddable":true,"href":"https:\/\/ucalvet.com\/en\/wp-json\/wp\/v2\/product_brand?post=461"},{"taxonomy":"product_cat","embeddable":true,"href":"https:\/\/ucalvet.com\/en\/wp-json\/wp\/v2\/product_cat?post=461"},{"taxonomy":"product_tag","embeddable":true,"href":"https:\/\/ucalvet.com\/en\/wp-json\/wp\/v2\/product_tag?post=461"}],"curies":[{"name":"wp","href":"https:\/\/api.w.org\/{rel}","templated":true}]}}