{"id":462,"date":"2025-10-05T13:04:02","date_gmt":"2025-10-05T17:04:02","guid":{"rendered":"https:\/\/ucalvet.com\/?post_type=product&#038;p=462"},"modified":"2025-11-25T09:40:56","modified_gmt":"2025-11-25T13:40:56","slug":"delax","status":"publish","type":"product","link":"https:\/\/ucalvet.com\/en\/product\/delax\/","title":{"rendered":"DELAX"},"content":{"rendered":"<p><strong>Preparat\u0131n ticar\u0259t ad\u0131: <\/strong>DELAX<\/p>\n<p><strong>D\u0259rman formas\u0131 v\u0259 qabla\u015fd\u0131rma: <\/strong>\u015e\u00fc\u015f\u0259 flakon, inyeksiya \u00fc\u00e7\u00fcn m\u0259hlul.<\/p>\n<p><strong>Preparat\u0131n t\u0259rkibi f\u0259al madd\u0259:<\/strong> MEDETOMIDINE HYDROCHLORIDE &#8211; 1 mq<\/p>\n<p><strong>Farmako-terapevtik qrupu:<\/strong> antioksidant<\/p>\n<p><strong>\u0130stifad\u0259 sah\u0259si: <\/strong>DELAX inyeksiya m\u0259hlulu pi\u015fikl\u0259rd\u0259 v\u0259 itl\u0259rd\u0259 sedasiya t\u0259l\u0259b olundu\u011fu t\u0259tbiql\u0259r \u00fc\u00e7\u00fcn v\u0259 \u00fcmumi anesteziyadan \u0259vv\u0259l premedikasiya \u00fc\u00e7\u00fcn istifad\u0259 olunur; Pi\u015fikl\u0259rd\u0259 q\u0131sa m\u00fcdd\u0259tli ki\u00e7ik c\u0259rrahi \u0259m\u0259liyyatlarda \u00fcmumi anesteziya \u00fc\u00e7\u00fcn ketaminl\u0259 birlikd\u0259 istifad\u0259 olunur.<\/p>\n<p><strong>\u0130stifad\u0259 v\u0259 dozala\u015fd\u0131rma qaydalar\u0131: <\/strong>\u0130tl\u0259rd\u0259: \u0130ntram\u00fcsk\u00fcler (i.m.) v\u0259 ya venadaxili (i.v.) istifad\u0259 olunur. Sedasyon \u00fc\u00e7\u00fcn b\u0259d\u0259n s\u0259thinin h\u0259r m2 sah\u0259sin\u0259 750 mkq medetomidin hidroxlorid venadaxili (i.v.) v\u0259 ya 1000 mkq medetomidin hidroxlorid \u0259z\u0259l\u0259daxili (i.m.) yeridilm\u0259lidir. B\u0259d\u0259n \u00e7\u0259kisi \u0259sas\u0131nda d\u00fczg\u00fcn dozan\u0131 t\u0259yin etm\u0259k \u00fc\u00e7\u00fcn a\u015fa\u011f\u0131dak\u0131 c\u0259dv\u0259ld\u0259n istifad\u0259 edilm\u0259lidir. Maksimum t\u0259sir 15-20 d\u0259qiq\u0259 \u0259rzind\u0259 \u0259ld\u0259 edilir. Klinik effekt dozadan as\u0131l\u0131 olaraq 30-180 d\u0259qiq\u0259 davam edir.<br \/>\n\u0130nyeksiya \u00fc\u00e7\u00fcn Delax M\u0259hluluna (ml) v\u0259 Medetomidin HCL-\u0259\u01dd (ug\/kq b.w.) ekvivalent<br \/>\nPi\u015fikl\u0259rd\u0259: \u018fz\u0259l\u0259daxili olaraq istifad\u0259 olunur (i.m.). Pi\u015fikl\u0259rd\u0259 orta d\u0259r\u0259c\u0259d\u0259 sakitl\u0259\u015fdirm\u0259 v\u0259 h\u0259r\u0259k\u0259tin m\u0259hdudla\u015fd\u0131r\u0131lmas\u0131 \u00fc\u00e7\u00fcn m\u0259hsul 50-150 \u00b5g Medetomidin Hidroklorid\/kq b\u0259d\u0259n \u00e7\u0259kisi il\u0259 t\u0259yin edilir. (0,05-0,15 ml Delax inyeksiya m\u0259hlulu\/kq b\u0259d\u0259n \u00e7\u0259kisi ekvivalenti) dozada t\u0259tbiq edilm\u0259lid\u0131r. Anesteziya \u00fc\u00e7\u00fcn m\u0259hsul 80 \u00b5g Medetomidin Hidroklorid\/kq b.w. (0,08 ml Delax inyeksiya \u00fc\u00e7\u00fcn m\u0259hlul\/kq b\u0259d\u0259n \u00e7\u0259kisin\u0259 b\u0259rab\u0259rdir) v\u0259 2,5-7,5 mq ketamin\/kq b\u0259d\u0259n \u00e7\u0259kisi m\u00fcvafiq dozada t\u0259tbiq edilm\u0259lidir. Bu dozadan istifad\u0259 ed\u0259r\u0259k, anesteziya 3-4 d\u0259qiq\u0259 \u0259rzind\u0259 ba\u015f verir v\u0259 20-50 d\u0259qiq\u0259 davam edir. Daha uzunm\u00fcdd\u0259tli prosedurlar \u00fc\u00e7\u00fcn q\u0259bul ilkin dozan\u0131n yar\u0131s\u0131d\u0131r, y\u0259ni 40 mkq medetomidin hidroxlorid (0,04 ml inyeksiya \u00fc\u00e7\u00fcn Delax m\u0259hlulu\/kq b\u0259d\u0259n \u00e7\u0259kisin\u0259 b\u0259rab\u0259rdir) v\u0259 2,5-3,75 mq ketamin\/kq b\u0259d\u0259n \u00e7\u0259kisi v\u0259 ya t\u0259k ba\u015f\u0131na 3,0 mq Ketamin\/kq b\u0259d\u0259n \u00e7\u0259kisi istifad\u0259 ed\u0259r\u0259k t\u0259krarlanmal\u0131d\u0131r. Daha uzunm\u00fcdd\u0259tli prosedurlar \u00fc\u00e7\u00fcn anesteziya alternativ olaraq oksigenl\u0259\u015fdirilmi\u015f v\u0259 ya oksigenl\u0259\u015fdirilmi\u015f\/azot oksidi (azot oksidi) izofluran v\u0259 ya halotan inhalyasiya agentl\u0259rind\u0259n istifad\u0259 etm\u0259kl\u0259 uzad\u0131la bil\u0259r.<\/p>","protected":false},"excerpt":{"rendered":"<p>DELAX<\/p>","protected":false},"featured_media":463,"comment_status":"open","ping_status":"closed","template":"","meta":[],"product_brand":[],"product_cat":[74,66],"product_tag":[55],"class_list":{"0":"post-462","1":"product","2":"type-product","3":"status-publish","4":"has-post-thumbnail","6":"product_cat-diger","7":"product_cat-ev-heyvani","8":"product_tag-ev-heyvani","10":"first","11":"instock","12":"shipping-taxable","13":"product-type-simple"},"_links":{"self":[{"href":"https:\/\/ucalvet.com\/en\/wp-json\/wp\/v2\/product\/462","targetHints":{"allow":["GET"]}}],"collection":[{"href":"https:\/\/ucalvet.com\/en\/wp-json\/wp\/v2\/product"}],"about":[{"href":"https:\/\/ucalvet.com\/en\/wp-json\/wp\/v2\/types\/product"}],"replies":[{"embeddable":true,"href":"https:\/\/ucalvet.com\/en\/wp-json\/wp\/v2\/comments?post=462"}],"wp:featuredmedia":[{"embeddable":true,"href":"https:\/\/ucalvet.com\/en\/wp-json\/wp\/v2\/media\/463"}],"wp:attachment":[{"href":"https:\/\/ucalvet.com\/en\/wp-json\/wp\/v2\/media?parent=462"}],"wp:term":[{"taxonomy":"product_brand","embeddable":true,"href":"https:\/\/ucalvet.com\/en\/wp-json\/wp\/v2\/product_brand?post=462"},{"taxonomy":"product_cat","embeddable":true,"href":"https:\/\/ucalvet.com\/en\/wp-json\/wp\/v2\/product_cat?post=462"},{"taxonomy":"product_tag","embeddable":true,"href":"https:\/\/ucalvet.com\/en\/wp-json\/wp\/v2\/product_tag?post=462"}],"curies":[{"name":"wp","href":"https:\/\/api.w.org\/{rel}","templated":true}]}}