{"id":464,"date":"2025-10-05T13:05:03","date_gmt":"2025-10-05T17:05:03","guid":{"rendered":"https:\/\/ucalvet.com\/?post_type=product&#038;p=464"},"modified":"2025-11-25T09:43:21","modified_gmt":"2025-11-25T13:43:21","slug":"otomik","status":"publish","type":"product","link":"https:\/\/ucalvet.com\/en\/product\/otomik\/","title":{"rendered":"Otomik"},"content":{"rendered":"<p><strong>Preparat\u0131n ticar\u0259t ad\u0131: <\/strong>\u00a0Otomik<\/p>\n<p><strong>D\u0259rman formas\u0131 v\u0259 qabla\u015fd\u0131rma: <\/strong>Preparat 20 ml, 50 ml v\u0259 100 ml \u04bb\u04d9cmind\u0259 damc\u0131lad\u0131c\u0131 ucluqlu polipropilen flakonlarda qabla\u015fd\u0131r\u0131l\u0131r. Flakonlar karton qutuya qoyulur.<\/p>\n<p><strong>Preparat\u0131n t\u0259rkibi, f\u0259al madd\u0259:<\/strong> Lidokain HCI- 1,23 q, Ketokonazol- 1 q, Qentamisin Sulfat- 0,508 q, Prednizolon natrium fosfat \u2013 0,336 q v\u0259 k\u00f6m\u0259k\u00e7i madd\u0259l\u0259r.<\/p>\n<p><strong>Farmako-terapevtik qrupu:<\/strong> Antibakterial- iltihab\u0259leyhi baytarl\u0131q preparat\u0131.<\/p>\n<p><strong>\u0130stifad\u0259 sah\u0259si: <\/strong>Preparat it v\u0259 pi\u015fikl\u0259rd\u0259 gentamisin\u0259 h\u0259ssas olan mikroorqanizml\u0259r t\u0259r\u0259find\u0259n t\u00f6r\u0259dil\u0259n qulaq yollar\u0131 x\u0259st\u0259likl\u0259rin m\u00fcalic\u0259si m\u0259qs\u0259di il\u0259 t\u0259tbiq edilir.<\/p>\n<p><strong>\u0130stifad\u0259 v\u0259 dozala\u015fd\u0131rma qaydalar\u0131: <\/strong>Preparat\u0131 istifad\u0259 etm\u0259zd\u0259n \u0259vv\u0259l damc\u0131lad\u0131c\u0131 flakonun ucunu k\u0259sm\u0259k laz\u0131md\u0131r. Preparat g\u00fcnd\u0259 1-3 d\u0259f\u0259 qulaq seyvan\u0131na damc\u0131lan\u0131r. M\u00fcalic\u0259 kursunun m\u00fcdd\u0259ti x\u0259st\u0259liyin xarakterind\u0259n v\u0259 terapiyan\u0131n effektivliyind\u0259 as\u0131l\u0131d\u0131r v\u0259 ad\u0259t\u0259n 5- 7 g\u00fcn t\u0259\u015fkil edir; x\u0259st\u0259liyin dayan\u0131ql\u0131 gedi\u015fi zaman\u0131 m\u00fcalic\u0259 14 g\u00fcn\u0259d\u0259k uzad\u0131la bil\u0259r.<\/p>","protected":false},"excerpt":{"rendered":"<p>Otomik<\/p>","protected":false},"featured_media":465,"comment_status":"open","ping_status":"closed","template":"","meta":[],"product_brand":[],"product_cat":[67,74,66],"product_tag":[55],"class_list":{"0":"post-464","1":"product","2":"type-product","3":"status-publish","4":"has-post-thumbnail","6":"product_cat-antibiotikler","7":"product_cat-diger","8":"product_cat-ev-heyvani","9":"product_tag-ev-heyvani","11":"first","12":"instock","13":"shipping-taxable","14":"product-type-simple"},"_links":{"self":[{"href":"https:\/\/ucalvet.com\/en\/wp-json\/wp\/v2\/product\/464","targetHints":{"allow":["GET"]}}],"collection":[{"href":"https:\/\/ucalvet.com\/en\/wp-json\/wp\/v2\/product"}],"about":[{"href":"https:\/\/ucalvet.com\/en\/wp-json\/wp\/v2\/types\/product"}],"replies":[{"embeddable":true,"href":"https:\/\/ucalvet.com\/en\/wp-json\/wp\/v2\/comments?post=464"}],"wp:featuredmedia":[{"embeddable":true,"href":"https:\/\/ucalvet.com\/en\/wp-json\/wp\/v2\/media\/465"}],"wp:attachment":[{"href":"https:\/\/ucalvet.com\/en\/wp-json\/wp\/v2\/media?parent=464"}],"wp:term":[{"taxonomy":"product_brand","embeddable":true,"href":"https:\/\/ucalvet.com\/en\/wp-json\/wp\/v2\/product_brand?post=464"},{"taxonomy":"product_cat","embeddable":true,"href":"https:\/\/ucalvet.com\/en\/wp-json\/wp\/v2\/product_cat?post=464"},{"taxonomy":"product_tag","embeddable":true,"href":"https:\/\/ucalvet.com\/en\/wp-json\/wp\/v2\/product_tag?post=464"}],"curies":[{"name":"wp","href":"https:\/\/api.w.org\/{rel}","templated":true}]}}