{"id":466,"date":"2025-10-05T13:06:07","date_gmt":"2025-10-05T17:06:07","guid":{"rendered":"https:\/\/ucalvet.com\/?post_type=product&#038;p=466"},"modified":"2025-11-25T09:26:11","modified_gmt":"2025-11-25T13:26:11","slug":"beeraz","status":"publish","type":"product","link":"https:\/\/ucalvet.com\/en\/product\/beeraz\/","title":{"rendered":"Beeraz"},"content":{"rendered":"<p><strong>Preparat\u0131n ticar\u0259t ad\u0131:\u00a0<\/strong> Beeraz<\/p>\n<p><strong>\u0130stifad\u0259 sah\u0259si: <\/strong>Ar\u0131lar\u0131n varrootozuna qar\u015f\u0131 istifad\u0259 edilir.<\/p>\n<p><strong>Preparat\u0131n t\u0259rkibi, f\u0259al madd\u0259:<\/strong> Amitraz- 500mq.<\/p>\n<p><strong>D\u0259rman formas\u0131 v\u0259 qabla\u015fd\u0131rma: <\/strong>Aerozol istifad\u0259 \u00fc\u00e7\u00fcn, akarisid (amitraz) t\u0259rkib\u0259 hopturulmu\u015f, a\u011fac qab\u0131\u011f\u0131na b\u0259nz\u0259r lentl\u0259rdir Akarisid t\u0259rkib\u0259 hopturulmu\u015f, a\u011fac qab\u0131\u011f\u0131na b\u0259nz\u0259r lentl\u0259r 10, 20 v\u0259 50 \u0259d\u0259d h\u0259cmind\u0259, \u00fc\u00e7 layl\u0131 folqal\u0131 paketl\u0259rd\u0259 burax\u0131l\u0131r.<\/p>\n<p><strong>Farmako-terapevtik qrupu:<\/strong> Ar\u0131lar \u00fc\u00e7\u00fcn akarisid baytarl\u0131q preparat\u0131.<\/p>\n<p><strong>\u0130stifad\u0259 v\u0259 dozala\u015fd\u0131rma qaydalar\u0131:<\/strong> \u0130stifad\u0259 edilm\u0259zd\u0259n \u0259vv\u0259l lentl\u0259r paketl\u0259rd\u0259n \u00e7\u0131xar\u0131l\u0131r, \u015faquli v\u0259ziyy\u0259td\u0259 ar\u0131 yuvas\u0131nda \u00e7\u0259r\u00e7iv\u0259l\u0259r aras\u0131nda as\u0131l\u0131r. Sa\u011flam v\u0259 g\u00fccl\u00fc 1-5 ar\u0131 ail\u0259l\u0259ri olan ar\u0131 yuvas\u0131nda 1 lent, 2-ci v\u0259 3-c\u00fc ar\u0131l\u0131 ramkalar aras\u0131 as\u0131l\u0131r. B\u00f6y\u00fck ar\u0131 ail\u0259l\u0259rin\u0259 6- 10 ar\u0131 ail\u0259l\u0259ri olan ar\u0131 yuvas\u0131nda 2 lent, 2-ci -3-c\u00fc v\u0259 5-ci -6-c\u0131 ar\u0131l\u0131 ramkalar aras\u0131 as\u0131l\u0131r. Lentl\u0259rin ekspozisiya m\u00fcdd\u0259ti ar\u0131 yuvas\u0131nda 4-6 h\u0259ft\u0259 davam edir. Yaz f\u0259slinin \u0259vv\u0259ll\u0259rind\u0259 ar\u0131lar\u0131n u\u00e7u\u015fa ba\u015flamas\u0131ndan \u0259vv\u0259l; Yay-pay\u0131z f\u0259sill\u0259rind\u0259 bal m\u0259hsulunun s\u00fcz\u00fclm\u0259sind\u0259n 4-6 h\u0259ft\u0259 \u0259vv\u0259l preparat t\u0259tbiq edilir. Haz\u0131r bal m\u0259hsuluna preparat\u0131n qal\u0131qlar\u0131n\u0131n d\u00fc\u015fm\u0259m\u0259si m\u0259qs\u0259dil\u0259, preparat\u0131n istifad\u0259si bal s\u00fcz\u00fclm\u0259sin\u0259 20 g\u00fcn qalm\u0131\u015f dayand\u0131r\u0131l\u0131r. Qeyd: Preparat\u0131n k\u00fctl\u0259vi t\u0259tbiq edilm\u0259sind\u0259n \u0259vv\u0259l ki\u00e7ik qrup ar\u0131lar \u00fcz\u0259rind\u0259 s\u0131naqdan ke\u00e7irilir v\u0259 3 g\u00fcn \u0259rzind\u0259 he\u00e7 bir f\u0259sad m\u00fc\u015fahid\u0259 edilm\u0259dikd\u0259 k\u00fctl\u0259vi t\u0259tbiq olunur.<\/p>","protected":false},"excerpt":{"rendered":"<p>Beeraz<\/p>","protected":false},"featured_media":467,"comment_status":"open","ping_status":"closed","template":"","meta":[],"product_brand":[],"product_cat":[62,74],"product_tag":[25],"class_list":{"0":"post-466","1":"product","2":"type-product","3":"status-publish","4":"has-post-thumbnail","6":"product_cat-ari","7":"product_cat-diger","8":"product_tag-ari","10":"first","11":"instock","12":"shipping-taxable","13":"product-type-simple"},"_links":{"self":[{"href":"https:\/\/ucalvet.com\/en\/wp-json\/wp\/v2\/product\/466","targetHints":{"allow":["GET"]}}],"collection":[{"href":"https:\/\/ucalvet.com\/en\/wp-json\/wp\/v2\/product"}],"about":[{"href":"https:\/\/ucalvet.com\/en\/wp-json\/wp\/v2\/types\/product"}],"replies":[{"embeddable":true,"href":"https:\/\/ucalvet.com\/en\/wp-json\/wp\/v2\/comments?post=466"}],"wp:featuredmedia":[{"embeddable":true,"href":"https:\/\/ucalvet.com\/en\/wp-json\/wp\/v2\/media\/467"}],"wp:attachment":[{"href":"https:\/\/ucalvet.com\/en\/wp-json\/wp\/v2\/media?parent=466"}],"wp:term":[{"taxonomy":"product_brand","embeddable":true,"href":"https:\/\/ucalvet.com\/en\/wp-json\/wp\/v2\/product_brand?post=466"},{"taxonomy":"product_cat","embeddable":true,"href":"https:\/\/ucalvet.com\/en\/wp-json\/wp\/v2\/product_cat?post=466"},{"taxonomy":"product_tag","embeddable":true,"href":"https:\/\/ucalvet.com\/en\/wp-json\/wp\/v2\/product_tag?post=466"}],"curies":[{"name":"wp","href":"https:\/\/api.w.org\/{rel}","templated":true}]}}