{"id":471,"date":"2025-10-05T13:09:14","date_gmt":"2025-10-05T17:09:14","guid":{"rendered":"https:\/\/ucalvet.com\/?post_type=product&#038;p=471"},"modified":"2025-10-18T08:07:36","modified_gmt":"2025-10-18T12:07:36","slug":"beelove-arilar-ucun-vitamin-v%c9%99-mineral","status":"publish","type":"product","link":"https:\/\/ucalvet.com\/en\/product\/beelove-arilar-ucun-vitamin-v%c9%99-mineral\/","title":{"rendered":"&#8220;BEELOVE\u201d  Ar\u0131lar \u00fc\u00e7\u00fcn Vitamin v\u0259 Mineral"},"content":{"rendered":"<p><strong>Bu bir d<\/strong><strong>\u0259rman deyil yem premiksidir. Balda qal\u0131nt\u0131 buraxm\u0131r.<\/strong><\/p>\n<p><strong>T<\/strong><strong>\u018fRK<\/strong><strong>\u0130B<\/strong><strong>\u0130: <\/strong>Vitamins and Minerals<\/p>\n<p><strong>\u0130ST\u0130FAD<\/strong><strong>\u018f M<\/strong><strong>\u018fQS<\/strong><strong>\u018fD<\/strong><strong>\u0130: <\/strong>Bal ar\u0131lar\u0131nda vitamin v\u0259 mineral \u0259lav\u0259 edilm\u0259sini t\u0259min edir. Ar\u0131lar daha sa\u011flam v\u0259 g\u00fccl\u00fc olur. Bala (cavan ar\u0131) say\u0131n\u0131n artmas\u0131na s\u0259b\u0259b olur. Ar\u0131lar\u0131n immunitetini g\u00fccl\u0259ndirir. Ar\u0131 t\u0259l\u0259fat\u0131n\u0131n azalmas\u0131nda t\u0259sirlidir. Daha m\u0259hsuldar bal \u0259ld\u0259 edilir.<\/p>\n<p><strong>\u0130ST\u0130FAD<\/strong><strong>\u018f QAYDASI:<\/strong> 1 kq ar\u0131 keksin\u0259 v\u0259 ya 1 litr \u015f\u0259rb\u0259t\u0259 4 qram (2 \u00e7ay qa\u015f\u0131\u011f\u0131) PREM\u0130KS \u0259lav\u0259 olunur.<\/p>\n<p>(50 kq \u015f\u0259k\u0259r\u0259 2 paket \u0259lav\u0259 edilir.)<\/p>\n<p><strong>SAXLANMA \u015e<\/strong><strong>\u018fRTL<\/strong><strong>\u018fR<\/strong><strong>\u0130:<\/strong> S\u0259rin, quru v\u0259 i\u015f\u0131qs\u0131z \u015f\u0259raitd\u0259 saxlay\u0131n.<\/p>\n<p><strong>YARARLIQ M\u00dcDD<\/strong><strong>\u018fT<\/strong><strong>\u0130:<\/strong> 3 il<\/p>\n<p><strong>M<\/strong><strong>\u018fHSULUN T<\/strong><strong>\u018fHL<\/strong><strong>\u00dcK<\/strong><strong>\u018fS<\/strong><strong>\u0130ZL<\/strong><strong>\u0130K M<\/strong><strong>\u018fLUMATLARI:<\/strong> Ar\u0131larda he\u00e7 bir m\u0259lum yan t\u0259siri yoxdur. K\u0259nd t\u0259s\u0259rr\u00fcfat\u0131 d\u0259rmanlar\u0131ndan uzaqda saxlay\u0131n. A\u00e7\u0131lm\u0131\u015f qabla\u015fd\u0131rman\u0131 q\u0131sa m\u00fcdd\u0259t \u0259rzind\u0259 istifad\u0259 edin. H\u0259d\u0259f n\u00f6vd\u0259n ba\u015fqa heyvanlarda istifad\u0259si t\u00f6vsiy\u0259 edilmir. Qaynar \u015f\u0259rb\u0259t\u0259 \u0259lav\u0259 etm\u0259yin.<\/p>\n<p>Adres Tosmurlu Mah. K\u00f6y Sk. No:548 Silifke 33940 Mersin \u2013 TURKEY Email: info@ekinpremiks.com.tr<\/p>","protected":false},"excerpt":{"rendered":"<p>&#8220;BEELOVE\u201d Ar\u0131lar \u00fc\u00e7\u00fcn Vitamin v\u0259 Mineral.<\/p>\n<p><strong>Bu bir d<\/strong><strong>\u0259rman deyil yem premiksidir. Balda qal\u0131nt\u0131 buraxm\u0131r.<\/strong><\/p>","protected":false},"featured_media":472,"comment_status":"open","ping_status":"closed","template":"","meta":[],"product_brand":[],"product_cat":[62],"product_tag":[25],"class_list":{"0":"post-471","1":"product","2":"type-product","3":"status-publish","4":"has-post-thumbnail","6":"product_cat-ari","7":"product_tag-ari","9":"first","10":"instock","11":"shipping-taxable","12":"product-type-simple"},"_links":{"self":[{"href":"https:\/\/ucalvet.com\/en\/wp-json\/wp\/v2\/product\/471","targetHints":{"allow":["GET"]}}],"collection":[{"href":"https:\/\/ucalvet.com\/en\/wp-json\/wp\/v2\/product"}],"about":[{"href":"https:\/\/ucalvet.com\/en\/wp-json\/wp\/v2\/types\/product"}],"replies":[{"embeddable":true,"href":"https:\/\/ucalvet.com\/en\/wp-json\/wp\/v2\/comments?post=471"}],"wp:featuredmedia":[{"embeddable":true,"href":"https:\/\/ucalvet.com\/en\/wp-json\/wp\/v2\/media\/472"}],"wp:attachment":[{"href":"https:\/\/ucalvet.com\/en\/wp-json\/wp\/v2\/media?parent=471"}],"wp:term":[{"taxonomy":"product_brand","embeddable":true,"href":"https:\/\/ucalvet.com\/en\/wp-json\/wp\/v2\/product_brand?post=471"},{"taxonomy":"product_cat","embeddable":true,"href":"https:\/\/ucalvet.com\/en\/wp-json\/wp\/v2\/product_cat?post=471"},{"taxonomy":"product_tag","embeddable":true,"href":"https:\/\/ucalvet.com\/en\/wp-json\/wp\/v2\/product_tag?post=471"}],"curies":[{"name":"wp","href":"https:\/\/api.w.org\/{rel}","templated":true}]}}