{"id":473,"date":"2025-10-05T13:11:54","date_gmt":"2025-10-05T17:11:54","guid":{"rendered":"https:\/\/ucalvet.com\/?post_type=product&#038;p=473"},"modified":"2025-10-18T08:07:23","modified_gmt":"2025-10-18T12:07:23","slug":"minbeelove-arilar-ucun-mineral","status":"publish","type":"product","link":"https:\/\/ucalvet.com\/en\/product\/minbeelove-arilar-ucun-mineral\/","title":{"rendered":"\u201cM\u0130NBEELOVE\u201d Ar\u0131lar \u00fc\u00e7\u00fcn  Mineral"},"content":{"rendered":"<p><strong>Bu bir d<\/strong><strong>\u0259rman deyil yem premiksidir. Balda qal\u0131nt\u0131 buraxm\u0131r.<\/strong><\/p>\n<p><strong>T<\/strong><strong>\u018fRK<\/strong><strong>\u0130B<\/strong><strong>\u0130: <\/strong>Minerallar<\/p>\n<p><strong>\u0130ST\u0130FAD<\/strong><strong>\u018f M<\/strong><strong>\u018fQS<\/strong><strong>\u018fD<\/strong><strong>\u0130: <\/strong>Bal ar\u0131lar\u0131nda mineral \u0259lav\u0259sini t\u0259min edir. Ar\u0131lar daha sa\u011flam v\u0259 g\u00fccl\u00fc olur. Bala (cavan ar\u0131) say\u0131n\u0131n artmas\u0131na s\u0259b\u0259b olur. Ar\u0131lar\u0131n \u00e7irkli sulardan su i\u00e7m\u0259k meylini azald\u0131r. Ar\u0131lar\u0131n ba\u011f\u0131rsaqlar\u0131n\u0131 t\u0259mizl\u0259yir v\u0259 rahatlad\u0131r. (X\u00fcsusil\u0259 q\u0131\u015f m\u00f6vs\u00fcm\u00fcnd\u0259n sonra qulluq zaman\u0131 il\u0131q \u015f\u0259rb\u0259tl\u0259 verildikd\u0259 \u00e7ox t\u0259sirlidir.) Ar\u0131 t\u0259l\u0259fat\u0131n\u0131n azalmas\u0131nda t\u0259sirlidir.<\/p>\n<p><strong>\u0130ST\u0130FAD<\/strong><strong>\u018f QAYDASI: <\/strong>1 kq ar\u0131 keksin\u0259 v\u0259 ya 1 litr \u015f\u0259rb\u0259t\u0259 2 qram (1 \u00e7ay qa\u015f\u0131\u011f\u0131) PREM\u0130KS \u0259lav\u0259 olunur.<\/p>\n<p>(50 kq \u015f\u0259k\u0259r\u0259 1 paket \u0259lav\u0259 edilir.)<\/p>\n<p><strong>SAXLANMA \u015e\u018fRTL\u018fR\u0130:<\/strong> S\u0259rin, quru v\u0259 i\u015f\u0131qs\u0131z \u015f\u0259raitd\u0259 saxlay\u0131n.<\/p>\n<p><strong>YARARLIQ M\u00dcDD\u018fT\u0130: <\/strong>3 il<\/p>\n<p><strong>M<\/strong><strong>\u018fHSULUN T<\/strong><strong>\u018fHL<\/strong><strong>\u00dcK<\/strong><strong>\u018fS<\/strong><strong>\u0130ZL<\/strong><strong>\u0130K M<\/strong><strong>\u018fLUMATLARI: <\/strong>Ar\u0131larda h\u0259r hans\u0131 m\u0259lum yan t\u0259siri yoxdur. K\u0259nd t\u0259s\u0259rr\u00fcfat\u0131 d\u0259rmanlar\u0131ndan uzaqda saxlay\u0131n. A\u00e7\u0131lm\u0131\u015f qabla\u015fd\u0131rman\u0131 q\u0131sa m\u00fcdd\u0259td\u0259 istifad\u0259 edin. H\u0259d\u0259f n\u00f6vd\u0259n ba\u015fqa heyvanlarda istifad\u0259si t\u00f6vsiy\u0259 edilmir. Qaynar \u015f\u0259rb\u0259t\u0259 \u0259lav\u0259 etm\u0259yin<strong>.<\/strong><\/p>","protected":false},"excerpt":{"rendered":"<p><strong>\u201cM\u0130NBEELOVE\u201d Ar\u0131lar \u00fc\u00e7\u00fcn\u00a0 Mineral<\/strong><\/p>\n<p><strong>Bu bir d<\/strong><strong>\u0259rman deyil yem premiksidir. Balda qal\u0131nt\u0131 buraxm\u0131r.<\/strong><\/p>","protected":false},"featured_media":474,"comment_status":"open","ping_status":"closed","template":"","meta":[],"product_brand":[],"product_cat":[62],"product_tag":[25],"class_list":{"0":"post-473","1":"product","2":"type-product","3":"status-publish","4":"has-post-thumbnail","6":"product_cat-ari","7":"product_tag-ari","9":"first","10":"instock","11":"shipping-taxable","12":"product-type-simple"},"_links":{"self":[{"href":"https:\/\/ucalvet.com\/en\/wp-json\/wp\/v2\/product\/473","targetHints":{"allow":["GET"]}}],"collection":[{"href":"https:\/\/ucalvet.com\/en\/wp-json\/wp\/v2\/product"}],"about":[{"href":"https:\/\/ucalvet.com\/en\/wp-json\/wp\/v2\/types\/product"}],"replies":[{"embeddable":true,"href":"https:\/\/ucalvet.com\/en\/wp-json\/wp\/v2\/comments?post=473"}],"wp:featuredmedia":[{"embeddable":true,"href":"https:\/\/ucalvet.com\/en\/wp-json\/wp\/v2\/media\/474"}],"wp:attachment":[{"href":"https:\/\/ucalvet.com\/en\/wp-json\/wp\/v2\/media?parent=473"}],"wp:term":[{"taxonomy":"product_brand","embeddable":true,"href":"https:\/\/ucalvet.com\/en\/wp-json\/wp\/v2\/product_brand?post=473"},{"taxonomy":"product_cat","embeddable":true,"href":"https:\/\/ucalvet.com\/en\/wp-json\/wp\/v2\/product_cat?post=473"},{"taxonomy":"product_tag","embeddable":true,"href":"https:\/\/ucalvet.com\/en\/wp-json\/wp\/v2\/product_tag?post=473"}],"curies":[{"name":"wp","href":"https:\/\/api.w.org\/{rel}","templated":true}]}}