{"id":477,"date":"2025-10-05T13:14:20","date_gmt":"2025-10-05T17:14:20","guid":{"rendered":"https:\/\/ucalvet.com\/?post_type=product&#038;p=477"},"modified":"2025-10-18T08:07:11","modified_gmt":"2025-10-18T12:07:11","slug":"flora-super-protein-arilar-ucun-vitamin-v%c9%99-protein-premiksi","status":"publish","type":"product","link":"https:\/\/ucalvet.com\/en\/product\/flora-super-protein-arilar-ucun-vitamin-v%c9%99-protein-premiksi\/","title":{"rendered":"\u201cFLORA SUPER PROTE\u0130N\u201d Ar\u0131lar \u00fc\u00e7\u00fcn Vitamin v\u0259 Protein premiksi"},"content":{"rendered":"<p><strong>Bu bir d<\/strong><strong>\u0259rman deyil, yem premiksidir. Balda qal\u0131nt\u0131 buraxm\u0131r.<\/strong><\/p>\n<p><strong>T<\/strong><strong>\u018fRK<\/strong><strong>\u0130B<\/strong><strong>\u0130: <\/strong>Vitaminl\u0259r v\u0259 Protein<\/p>\n<p><strong>\u0130ST\u0130FAD<\/strong><strong>\u018f M<\/strong><strong>\u018fQS<\/strong><strong>\u018fD<\/strong><strong>\u0130: <\/strong>Bal ar\u0131lar\u0131 \u00fc\u00e7\u00fcn g\u00fccl\u00fc vitamin v\u0259 amin tur\u015fusu d\u0259st\u0259yidir. Ar\u0131lar daha sa\u011flam v\u0259 daha g\u00fccl\u00fc olur. X\u0259st\u0259likl\u0259r\u0259 qar\u015f\u0131 m\u00fcqavim\u0259ti art\u0131r\u0131r. Bala (cavan ar\u0131) say\u0131n\u0131n artmas\u0131nda t\u0259sirlidir. Sa\u011flam yavru inki\u015faf\u0131 \u00fc\u00e7\u00fcn x\u00fcsusil\u0259 t\u00f6vsiy\u0259 olunur. Ar\u0131lar\u0131n immunitet sistemini g\u00fccl\u0259ndirir. Ar\u0131 t\u0259l\u0259fat\u0131n\u0131n azalmas\u0131nda t\u0259sirlidir. Daha m\u0259hsuldar bal \u0259ld\u0259 olunur. Ar\u0131 s\u00fcd\u00fc istehsal\u0131n\u0131 art\u0131r\u0131r.<\/p>\n<p><strong>\u0130ST\u0130FAD<\/strong><strong>\u018f QAYDASI:<\/strong>1 kq ar\u0131 keksin\u0259 v\u0259 ya 1 litr \u015f\u0259rb\u0259t\u0259 5 ml PREM\u0130KS \u0259lav\u0259 olunur. (50 litr \u015f\u0259rb\u0259t\u0259 250 ml-lik \u015f\u00fc\u015f\u0259 \u0259lav\u0259 edilir.)<\/p>\n<p><strong>SAXLANMA \u015e<\/strong><strong>\u018fRTL<\/strong><strong>\u018fR<\/strong><strong>\u0130:<\/strong> S\u0259rin, quru v\u0259 i\u015f\u0131qs\u0131z \u015f\u0259raitd\u0259 saxlay\u0131n.<\/p>\n<p><strong>YARARLIQ M\u00dcDD<\/strong><strong>\u018fT<\/strong><strong>\u0130: <\/strong>3 il<\/p>\n<p><strong>M<\/strong><strong>\u018fHSULUN T<\/strong><strong>\u018fHL<\/strong><strong>\u00dcK<\/strong><strong>\u018fS<\/strong><strong>\u0130ZL<\/strong><strong>\u0130K M<\/strong><strong>\u018fLUMATLARI: <\/strong>Ar\u0131larda h\u0259r hans\u0131 m\u0259lum yan t\u0259siri yoxdur. K\u0259nd t\u0259s\u0259rr\u00fcfat\u0131 d\u0259rmanlar\u0131ndan uzaqda saxlay\u0131n. A\u00e7\u0131lm\u0131\u015f qabla\u015fd\u0131rmalar\u0131 q\u0131sa m\u00fcdd\u0259t \u0259rzind\u0259 istifad\u0259 edin. H\u0259d\u0259f n\u00f6vd\u0259n ba\u015fqa heyvanlarda istifad\u0259si t\u00f6vsiy\u0259 olunmur. Qaynar \u015f\u0259rb\u0259t\u0259 \u0259lav\u0259 etm\u0259yin.<\/p>","protected":false},"excerpt":{"rendered":"<p>\u201cFLORA SUPER PROTE\u0130N\u201d Ar\u0131lar \u00fc\u00e7\u00fcn Vitamin v\u0259 Protein premiksi.<\/p>\n<p><strong>Bu bir d<\/strong><strong>\u0259rman deyil, yem premiksidir.Balda qal\u0131nt\u0131 buraxm\u0131r.<\/strong><\/p>","protected":false},"featured_media":478,"comment_status":"open","ping_status":"closed","template":"","meta":[],"product_brand":[],"product_cat":[62],"product_tag":[25],"class_list":{"0":"post-477","1":"product","2":"type-product","3":"status-publish","4":"has-post-thumbnail","6":"product_cat-ari","7":"product_tag-ari","9":"first","10":"instock","11":"shipping-taxable","12":"product-type-simple"},"_links":{"self":[{"href":"https:\/\/ucalvet.com\/en\/wp-json\/wp\/v2\/product\/477","targetHints":{"allow":["GET"]}}],"collection":[{"href":"https:\/\/ucalvet.com\/en\/wp-json\/wp\/v2\/product"}],"about":[{"href":"https:\/\/ucalvet.com\/en\/wp-json\/wp\/v2\/types\/product"}],"replies":[{"embeddable":true,"href":"https:\/\/ucalvet.com\/en\/wp-json\/wp\/v2\/comments?post=477"}],"wp:featuredmedia":[{"embeddable":true,"href":"https:\/\/ucalvet.com\/en\/wp-json\/wp\/v2\/media\/478"}],"wp:attachment":[{"href":"https:\/\/ucalvet.com\/en\/wp-json\/wp\/v2\/media?parent=477"}],"wp:term":[{"taxonomy":"product_brand","embeddable":true,"href":"https:\/\/ucalvet.com\/en\/wp-json\/wp\/v2\/product_brand?post=477"},{"taxonomy":"product_cat","embeddable":true,"href":"https:\/\/ucalvet.com\/en\/wp-json\/wp\/v2\/product_cat?post=477"},{"taxonomy":"product_tag","embeddable":true,"href":"https:\/\/ucalvet.com\/en\/wp-json\/wp\/v2\/product_tag?post=477"}],"curies":[{"name":"wp","href":"https:\/\/api.w.org\/{rel}","templated":true}]}}