{"id":479,"date":"2025-10-05T13:15:55","date_gmt":"2025-10-05T17:15:55","guid":{"rendered":"https:\/\/ucalvet.com\/?post_type=product&#038;p=479"},"modified":"2025-10-18T08:06:50","modified_gmt":"2025-10-18T12:06:50","slug":"varro-red-arilar-ucun-maye-premiks","status":"publish","type":"product","link":"https:\/\/ucalvet.com\/en\/product\/varro-red-arilar-ucun-maye-premiks\/","title":{"rendered":"\u201cVARRO RED\u201d Ar\u0131lar \u00fc\u00e7\u00fcn maye premiks"},"content":{"rendered":"<p><strong>Bu bir d<\/strong><strong>\u0259rman deyil, yem premiksidir. Balda qal\u0131nt\u0131 buraxm\u0131r.<\/strong><\/p>\n<p><strong>T<\/strong><strong>\u018fRK<\/strong><strong>\u0130B<\/strong><strong>\u0130: <\/strong>Vitaminl\u0259r v\u0259 Minerallar<\/p>\n<p><strong>\u0130ST\u0130FAD<\/strong><strong>\u018f M<\/strong><strong>\u018fQS<\/strong><strong>\u018fD<\/strong><strong>\u0130:<\/strong> Bal ar\u0131lar\u0131nda aromatik t\u0259rkibli immunitet g\u00fccl\u0259ndirici PREM\u0130KSdir. Xarici parazitl\u0259r\u0259 qar\u015f\u0131 ar\u0131lar\u0131n m\u00fcdafi\u0259sini g\u00fccl\u0259ndirir. Ar\u0131lar daha sa\u011flam v\u0259 g\u00fccl\u00fc olur. X\u0259st\u0259likl\u0259r\u0259 qar\u015f\u0131 m\u00fcqavim\u0259ti art\u0131r\u0131r. Qanads\u0131z ar\u0131lar\u0131n \u00e7\u0131xmas\u0131n\u0131 minimuma endirir. Sa\u011flam yavru inki\u015faf\u0131 \u00fc\u00e7\u00fcn t\u00f6vsiy\u0259 olunur. Ar\u0131lar\u0131n immun sistemini g\u00fccl\u0259ndirir. Ar\u0131 t\u0259l\u0259fat\u0131n\u0131n azalmas\u0131nda t\u0259sirlidir. 1 h\u0259ft\u0259 m\u00fcdd\u0259tind\u0259 t\u0259sirli olur.<\/p>\n<p><strong>\u0130ST\u0130FAD<\/strong><strong>\u018f QAYDASI: <\/strong>H\u0259r \u00e7\u0259r\u00e7iv\u0259y\u0259 2 ml olmaqla, \u00e7\u0259r\u00e7iv\u0259 aralar\u0131na v\u0259 ar\u0131lar\u0131n \u00fcz\u0259rin\u0259 t\u0259mas ed\u0259c\u0259k \u015f\u0259kild\u0259 p\u00fcsk\u00fcrd\u00fcl\u0259r\u0259k istifad\u0259 olunur. 250 ml-lik \u015f\u00fc\u015f\u0259 125 \u00e7\u0259r\u00e7iv\u0259 \u00fc\u00e7\u00fcn, 1 litr-lik \u015f\u00fc\u015f\u0259 500 \u00e7\u0259r\u00e7iv\u0259 \u00fc\u00e7\u00fcn kifay\u0259tdir. 5\u20137 g\u00fcnd\u0259n bir olmaqla 3 d\u0259f\u0259 t\u0259tbiq olunmas\u0131 t\u00f6vsiy\u0259 olunur. T\u0259tbiq g\u00fcnorta sonras\u0131 v\u0259 ya ax\u015fam saatlar\u0131nda apar\u0131lmal\u0131d\u0131r. \u018fn yax\u015f\u0131 n\u0259tic\u0259 \u00fc\u00e7\u00fcn plastik altl\u0131ql\u0131 kovanlardan istifad\u0259 olunmas\u0131 m\u0259sl\u0259h\u0259t g\u00f6r\u00fcl\u00fcr. T\u0259tbiq aparat\u0131 \u00f6z 250 ml-lik \u015f\u00fc\u015f\u0259sidir. 1 litrlik \u015f\u00fc\u015f\u0259 is\u0259 ehtiyat ehtiyat deposudur. T\u0259tbiq aparat\u0131 il\u0259 dozajl\u0131 v\u0259 rahat istifad\u0259 imkan\u0131 t\u0259qdim edir!<\/p>\n<p><strong>SAXLANMA \u015e<\/strong><strong>\u018fRTL<\/strong><strong>\u018fR<\/strong><strong>\u0130: <\/strong>S\u0259rin, quru v\u0259 i\u015f\u0131qs\u0131z \u015f\u0259raitd\u0259 saxlay\u0131n.<\/p>\n<p><strong>M<\/strong><strong>\u018fHSULUN T<\/strong><strong>\u018fHL<\/strong><strong>\u00dcK<\/strong><strong>\u018fS<\/strong><strong>\u0130ZL<\/strong><strong>\u0130K M<\/strong><strong>\u018fLUMATLARI: <\/strong>Ar\u0131larda m\u0259lum he\u00e7 bir yan t\u0259siri yoxdur. K\u0259nd t\u0259s\u0259rr\u00fcfat\u0131 d\u0259rmanlar\u0131ndan uzaqda saxlay\u0131n. A\u00e7\u0131lm\u0131\u015f qabla\u015fd\u0131rmalar\u0131 q\u0131sa m\u00fcdd\u0259t \u0259rzind\u0259 istifad\u0259 edin. H\u0259d\u0259f n\u00f6vd\u0259n ba\u015fqa heyvanlarda istifad\u0259si t\u00f6vsiy\u0259 olunmur. Qaynar \u015f\u0259rb\u0259t\u0259 \u0259lav\u0259 etm\u0259yin.<\/p>","protected":false},"excerpt":{"rendered":"<p>\u201cVARRO RED\u201d Ar\u0131lar \u00fc\u00e7\u00fcn maye premiks.<\/p>\n<p><strong>Bu bir d<\/strong><strong>\u0259rman deyil, yem premiksidir. Balda qal\u0131nt\u0131 buraxm\u0131r.<\/strong><\/p>","protected":false},"featured_media":480,"comment_status":"open","ping_status":"closed","template":"","meta":[],"product_brand":[],"product_cat":[62],"product_tag":[25],"class_list":{"0":"post-479","1":"product","2":"type-product","3":"status-publish","4":"has-post-thumbnail","6":"product_cat-ari","7":"product_tag-ari","9":"first","10":"instock","11":"shipping-taxable","12":"product-type-simple"},"_links":{"self":[{"href":"https:\/\/ucalvet.com\/en\/wp-json\/wp\/v2\/product\/479","targetHints":{"allow":["GET"]}}],"collection":[{"href":"https:\/\/ucalvet.com\/en\/wp-json\/wp\/v2\/product"}],"about":[{"href":"https:\/\/ucalvet.com\/en\/wp-json\/wp\/v2\/types\/product"}],"replies":[{"embeddable":true,"href":"https:\/\/ucalvet.com\/en\/wp-json\/wp\/v2\/comments?post=479"}],"wp:featuredmedia":[{"embeddable":true,"href":"https:\/\/ucalvet.com\/en\/wp-json\/wp\/v2\/media\/480"}],"wp:attachment":[{"href":"https:\/\/ucalvet.com\/en\/wp-json\/wp\/v2\/media?parent=479"}],"wp:term":[{"taxonomy":"product_brand","embeddable":true,"href":"https:\/\/ucalvet.com\/en\/wp-json\/wp\/v2\/product_brand?post=479"},{"taxonomy":"product_cat","embeddable":true,"href":"https:\/\/ucalvet.com\/en\/wp-json\/wp\/v2\/product_cat?post=479"},{"taxonomy":"product_tag","embeddable":true,"href":"https:\/\/ucalvet.com\/en\/wp-json\/wp\/v2\/product_tag?post=479"}],"curies":[{"name":"wp","href":"https:\/\/api.w.org\/{rel}","templated":true}]}}