{"id":960,"date":"2025-11-06T12:44:48","date_gmt":"2025-11-06T16:44:48","guid":{"rendered":"https:\/\/ucalvet.com\/?post_type=product&#038;p=960"},"modified":"2025-11-06T12:44:48","modified_gmt":"2025-11-06T16:44:48","slug":"bustral","status":"publish","type":"product","link":"https:\/\/ucalvet.com\/en\/product\/bustral\/","title":{"rendered":"BUSTRAL"},"content":{"rendered":"<p><strong>Preparat\u0131n ticar<\/strong><strong>\u0259<\/strong><strong>t ad\u0131<\/strong>: BUSTRAL<\/p>\n<p><strong>\u0130stifad\u0259 sah\u0259si<\/strong>: Heyvanlarda cinsi h\u0259v\u0259s v\u0259 estrusu stimulla\u015fdirilmasi m\u0259qs\u0259di il\u0259. \u0130n\u0259kl\u0259rd\u0259 do\u011fu\u015fun v\u0259 ovulyasiyan\u0131n induksiyas\u0131, follikulyar d\u00fcy\u00fcnl\u0259rin terapiyas\u0131, anovulyasiyan\u0131n m\u00fcalic\u0259si, ovulyasiyan\u0131n l\u0259ngim\u0259si zaman\u0131, sunii mayalanma zaman\u0131 v\u0259 sonrak\u0131 d\u00f6vrd\u0259 mayalanman\u0131n ba\u015f tutmas\u0131 ehtimal\u0131n\u0131 art\u0131rmaq m\u0259qs\u0259dil\u0259, ax\u0131nt\u0131ya nail olmaq v\u0259 onun sinxronizasiyas\u0131. Madyanlarda v\u0259 ana donuzlarda ovulyasiyan\u0131n induksiyas\u0131 v\u0259 onun sinxronizasiyas\u0131, mayalanmaya nail olmaq<\/p>\n<p><strong>D\u0259rman formas\u0131 v\u0259 qabla\u015fd\u0131rma: \u00a0<\/strong>Xarici g\u00f6r\u00fcn\u00fc\u015fc\u0259 r\u0259ngsiz, \u015f\u0259ffaf, inyeksiya \u00fc\u00e7\u00fcn steril Inyeksiya \u00fc\u00e7\u00fcn m\u0259hluldur.<br \/>\n<strong>Preparat\u0131n t\u0259rkibi<\/strong>, f\u0259al madd\u0259: BUSERELIN ASET\u0410\u0422 &#8211; 0.0040 mq, BENZIL SPIRTI &#8211; 20 mq<br \/>\n<strong>\u0130stifad\u0259 v\u0259 dozala\u015fd\u0131rma qaydalar\u0131<\/strong>: \u00a0-Yumurtal\u0131qlar\u0131n follikulyar kistalar\u0131n m\u00fcalic\u0259sind\u0259: \u0130n\u0259kl\u0259r\u0259 5 ml preparat hesab\u0131 il\u0259 dozala\u015fd\u0131r\u0131laraq inyeksiya edilir. \u0130lk ax\u0131nt\u0131 zaman\u0131 inseminasiya apar\u0131l\u0131r. Ax\u0131nt\u0131 ba\u015f verm\u0259dikd\u0259 1-ci inyeksiyadan 10-14 g\u00fcn sonra preparat t\u0259krar inyeksiya edilir. 20 g\u00fcn sonra 2,5 ml preparat inyeksiya edilir, sonra inseminasiya apar\u0131l\u0131r. -Anestrusun m\u00fcalic\u0259si m\u0259qs\u0259di il\u0259: 5 ml dozada preparat inyeksiya edilir. 11 g\u00fcn fasil\u0259 il\u0259 iki rektal m\u00fcayin\u0259 apar\u0131lmaqla h\u0259qiqi anestrusun olmas\u0131 m\u00fc\u0259yy\u0259nl\u0259\u015fdirilir. Eyni zamanda, h\u0259min m\u00fc\u00fcd\u0259tl\u0259r zaman\u0131 s\u00fcdd\u0259 proqesteronun miqdar\u0131 hesablan\u0131r. M\u00fcalic\u0259d\u0259n 8- 22 g\u00fcn sonra ax\u0131nt\u0131 \u0259lam\u0259tl\u0259ri g\u00f6r\u00fclm\u0259lidir. H\u0259min \u0259lam\u0259tl\u0259rinin g\u00f6r\u00fcnm\u0259diyi hal\u0131nda, t\u0259krar rektal m\u00fcayin\u0259 apar\u0131lmaqla yumurtal\u0131qlarda sar\u0131 cisimcik m\u00fc\u0259yy\u0259n edilm\u0259dikd\u0259 m\u00fcalic\u0259 t\u0259krar apar\u0131l\u0131r. Sar\u0131 cisimcik m\u00fc\u0259yy\u0259n olundu\u011fu halda prostaqlandin F2 v\u0259 ya onun analoqunu inyeksiya edirl\u0259r, 2-3 g\u00fcn sonra ax\u0131nt\u0131 \u0259lam\u0259tl\u0259ri g\u00f6r\u00fclm\u0259lidir. &#8211; Ovulyasiyan\u0131n l\u0259ngim\u0259sind\u0259: 2,5 ml dozada preparat inyeksiya edilir. Ovulyasiyan\u0131n l\u0259ngim\u0259sini s\u00fcni mayalanma zaman\u0131 v\u0259 ya 6-8 saat ondan \u00f6nc\u0259 m\u00fcalic\u0259 etm\u0259k olur. M\u00fcalic\u0259d\u0259n 24 saat sonra ovulyasiya ba\u015f verir. &#8211; Anovulyasiyan\u0131n m\u00fcalic\u0259si m\u0259qs\u0259di il\u0259: 2,5 ml dozada &#8220;Bustral&#8221; inyeksiya edilir. &#8211; Mayalanman\u0131n ba\u015f tutmas\u0131 ehtimal\u0131n\u0131 art\u0131rmaq m\u0259qs\u0259dil\u0259: 2,5 ml dozada &#8220;Bustral&#8221; inyeksiya edilir, 8 saat sonra s\u00fcni mayalanma apar\u0131l\u0131r. S\u00fcni mayalanmadan 11 v\u0259 ya 12 g\u00fcn sonra t\u0259krar preparat inyeksiya edilir. -\u0130n\u0259kl\u0259rd\u0259 laktasiya d\u00f6vr\u00fc estrusun sinxronizasiyas\u0131 m\u0259qs\u0259dil\u0259: \u0130n\u0259kl\u0259rd\u0259 2,5ml preparat fasil\u0259 il\u0259 inyeksiya edilir. Ilk d\u0259f\u0259 do\u011fu\u015fdan 40-60 g\u00fcn sonra, 2,5ml &#8220;Bustral&#8221; inyeksiya olunur. 7- g\u00fcn l\u00fcteolitik dozada PGF-2 alfa preparat\u0131n analoqu vurulur. 9-cu g\u00fcn 2,5ml &#8220;Bustral&#8221; inyeksiya olunur. \u0130kinci inyeksiyadan sonra 10-cu g\u00fcn mayalanma (ax\u0131nt\u0131 \u0259lam\u0259tl\u0259rind\u0259n as\u0131l\u0131 olmayaraq) apar\u0131l\u0131r, (20-24 saat sonra) t\u0259krar &#8220;Bustral&#8221; inyeksiya olunur. Heyvanlar cinsi m\u00fcayin\u0259d\u0259n ke\u00e7irilm\u0259lidir. D\u00fcy\u0259l\u0259rin fiziki v\u0259 cinsi yetginliyi n\u0259z\u0259r\u0259 al\u0131nmal\u0131d\u0131r. -Bo\u011fazl\u0131\u011f\u0131n dayand\u0131r\u0131lmas\u0131 m\u0259qs\u0259di il\u0259: \u0130n\u0259kl\u0259rd\u0259 2,5ml preparat inyeksiya edilir. -Madyanlarda 10ml preparat bir d\u0259f\u0259d\u0259 vurulur. Cinsi tsikli olan madyanlarda ax\u0131nt\u0131n\u0131n 5-ci g\u00fcn\u00fc il\u0259 13-c\u00fc g\u00fcn\u00fc aras\u0131nda vurulur. C\u00fctl\u0259\u015fm\u0259 \u00fc\u00e7\u00fcn m\u00fcnasib vaxt inyeksiyadan sonrak\u0131 4-6-\u04411 g\u00fcnl\u0259rdir. \u0130n\u0259k v\u0259 madyanlara preparat \u0259z\u0259l\u0259daxili inyeksiya edilir.<\/p>","protected":false},"excerpt":{"rendered":"<p>Preparat\u0131n ticar\u0259t ad\u0131: BUSTRAL \u0130stifad\u0259 sah\u0259si: Heyvanlarda cinsi h\u0259v\u0259s v\u0259 estrusu stimulla\u015fdirilmasi m\u0259qs\u0259di il\u0259. \u0130n\u0259kl\u0259rd\u0259 do\u011fu\u015fun v\u0259 ovulyasiyan\u0131n induksiyas\u0131, follikulyar d\u00fcy\u00fcnl\u0259rin terapiyas\u0131, anovulyasiyan\u0131n m\u00fcalic\u0259si, ovulyasiyan\u0131n l\u0259ngim\u0259si zaman\u0131, sunii mayalanma zaman\u0131 v\u0259 sonrak\u0131 d\u00f6vrd\u0259 mayalanman\u0131n ba\u015f tutmas\u0131 ehtimal\u0131n\u0131 art\u0131rmaq m\u0259qs\u0259dil\u0259, ax\u0131nt\u0131ya nail olmaq v\u0259 onun sinxronizasiyas\u0131. Madyanlarda v\u0259 ana donuzlarda ovulyasiyan\u0131n induksiyas\u0131 v\u0259 onun sinxronizasiyas\u0131, mayalanmaya [&hellip;]<\/p>","protected":false},"featured_media":961,"comment_status":"open","ping_status":"closed","template":"","meta":[],"product_brand":[],"product_cat":[68],"product_tag":[],"class_list":{"0":"post-960","1":"product","2":"type-product","3":"status-publish","4":"has-post-thumbnail","6":"product_cat-hormonlar","8":"first","9":"instock","10":"shipping-taxable","11":"product-type-simple"},"_links":{"self":[{"href":"https:\/\/ucalvet.com\/en\/wp-json\/wp\/v2\/product\/960","targetHints":{"allow":["GET"]}}],"collection":[{"href":"https:\/\/ucalvet.com\/en\/wp-json\/wp\/v2\/product"}],"about":[{"href":"https:\/\/ucalvet.com\/en\/wp-json\/wp\/v2\/types\/product"}],"replies":[{"embeddable":true,"href":"https:\/\/ucalvet.com\/en\/wp-json\/wp\/v2\/comments?post=960"}],"wp:featuredmedia":[{"embeddable":true,"href":"https:\/\/ucalvet.com\/en\/wp-json\/wp\/v2\/media\/961"}],"wp:attachment":[{"href":"https:\/\/ucalvet.com\/en\/wp-json\/wp\/v2\/media?parent=960"}],"wp:term":[{"taxonomy":"product_brand","embeddable":true,"href":"https:\/\/ucalvet.com\/en\/wp-json\/wp\/v2\/product_brand?post=960"},{"taxonomy":"product_cat","embeddable":true,"href":"https:\/\/ucalvet.com\/en\/wp-json\/wp\/v2\/product_cat?post=960"},{"taxonomy":"product_tag","embeddable":true,"href":"https:\/\/ucalvet.com\/en\/wp-json\/wp\/v2\/product_tag?post=960"}],"curies":[{"name":"wp","href":"https:\/\/api.w.org\/{rel}","templated":true}]}}