{"id":962,"date":"2025-11-06T12:53:09","date_gmt":"2025-11-06T16:53:09","guid":{"rendered":"https:\/\/ucalvet.com\/?post_type=product&#038;p=962"},"modified":"2025-11-06T12:53:09","modified_gmt":"2025-11-06T16:53:09","slug":"vital-c","status":"publish","type":"product","link":"https:\/\/ucalvet.com\/en\/product\/vital-c\/","title":{"rendered":"Vital C"},"content":{"rendered":"<p><strong>Preparat\u0131n ticar<\/strong><strong>\u0259<\/strong><strong>t ad\u0131<\/strong>: Vital C<\/p>\n<p><strong>\u0130stifad\u0259 sah\u0259si<\/strong>: Preparat ev heyvanlarda askorbin tur\u015fusu (vitamin C) \u00e7at\u0131\u015fmazl\u0131\u011f\u0131 x\u0259st\u0259likl\u0259rinin m\u00fcalic\u0259sind\u0259 v\u0259 bu x\u0259st\u0259likl\u0259r\u0259 qar\u015f\u0131 qoruyucu vasit\u0259 kimi istifad\u0259 edilir. H\u0259r c\u00fcr stress amill\u0259ri t\u0259r\u0259find\u0259n \u0259m\u0259l\u0259 g\u0259l\u0259n hallar, m\u00fcxt\u0259lif infeksion x\u0259st\u0259likl\u0259rd\u0259 v\u0259 sa\u011falma d\u00f6vrl\u0259rind\u0259 m\u00fcalic\u0259 zaman\u0131 d\u0259st\u0259kl\u0259yici olaraq; hipokalsemiya, inki\u015fafdan geri qalma, qidalanma v\u0259 adaptasiya probleml\u0259rind\u0259, el\u0259c\u0259 d\u0259, mikotoksikozlar v\u0259 z\u0259h\u0259rl\u0259nm\u0259 hallar\u0131nda simptomatik m\u00fcalic\u0259 olaraq istifad\u0259 edilir.<br \/>\n<strong>D\u0259rman formas\u0131 v\u0259 qabla\u015fd\u0131rma: <\/strong>Preparat xarici g\u00f6r\u00fcn\u00fc\u015fc\u0259 r\u0259ngsiz v\u0259 ya a\u00e7\u0131q sar\u0131 r\u0259ngli, \u015f\u0259ffaf, inyeksiya \u00fc\u00e7\u00fcn steril inyeksiya \u00fc\u00e7\u00fcn m\u0259hluldur.<br \/>\n<strong>Preparat\u0131n t\u0259rkibi<\/strong>, f\u0259al madd\u0259: Askorbin tur\u015fusu &#8211; 200 mq.<br \/>\n<strong>\u0130stifad\u0259 v\u0259 dozala\u015fd\u0131rma qaydalar\u0131<\/strong>:<\/p>\n<table>\n<tbody>\n<tr>\n<td width=\"125\">Heyvan n\u00f6v\u00fc<\/td>\n<td width=\"125\">Farmakoloji doza<\/td>\n<td width=\"125\">Praktiki dozala\u015fd\u0131rma<\/td>\n<td width=\"125\">\u0130stifad\u0259 qaydas\u0131<\/td>\n<td width=\"125\">Qeyd<\/td>\n<\/tr>\n<tr>\n<td width=\"125\">\u0130ri buynuzlu heyvanlar<\/td>\n<td width=\"125\">4-6mg\/kg<\/td>\n<td width=\"125\">7-12ml\/g\u00fcn<\/td>\n<td width=\"125\">venadaxili,\u0259z\u0259l\u0259daxili, d\u0259rialt\u0131<\/td>\n<td width=\"125\">H\u0259ft\u0259d\u0259 2 d\u0259f\u0259, 3-6 h\u0259ft\u0259<\/td>\n<\/tr>\n<tr>\n<td width=\"125\">Qoyun<\/td>\n<td width=\"125\">4-6mg\/kg<\/td>\n<td width=\"125\">2-4 ml\/g\u00fcn<\/td>\n<td width=\"125\">\u0259z\u0259l\u0259daxili, d\u0259rialt\u0131<\/td>\n<td width=\"125\">H\u0259ft\u0259d\u0259 2 d\u0259f\u0259, 3 h\u0259ft\u0259<\/td>\n<\/tr>\n<tr>\n<td width=\"125\">Ke\u00e7i<\/td>\n<td width=\"125\">4-6mg\/kg<\/td>\n<td width=\"125\">2-4 ml\/g\u00fcn<\/td>\n<td width=\"125\">\u0259z\u0259l\u0259daxili, d\u0259rialt\u0131<\/td>\n<td width=\"125\">H\u0259ft\u0259d\u0259 2 d\u0259f\u0259, 3 h\u0259ft\u0259<\/td>\n<\/tr>\n<\/tbody>\n<\/table>\n<p>&nbsp;<\/p>","protected":false},"excerpt":{"rendered":"<p>Preparat\u0131n ticar\u0259t ad\u0131: Vital C \u0130stifad\u0259 sah\u0259si: Preparat ev heyvanlarda askorbin tur\u015fusu (vitamin C) \u00e7at\u0131\u015fmazl\u0131\u011f\u0131 x\u0259st\u0259likl\u0259rinin m\u00fcalic\u0259sind\u0259 v\u0259 bu x\u0259st\u0259likl\u0259r\u0259 qar\u015f\u0131 qoruyucu vasit\u0259 kimi istifad\u0259 edilir. H\u0259r c\u00fcr stress amill\u0259ri t\u0259r\u0259find\u0259n \u0259m\u0259l\u0259 g\u0259l\u0259n hallar, m\u00fcxt\u0259lif infeksion x\u0259st\u0259likl\u0259rd\u0259 v\u0259 sa\u011falma d\u00f6vrl\u0259rind\u0259 m\u00fcalic\u0259 zaman\u0131 d\u0259st\u0259kl\u0259yici olaraq; hipokalsemiya, inki\u015fafdan geri qalma, qidalanma v\u0259 adaptasiya probleml\u0259rind\u0259, el\u0259c\u0259 d\u0259, mikotoksikozlar [&hellip;]<\/p>","protected":false},"featured_media":963,"comment_status":"open","ping_status":"closed","template":"","meta":[],"product_brand":[],"product_cat":[64,37,66,63,45],"product_tag":[],"class_list":{"0":"post-962","1":"product","2":"type-product","3":"status-publish","4":"has-post-thumbnail","6":"product_cat-at","7":"product_cat-dermanlar","8":"product_cat-ev-heyvani","9":"product_cat-ruminant","10":"product_cat-vitamin-ve-minerallar","12":"first","13":"instock","14":"shipping-taxable","15":"product-type-simple"},"_links":{"self":[{"href":"https:\/\/ucalvet.com\/en\/wp-json\/wp\/v2\/product\/962","targetHints":{"allow":["GET"]}}],"collection":[{"href":"https:\/\/ucalvet.com\/en\/wp-json\/wp\/v2\/product"}],"about":[{"href":"https:\/\/ucalvet.com\/en\/wp-json\/wp\/v2\/types\/product"}],"replies":[{"embeddable":true,"href":"https:\/\/ucalvet.com\/en\/wp-json\/wp\/v2\/comments?post=962"}],"wp:featuredmedia":[{"embeddable":true,"href":"https:\/\/ucalvet.com\/en\/wp-json\/wp\/v2\/media\/963"}],"wp:attachment":[{"href":"https:\/\/ucalvet.com\/en\/wp-json\/wp\/v2\/media?parent=962"}],"wp:term":[{"taxonomy":"product_brand","embeddable":true,"href":"https:\/\/ucalvet.com\/en\/wp-json\/wp\/v2\/product_brand?post=962"},{"taxonomy":"product_cat","embeddable":true,"href":"https:\/\/ucalvet.com\/en\/wp-json\/wp\/v2\/product_cat?post=962"},{"taxonomy":"product_tag","embeddable":true,"href":"https:\/\/ucalvet.com\/en\/wp-json\/wp\/v2\/product_tag?post=962"}],"curies":[{"name":"wp","href":"https:\/\/api.w.org\/{rel}","templated":true}]}}