{"id":964,"date":"2025-11-06T13:00:09","date_gmt":"2025-11-06T17:00:09","guid":{"rendered":"https:\/\/ucalvet.com\/?post_type=product&#038;p=964"},"modified":"2025-11-06T13:00:09","modified_gmt":"2025-11-06T17:00:09","slug":"sooter-total","status":"publish","type":"product","link":"https:\/\/ucalvet.com\/en\/product\/sooter-total\/","title":{"rendered":"\u015eooter  Total"},"content":{"rendered":"<p><strong>Preparat\u0131n ticar<\/strong><strong>\u0259<\/strong><strong>t ad\u0131<\/strong>: \u00a0\u015eooter\u00a0 Total<\/p>\n<p><strong>\u0130stifad\u0259 sah\u0259si<\/strong>: Preparat\u0131n t\u0259rkibind\u0259 olan birinci f\u0259al madd\u0259 \u0130midakloprid insektisid t\u0259sirli, xlornikotinil birl\u0259\u015fm\u0259l\u0259rin\u0259 aid ektoparazitosid madd\u0259dir. O, parazit orqanizmind\u0259 sinir impulslar\u0131n\u0131n \u00f6t\u00fcr\u00fclm\u0259sini pozaraq onun iflic v\u0259 n\u0259tic\u0259d\u0259 m\u0259hv olmas\u0131na s\u0259b\u0259b olur. O, bit, bir\u0259, t\u00fckyey\u0259nl\u0259rin imaginal v\u0259 preimaginal inki\u015faf m\u0259rh\u0259l\u0259l\u0259rind\u0259 d\u0259 f\u0259al olmaqla o h\u0259m d\u0259 heyvanlar\u0131 a\u011fcaqanad, h\u00fcn\u00fc, m\u0131\u011fm\u0131\u011fa v\u0259 \u00e7ibinl\u0259rin h\u00fccumundan m\u00fchafiz\u0259 edir. \u0130kinci f\u0259al madd\u0259 Moksidektin makrotsiklik laktonlar\u0131n melbesinl\u0259r qrupunun ikinci n\u0259slin\u0259 aid parazitisid m\u0259dd\u0259dir. O geni\u015f spektrli endo ve ektoparazitisid t\u0259sir\u0259 malikdir. Onun t\u0259sir mexanizmi ondan ibar\u0259tdir ki, o parazitl\u0259rin m\u0259rk\u0259zi sinir sistemind\u0259 qamma-amin-ya\u011f tur\u015fusu (QAYT) v\u0259 ql\u00fctar<br \/>\n<strong>D\u0259rman formas\u0131 v\u0259 qabla\u015fd\u0131rma: <\/strong>Xarici g\u00f6r\u00fcn\u00fc\u015fc\u0259 sol\u011fun sar\u0131 r\u0259ngd\u0259n sar\u0131 r\u0259ng\u0259 q\u0259d\u0259r \u00e7alarl\u0131, \u015f\u0259ffaf\u00a0 damc\u0131 \u00fc\u00e7\u00fcn m\u0259hluldur.<br \/>\n<strong>Preparat\u0131n t\u0259rkibi<\/strong>, f\u0259al madd\u0259: Moksidektin- 1 q, \u0130midakloprid- 10 q v\u0259 k\u00f6m\u0259k\u00e7i madd\u0259l\u0259r.<br \/>\n<strong>\u0130stifad\u0259 v\u0259 dozala\u015fd\u0131rma qaydalar\u0131<\/strong>: Preparat \u0259z\u0259l\u0259daxili yeridilm\u0259kl\u0259 t\u0259tbiq edilir. Preparat heyvanlar\u0131n h\u0259r kq diri k\u00fctl\u0259sin\u0259 3,0 mq diminazin aseturat hesab\u0131 il\u0259 dozala\u015fd\u0131r\u0131l\u0131r. Davaml\u0131 olan parazitl\u0259r\u0259 qar\u015f\u0131 doza h\u0259r kq diri k\u00fctl\u0259y\u0259 8 mq-a q\u0259d\u0259r art\u0131r\u0131la bil\u0259r. Praktiki olaraq heyvanlar\u0131n h\u0259r 100 kq diri k\u00fctl\u0259sin\u0259 6,0 ml preparat hesab\u0131 il\u0259 dozala\u015fd\u0131r\u0131laraq inyeksiya edilir. B\u00f6y\u00fck heyvanlarda preparat\u0131n bird\u0259f\u0259lik dozas\u0131 20 ml art\u0131q olduqda, t\u0259yin edilmi\u015f doza b\u0259rab\u0259r hiss\u0259l\u0259r\u0259 b\u00f6l\u00fcnm\u0259kl\u0259 ayr\u0131- ayr\u0131 nahiyy\u0259l\u0259r\u0259 inyeksiya edilir.<\/p>\n<p><strong>G\u00f6zl\u0259m\u0259 vaxt\u0131: <\/strong>Heyvanlar \u0259tlik m\u0259qs\u0259dl\u0259 preparat verildiyi ax\u0131r\u0131nc\u0131 g\u00fcnd\u0259n 28 sutka sonra k\u0259sil\u0259 bil\u0259rl\u0259r. S\u00fcd \u00fc\u00e7\u00fcn g\u00f6zl\u0259m\u0259 vaxt\u0131 7 g\u00fcnd\u00fcr.<\/p>","protected":false},"excerpt":{"rendered":"<p>Preparat\u0131n ticar\u0259t ad\u0131: \u00a0\u015eooter\u00a0 Total \u0130stifad\u0259 sah\u0259si: Preparat\u0131n t\u0259rkibind\u0259 olan birinci f\u0259al madd\u0259 \u0130midakloprid insektisid t\u0259sirli, xlornikotinil birl\u0259\u015fm\u0259l\u0259rin\u0259 aid ektoparazitosid madd\u0259dir. O, parazit orqanizmind\u0259 sinir impulslar\u0131n\u0131n \u00f6t\u00fcr\u00fclm\u0259sini pozaraq onun iflic v\u0259 n\u0259tic\u0259d\u0259 m\u0259hv olmas\u0131na s\u0259b\u0259b olur. O, bit, bir\u0259, t\u00fckyey\u0259nl\u0259rin imaginal v\u0259 preimaginal inki\u015faf m\u0259rh\u0259l\u0259l\u0259rind\u0259 d\u0259 f\u0259al olmaqla o h\u0259m d\u0259 heyvanlar\u0131 a\u011fcaqanad, h\u00fcn\u00fc, m\u0131\u011fm\u0131\u011fa [&hellip;]<\/p>","protected":false},"featured_media":965,"comment_status":"open","ping_status":"closed","template":"","meta":[],"product_brand":[],"product_cat":[43,37,66],"product_tag":[],"class_list":{"0":"post-964","1":"product","2":"type-product","3":"status-publish","4":"has-post-thumbnail","6":"product_cat-antiparazitler","7":"product_cat-dermanlar","8":"product_cat-ev-heyvani","10":"first","11":"instock","12":"shipping-taxable","13":"product-type-simple"},"_links":{"self":[{"href":"https:\/\/ucalvet.com\/en\/wp-json\/wp\/v2\/product\/964","targetHints":{"allow":["GET"]}}],"collection":[{"href":"https:\/\/ucalvet.com\/en\/wp-json\/wp\/v2\/product"}],"about":[{"href":"https:\/\/ucalvet.com\/en\/wp-json\/wp\/v2\/types\/product"}],"replies":[{"embeddable":true,"href":"https:\/\/ucalvet.com\/en\/wp-json\/wp\/v2\/comments?post=964"}],"wp:featuredmedia":[{"embeddable":true,"href":"https:\/\/ucalvet.com\/en\/wp-json\/wp\/v2\/media\/965"}],"wp:attachment":[{"href":"https:\/\/ucalvet.com\/en\/wp-json\/wp\/v2\/media?parent=964"}],"wp:term":[{"taxonomy":"product_brand","embeddable":true,"href":"https:\/\/ucalvet.com\/en\/wp-json\/wp\/v2\/product_brand?post=964"},{"taxonomy":"product_cat","embeddable":true,"href":"https:\/\/ucalvet.com\/en\/wp-json\/wp\/v2\/product_cat?post=964"},{"taxonomy":"product_tag","embeddable":true,"href":"https:\/\/ucalvet.com\/en\/wp-json\/wp\/v2\/product_tag?post=964"}],"curies":[{"name":"wp","href":"https:\/\/api.w.org\/{rel}","templated":true}]}}