{"id":966,"date":"2025-11-06T13:05:38","date_gmt":"2025-11-06T17:05:38","guid":{"rendered":"https:\/\/ucalvet.com\/?post_type=product&#038;p=966"},"modified":"2025-11-06T13:06:49","modified_gmt":"2025-11-06T17:06:49","slug":"ovalyze","status":"publish","type":"product","link":"https:\/\/ucalvet.com\/en\/product\/ovalyze\/","title":{"rendered":"OVALYZE"},"content":{"rendered":"<p><strong>Preparat\u0131n ticar<\/strong><strong>\u0259<\/strong><strong>t ad\u0131<\/strong>: OVALYZE<\/p>\n<p><strong>\u0130stifad\u0259 sah\u0259si<\/strong>: Kloprostenol-prostaqlandin PGF2-a -n\u0131n sintetik analoqu olmaqla progestronun plazmatik s\u0259viyy\u0259sini m\u0259hdudla\u015fd\u0131r\u0131r. Yumurtal\u0131\u011fa v\u0259 balal\u0131\u011f\u0131n saya \u0259z\u0259l\u0259l\u0259rin\u0259 t\u0259sir g\u00f6st\u0259rir, bel\u0259likl\u0259 sar\u0131 cismin l\u00fcteolitik f\u0259all\u0131\u011f\u0131na t\u0259sir g\u00f6st\u0259rir v\u0259 m\u0259m\u0259li heyvanlar\u0131n bir \u00e7ox n\u00f6vl\u0259rind\u0259 bo\u011faz v\u0259 q\u0131s\u0131r heyvanlar\u0131n balal\u0131q f\u0259aliyy\u0259tini g\u00fccl\u0259ndirir. Kloprostenolun l\u00fcteolitik f\u0259all\u0131q t\u0259siri PGF2-a nisb\u0259t\u0259n 200-400 d\u0259f\u0259 g\u00fccl\u00fcd\u00fcr. Onun balal\u0131q saya \u0259z\u0259l\u0259l\u0259rini g\u00fccl\u0259ndir\u0259n t\u0259siri d\u0259 g\u00fccl\u00fcd\u00fcr. Bel\u0259 ki, Kloprostenolun tsiklik l\u00fcteanal fazas\u0131nda inyeksiyas\u0131 48-98 saat sonra di\u015fi heyvanlarda ax\u0131nt\u0131n\u0131n m\u00fcsb\u0259t simptomlar\u0131n\u0131n ba\u015f verm\u0259sin\u0259 s\u0259b\u0259b olur.<br \/>\n<strong>D\u0259rman formas\u0131 v\u0259 qabla\u015fd\u0131rma: <\/strong>inyeksiya \u00fc\u00e7\u00fcn maye, xarici g\u00f6r\u00fcn\u00fc\u015fc\u0259 \u015f\u0259ffaf, r\u0259ngsiz, steril m\u0259hluldur<br \/>\n<strong>Preparat\u0131n t\u0259rkibi<\/strong>, f\u0259al madd\u0259: BENZIL SPIRTI &#8211; 10 mq, KLOPROSTENOL NATRIUM &#8211; 250 mkq<br \/>\n<strong>\u0130stifad\u0259 v\u0259 dozala\u015fd\u0131rma qaydalar\u0131<\/strong>: Preparat Baytar h\u0259kiminin n\u0259zar\u0259ti alt\u0131nda \u0259z\u0259l\u0259daxili inyeksiya edilir v\u0259 a\u015fa\u011f\u0131dak\u0131 qaydada dozala\u015fd\u0131r\u0131l\u0131r; &#8211; \u00cdri buynuzlu heyvanlara: h\u0259r bir heyvana bir d\u0259f\u0259 v\u0259 ya t\u0259krar inyeksiya edilm\u0259kl\u0259 2ml preparat hesab\u0131 il\u0259 dozala\u015fd\u0131r\u0131laraq inyeksiya edilir; &#8211; Di\u015fi atlara: h\u0259r bir heyvana bir d\u0259f\u0259 1-2ml preparat hesab\u0131 il\u0259 dozala\u015fd\u0131r\u0131laraq inyeksiya edilir; &#8211; Ponil\u0259r v\u0259 e\u015f\u015f\u0259kl\u0259r\u0259: h\u0259r bir heyvana bir d\u0259f\u0259 0,5-1 ml preparat hesab\u0131 il\u0259 dozala\u015fd\u0131r\u0131laraq inyeksiya edilir<\/p>","protected":false},"excerpt":{"rendered":"<p>Preparat\u0131n ticar\u0259t ad\u0131: OVALYZE \u0130stifad\u0259 sah\u0259si: Kloprostenol-prostaqlandin PGF2-a -n\u0131n sintetik analoqu olmaqla progestronun plazmatik s\u0259viyy\u0259sini m\u0259hdudla\u015fd\u0131r\u0131r. Yumurtal\u0131\u011fa v\u0259 balal\u0131\u011f\u0131n saya \u0259z\u0259l\u0259l\u0259rin\u0259 t\u0259sir g\u00f6st\u0259rir, bel\u0259likl\u0259 sar\u0131 cismin l\u00fcteolitik f\u0259all\u0131\u011f\u0131na t\u0259sir g\u00f6st\u0259rir v\u0259 m\u0259m\u0259li heyvanlar\u0131n bir \u00e7ox n\u00f6vl\u0259rind\u0259 bo\u011faz v\u0259 q\u0131s\u0131r heyvanlar\u0131n balal\u0131q f\u0259aliyy\u0259tini g\u00fccl\u0259ndirir. Kloprostenolun l\u00fcteolitik f\u0259all\u0131q t\u0259siri PGF2-a nisb\u0259t\u0259n 200-400 d\u0259f\u0259 g\u00fccl\u00fcd\u00fcr. Onun balal\u0131q saya [&hellip;]<\/p>","protected":false},"featured_media":968,"comment_status":"open","ping_status":"closed","template":"","meta":[],"product_brand":[],"product_cat":[64,37,63],"product_tag":[],"class_list":{"0":"post-966","1":"product","2":"type-product","3":"status-publish","4":"has-post-thumbnail","6":"product_cat-at","7":"product_cat-dermanlar","8":"product_cat-ruminant","10":"first","11":"instock","12":"shipping-taxable","13":"product-type-simple"},"_links":{"self":[{"href":"https:\/\/ucalvet.com\/en\/wp-json\/wp\/v2\/product\/966","targetHints":{"allow":["GET"]}}],"collection":[{"href":"https:\/\/ucalvet.com\/en\/wp-json\/wp\/v2\/product"}],"about":[{"href":"https:\/\/ucalvet.com\/en\/wp-json\/wp\/v2\/types\/product"}],"replies":[{"embeddable":true,"href":"https:\/\/ucalvet.com\/en\/wp-json\/wp\/v2\/comments?post=966"}],"wp:featuredmedia":[{"embeddable":true,"href":"https:\/\/ucalvet.com\/en\/wp-json\/wp\/v2\/media\/968"}],"wp:attachment":[{"href":"https:\/\/ucalvet.com\/en\/wp-json\/wp\/v2\/media?parent=966"}],"wp:term":[{"taxonomy":"product_brand","embeddable":true,"href":"https:\/\/ucalvet.com\/en\/wp-json\/wp\/v2\/product_brand?post=966"},{"taxonomy":"product_cat","embeddable":true,"href":"https:\/\/ucalvet.com\/en\/wp-json\/wp\/v2\/product_cat?post=966"},{"taxonomy":"product_tag","embeddable":true,"href":"https:\/\/ucalvet.com\/en\/wp-json\/wp\/v2\/product_tag?post=966"}],"curies":[{"name":"wp","href":"https:\/\/api.w.org\/{rel}","templated":true}]}}