{"id":971,"date":"2025-11-06T13:13:29","date_gmt":"2025-11-06T17:13:29","guid":{"rendered":"https:\/\/ucalvet.com\/?post_type=product&#038;p=971"},"modified":"2025-11-06T13:13:29","modified_gmt":"2025-11-06T17:13:29","slug":"santadoks-10","status":"publish","type":"product","link":"https:\/\/ucalvet.com\/en\/product\/santadoks-10\/","title":{"rendered":"Santadoks 10%"},"content":{"rendered":"<p><strong>Preparat\u0131n ticar<\/strong><strong>\u0259<\/strong><strong>t ad\u0131<\/strong>: Santadoks %10<\/p>\n<p><strong>\u0130stifad\u0259 sah\u0259si<\/strong>: Santadoks 10% buzovlarda (g\u00f6v\u015f\u0259m\u0259y\u0259 ba\u015flamam\u0131\u015f buzovlarda) v\u0259 \u0259tlik m\u0259qs\u0259di il\u0259 istifad\u0259 edil\u0259n toyuqlarda Doksisiklin\u0259 h\u0259ssas bakteriyalar\u0131n yaratd\u0131\u011f\u0131 infeksiyalar\u0131n m\u00fcalic\u0259sind\u0259 istifad\u0259 olunur. \u018ftlik m\u0259qs\u0259di il\u0259 istifad\u0259 edil\u0259n toyuqlarda Doksisiklin\u0259 h\u0259ssas Mycoplasma n\u00f6vl\u0259rinin yaratd\u0131\u011f\u0131 mikoplazmoz v\u0259 xroniki t\u0259n\u0259ff\u00fcs sisteminin x\u0259st\u0259likl\u0259rinin m\u00fcalic\u0259sind\u0259 t\u0259tbiq edilir. G\u00f6v\u015f\u0259m\u0259y\u0259 ba\u015flamam\u0131\u015f buzovlarda Doksisiklin\u0259 h\u0259ssas Pasteurella multocida v\u0259 mannheima haemolytica bakteriyalar\u0131n\u0131n \u0259m\u0259l\u0259 g\u0259tirdiyi t\u0259n\u0259ff\u00fcs sisteminin x\u0259st\u0259likl\u0259rinin m\u00fcalic\u0259sind\u0259 istifad\u0259 edilir.<br \/>\n<strong>D\u0259rman formas\u0131 v\u0259 qabla\u015fd\u0131rma: <\/strong>Oral m\u0259hlul, Sar\u0131-q\u0259hv\u0259yi r\u0259ngli \u015f\u0259ffav.<br \/>\n<strong>Preparat\u0131n t\u0259rkibi<\/strong>, f\u0259al madd\u0259: DOKSISIKLIN HIKLAT &#8211; 100 mq, BROMHEKSIN HCL &#8211; 10 mq<br \/>\n<strong>\u0130stifad\u0259 v\u0259 dozala\u015fd\u0131rma qaydalar\u0131<\/strong>: Preparat\u0131n istifad\u0259si baytar h\u0259kim t\u0259r\u0259find\u0259n ba\u015fqa \u015f\u0259kild\u0259 m\u0259sl\u0259h\u0259t edilm\u0259dikd\u0259, buzovlarda (g\u00f6v\u015f\u0259m\u0259y\u0259 ba\u015flamam\u0131\u015f buzovlarda) Santadoks 10% \u00d6ral m\u0259hlulu 10 kq b\u0259d\u0259n b\u0259d\u0259n k\u00fctl\u0259si \u00fc\u00e7\u00fcn g\u00fcnd\u0259lik 1 ml dozada s\u00fcd v\u0259 ya s\u00fcd \u0259v\u0259zedicisin\u0259 qar\u0131\u015fd\u0131r\u0131l\u0131r v\u0259 4-5 g\u00fcn \u0259rzind\u0259 oral yolla q\u0259bul edilir. T\u00f6vsiy\u0259 olunan doza, m\u00fcalic\u0259 olunacaq buzovlar\u0131n say\u0131ndan v\u0259 \u00e7\u0259kisind\u0259n as\u0131l\u0131 olaraq d\u0259yi\u015filir.<\/p>\n<p>\u018ftlik m\u0259qs\u0259di il\u0259 istifad\u0259 edil\u0259n toyuqlarda preparat 100 kq b\u0259d\u0259n k\u00fctl\u0259si \u00fc\u00e7\u00fcn g\u00fcnd\u0259lik 10 ml dozada 4-5 g\u00fcn \u0259rzind\u0259 i\u00e7m\u0259li su il\u0259 qar\u0131\u015fd\u0131r\u0131laraq oral yolla q\u0259bul edilir. T\u00f6vsiy\u0259 olunan doza, m\u00fcalic\u0259 olunacaq qu\u015flar\u0131n say\u0131ndan v\u0259 \u00e7\u0259kisind\u0259n as\u0131l\u0131 olaraq d\u0259yi\u015filir. D\u00fczg\u00fcn doza istifad\u0259 edilm\u0259si \u00fc\u00e7\u00fcn heyvanlar\u0131n b\u0259d\u0259n \u00e7\u0259kisi m\u00fcmk\u00fcn q\u0259d\u0259r d\u0259qiq hesablanmal\u0131d\u0131r. D\u0259rman\u0131n g\u00fcnd\u0259lik miqdar\u0131n\u0131 d\u0259bib hesablamaq \u00fc\u00e7\u00fcn a\u015fa\u011f\u0131dak\u0131 d\u00fcsturdan istifad\u0259 edilm\u0259lidir: &#8230; ml m\u0259hlul\/kq b\u0259d\u0259n \u00e7\u0259kisi\/g\u00fcn x m\u00fcalic\u0259 edil\u0259n qu\u015fun ortalama b\u0259d\u0259n \u00e7\u0259kisi \/ H\u0259r qu\u015f \u00fc\u00e7\u00fcn g\u00fcnd\u0259lik ortalama su istifad\u0259si (lt) H\u0259r 11 su \u00fc\u00e7\u00fcn &#8230;ml m\u0259hlul D\u00fczg\u00fcn dozada istifad\u0259 etm\u0259k \u00fc\u00e7\u00fcn heyvanlar\u0131n b\u0259d\u0259n \u00e7\u0259kisi m\u00fcmk\u00fcn q\u0259d\u0259r d\u0259qiq hesablanmal\u0131d\u0131r. Heyvanlar t\u0259r\u0259find\u0259n d\u0259rmanl\u0131 suyun q\u0259bulu klinik v\u0259ziyy\u0259td\u0259n as\u0131l\u0131 olaraq d\u0259yi\u015f\u0259 bil\u0259r. D\u0259rmanl\u0131 su h\u0259r 24 saatdan bir yenid\u0259n haz\u0131rlanmal\u0131d\u0131r. \u018fvv\u0259lc\u0259 m\u0259hsulu bir az su il\u0259 yax\u015f\u0131ca qar\u0131\u015fd\u0131raraq (h\u0259r litr i\u00e7m\u0259li su \u00fc\u00e7\u00fcn t\u0259xmin\u0259n 100 ml d\u0259rman il\u0259 konsentratla\u015fd\u0131r\u0131lm\u0131\u015f premiks yaratmaq) v\u0259 sonra laz\u0131m olduqda bu qar\u0131\u015f\u0131\u011f\u0131 laz\u0131mi miqdarda su il\u0259 art\u0131rmaq t\u00f6vsiy\u0259 olunur. M\u016falic\u0259 zaman\u0131 heyvanlar\u0131n yegan\u0259 su m\u0259nb\u0259yi d\u0259rmanl\u0131 su olmal\u0131d\u0131r. Haz\u0131rlanm\u0131\u015f d\u0259rmanl\u0131 su metal qabda saxlan\u0131lmamal\u0131 v\u0259 paslanm\u0131\u015fs avadanl\u0131qlardan istifad\u0259 edilm\u0259m\u0259lidir.<\/p>","protected":false},"excerpt":{"rendered":"<p>Preparat\u0131n ticar\u0259t ad\u0131: Santadoks %10 \u0130stifad\u0259 sah\u0259si: Santadoks 10% buzovlarda (g\u00f6v\u015f\u0259m\u0259y\u0259 ba\u015flamam\u0131\u015f buzovlarda) v\u0259 \u0259tlik m\u0259qs\u0259di il\u0259 istifad\u0259 edil\u0259n toyuqlarda Doksisiklin\u0259 h\u0259ssas bakteriyalar\u0131n yaratd\u0131\u011f\u0131 infeksiyalar\u0131n m\u00fcalic\u0259sind\u0259 istifad\u0259 olunur. \u018ftlik m\u0259qs\u0259di il\u0259 istifad\u0259 edil\u0259n toyuqlarda Doksisiklin\u0259 h\u0259ssas Mycoplasma n\u00f6vl\u0259rinin yaratd\u0131\u011f\u0131 mikoplazmoz v\u0259 xroniki t\u0259n\u0259ff\u00fcs sisteminin x\u0259st\u0259likl\u0259rinin m\u00fcalic\u0259sind\u0259 t\u0259tbiq edilir. G\u00f6v\u015f\u0259m\u0259y\u0259 ba\u015flamam\u0131\u015f buzovlarda Doksisiklin\u0259 h\u0259ssas Pasteurella multocida [&hellip;]<\/p>","protected":false},"featured_media":972,"comment_status":"open","ping_status":"closed","template":"","meta":[],"product_brand":[],"product_cat":[67,37,65,63],"product_tag":[],"class_list":{"0":"post-971","1":"product","2":"type-product","3":"status-publish","4":"has-post-thumbnail","6":"product_cat-antibiotikler","7":"product_cat-dermanlar","8":"product_cat-qusculuq","9":"product_cat-ruminant","11":"first","12":"instock","13":"shipping-taxable","14":"product-type-simple"},"_links":{"self":[{"href":"https:\/\/ucalvet.com\/en\/wp-json\/wp\/v2\/product\/971","targetHints":{"allow":["GET"]}}],"collection":[{"href":"https:\/\/ucalvet.com\/en\/wp-json\/wp\/v2\/product"}],"about":[{"href":"https:\/\/ucalvet.com\/en\/wp-json\/wp\/v2\/types\/product"}],"replies":[{"embeddable":true,"href":"https:\/\/ucalvet.com\/en\/wp-json\/wp\/v2\/comments?post=971"}],"wp:featuredmedia":[{"embeddable":true,"href":"https:\/\/ucalvet.com\/en\/wp-json\/wp\/v2\/media\/972"}],"wp:attachment":[{"href":"https:\/\/ucalvet.com\/en\/wp-json\/wp\/v2\/media?parent=971"}],"wp:term":[{"taxonomy":"product_brand","embeddable":true,"href":"https:\/\/ucalvet.com\/en\/wp-json\/wp\/v2\/product_brand?post=971"},{"taxonomy":"product_cat","embeddable":true,"href":"https:\/\/ucalvet.com\/en\/wp-json\/wp\/v2\/product_cat?post=971"},{"taxonomy":"product_tag","embeddable":true,"href":"https:\/\/ucalvet.com\/en\/wp-json\/wp\/v2\/product_tag?post=971"}],"curies":[{"name":"wp","href":"https:\/\/api.w.org\/{rel}","templated":true}]}}