{"id":973,"date":"2025-11-06T13:19:42","date_gmt":"2025-11-06T17:19:42","guid":{"rendered":"https:\/\/ucalvet.com\/?post_type=product&#038;p=973"},"modified":"2025-11-06T13:19:42","modified_gmt":"2025-11-06T17:19:42","slug":"santaflox-%10","status":"publish","type":"product","link":"https:\/\/ucalvet.com\/en\/product\/santaflox-%10\/","title":{"rendered":"SANTAFLOX %10"},"content":{"rendered":"<p><strong>Preparat\u0131n ticar<\/strong><strong>\u0259<\/strong><strong>t ad\u0131<\/strong>: SANTAFLOX % 10<\/p>\n<p><strong>\u0130stifad\u0259 sah\u0259si<\/strong>: Entrofloksasin\u0259 h\u0259ssas olan a\u015fa\u011f\u0131dak\u0131 bakteriyalar\u0131n s\u0259b\u0259b oldu\u011fu infeksiyalar\u0131n m\u00fcalic\u0259sind\u0259 istifad\u0259 olunur: Toyuqlar -Mycoplasma gallisepticum. -Mycoplasma synoviae. -Avibacterium paragallinarum, -Pasteurella multocida. Hind toyu\u011fu: -Mycoplasma gallisepticum, -Mycoplasma synoviae. -Pasteurella multocida. Dov\u015fanlar: E.coli infeksiyas\u0131 n\u0259tic\u0259sind\u0259 yaranan bakterial enterit v\u0259 Pasteurella multocida s\u0259b\u0259b oldu\u011fu yoluxu\u0441\u0438 x\u0259st\u0259likl\u0259rin m\u00fcalic\u0259sind\u0259 istifad\u0259 olunur.<br \/>\n<strong>D\u0259rman formas\u0131 v\u0259 qabla\u015fd\u0131rma: <\/strong>Oral m\u0259hlul, sol\u011fun sar\u0131, hiss\u0259cik v\u0259 \u00e7\u00f6k\u00fcnt\u00fcl\u0259ri olmayan \u015f\u0259ffaf m\u0259hluldur.<br \/>\n<strong>Preparat\u0131n t\u0259rkibi<\/strong>, f\u0259al madd\u0259: BENZIL SPIRTI &#8211; 14 mq, Enrofloksasin &#8211; 100 mq<br \/>\n<strong>\u0130stifad\u0259 v\u0259 dozala\u015fd\u0131rma qaydalar\u0131<\/strong>: Toyuq v\u0259 hind qu\u015fu: G\u00fcnd\u0259lik 10mq\/kq b\u0259d\u0259n \u00e7\u0259kisi dozas\u0131nda i\u00e7m\u0259li suya qar\u0131\u015fd\u0131r\u0131l\u0131r v\u0259 infeksiyan\u0131n \u015fidd\u0259tind\u0259n as\u0131l\u0131 olaraq 3-5 g\u00fcn ard\u0131c\u0131l olaraq verilir. Qar\u0131\u015f\u0131q infeksiyalarda v\u0259 xroniki x\u0259st\u0259likl\u0259rd\u0259 5 g\u00fcn ard\u0131c\u0131l olaraq t\u0259tbiq edilm\u0259lidir. \u018fg\u0259r 2-3 g\u00fcn \u0259rzind\u0259 klinik yax\u015f\u0131la\u015fma \u0259lde olunmazsa, h\u0259ssasl\u0131q testinin n\u0259tic\u0259l\u0259rin\u0259 \u0259sas\u0259n alternativ variantlar n\u0259z\u0259rd\u0259n ke\u00e7iril\u0259 bil\u0259r. Antimikrob terapiya n\u0259z\u0259r\u0259 al\u0131nmal\u0131d\u0131r. H\u0259mi\u015f\u0259 dozalanm\u0131\u015f d\u0259rman\u0131n sonad\u0259k istifad\u0259sin\u0259 n\u0259zar\u0259t etm\u0259k laz\u0131md\u0131r. D\u0259rmanl\u0131 su h\u0259r g\u00fcn t\u0259z\u0259 haz\u0131rlanmal\u0131d\u0131r. M\u00fcalic\u0259 zaman\u0131 heyvanlar\u0131n ba\u015fqa su b\u0259nb\u0259yind\u0259n su i\u00e7m\u0259sin\u0259 icaz\u0259 verilm\u0259m\u0259lidir. Az dozan\u0131n qar\u015f\u0131s\u0131n\u0131 almaq \u00fc\u00e7\u00fcn heyvanlar\u0131n b\u0259d\u0259n \u00e7\u0259kisi m\u00fcmk\u00fcn q\u0259d\u0259r d\u0259bib hesablanmal\u0131d\u0131r. D\u00fczg\u00fcn \u00e7il\u0259m\u0259ni t\u0259min etm\u0259k \u00fc\u00e7\u00fcn nasos sisteml\u0259ri daim yoxlan\u0131lmal\u0131d\u0131r. M\u00fcalic\u0259 ba\u015flamazdan \u0259vv\u0259l su sistemi qurudulmal\u0131 v\u0259 d\u0259rmanl\u0131 su il\u0259 doldurulmal\u0131d\u0131r. M\u00fcalic\u0259 m\u00fcdd\u0259ti \u0259rzind\u0259 t\u0259l\u0259b olunan m\u0259hsulun g\u00fcnd\u0259lik miqdar\u0131 (ml) a\u015fa\u011f\u0131dak\u0131 kimi hesablan\u0131r; Qu\u015flar\u0131n \u00fcmumi say\u0131 x Orta b\u0259d\u0259n \u00e7\u0259kisi (kq) x 0,1 = \u00dcmumi g\u00fcnd\u0259lik h\u0259cm (ml) Heyvanlar t\u0259r\u0259find\u0259n d\u0259rmanl\u0131 suyun q\u0259bulu klinik v\u0259ziyy\u0259t, ya\u015f, cins v\u0259 \u0259traf m\u00fchitin temperaturundan as\u0131l\u0131 olaraq d\u0259yi\u015f\u0259 bil\u0259r. Buna g\u00f6r\u0259 d\u0259, d\u00fczg\u00fcn dozan\u0131 t\u0259min etm\u0259k \u00fc\u00e7\u00fcn avadanl\u0131qdan d\u0259rmanl\u0131 suyun konsentrasiyas\u0131n\u0131 t\u0259nziml\u0259m\u0259k laz\u0131m ola bil\u0259r. M\u00fcvafiq kalibrl\u0259nmi\u015f \u00e7\u0259ki \u00f6l\u00e7\u0259n istifad\u0259 etm\u0259k t\u00f6vsiy\u0259 olunur. Dov\u015fan: Ard\u0131c\u0131l 5 g\u00fcn \u0259rzind\u0259 g\u00fcnd\u0259 10mq\/kq b\u0259d\u0259n \u00e7\u0259kisin\u0259 uy\u011fun hesablanaraq t\u0259tbiq edilir. M\u00fcalic\u0259 zaman\u0131 t\u0259l\u0259b olunan m\u0259hsulun g\u00fcnd\u0259lik miqdar\u0131 (ml) a\u015fa\u011f\u0131dak\u0131 kimi hesablan\u0131r: Dov\u015fanlar\u0131n \u00fcmumi say\u0131 x Orta b\u0259d\u0259n \u00e7\u0259kisi (kq) x 0,1 = \u00dcmumi g\u00fcnd\u0259lik h\u0259cm (ml)<\/p>\n<p><strong>G\u00f6zl\u0259m\u0259 vaxt\u0131: <\/strong>M\u00fcalic\u0259 zaman\u0131 v\u0259 son d\u0259rman t\u0259tbiqind\u0259n sonra toyuqlar 7, hind toyuqlar\u0131nda 13 v\u0259 dov\u015fanlar 3 g\u00fcn ke\u00e7m\u0259d\u0259n k\u0259sim\u0259 g\u00f6nd\u0259rilm\u0259m\u0259lidir. \u0130nsan istehlak\u0131 \u00fc\u00e7\u00fcn yumurta istehsal ed\u0259n toyuq v\u0259 hind toyuqlar\u0131nda istifad\u0259 edilmir. F\u0259r\u0259l\u0259rd\u0259 yumurta verm\u0259 d\u00f6vr\u00fcnd\u0259n 14 g\u00fcn \u0259vv\u0259l istifad\u0259 edilm\u0259m\u0259lidir<\/p>\n<p><strong>\u00a0<\/strong><\/p>","protected":false},"excerpt":{"rendered":"<p>Preparat\u0131n ticar\u0259t ad\u0131: SANTAFLOX % 10 \u0130stifad\u0259 sah\u0259si: Entrofloksasin\u0259 h\u0259ssas olan a\u015fa\u011f\u0131dak\u0131 bakteriyalar\u0131n s\u0259b\u0259b oldu\u011fu infeksiyalar\u0131n m\u00fcalic\u0259sind\u0259 istifad\u0259 olunur: Toyuqlar -Mycoplasma gallisepticum. -Mycoplasma synoviae. -Avibacterium paragallinarum, -Pasteurella multocida. Hind toyu\u011fu: -Mycoplasma gallisepticum, -Mycoplasma synoviae. -Pasteurella multocida. Dov\u015fanlar: E.coli infeksiyas\u0131 n\u0259tic\u0259sind\u0259 yaranan bakterial enterit v\u0259 Pasteurella multocida s\u0259b\u0259b oldu\u011fu yoluxu\u0441\u0438 x\u0259st\u0259likl\u0259rin m\u00fcalic\u0259sind\u0259 istifad\u0259 olunur. D\u0259rman formas\u0131 [&hellip;]<\/p>","protected":false},"featured_media":974,"comment_status":"open","ping_status":"closed","template":"","meta":[],"product_brand":[],"product_cat":[67,37,65],"product_tag":[],"class_list":{"0":"post-973","1":"product","2":"type-product","3":"status-publish","4":"has-post-thumbnail","6":"product_cat-antibiotikler","7":"product_cat-dermanlar","8":"product_cat-qusculuq","10":"first","11":"instock","12":"shipping-taxable","13":"product-type-simple"},"_links":{"self":[{"href":"https:\/\/ucalvet.com\/en\/wp-json\/wp\/v2\/product\/973","targetHints":{"allow":["GET"]}}],"collection":[{"href":"https:\/\/ucalvet.com\/en\/wp-json\/wp\/v2\/product"}],"about":[{"href":"https:\/\/ucalvet.com\/en\/wp-json\/wp\/v2\/types\/product"}],"replies":[{"embeddable":true,"href":"https:\/\/ucalvet.com\/en\/wp-json\/wp\/v2\/comments?post=973"}],"wp:featuredmedia":[{"embeddable":true,"href":"https:\/\/ucalvet.com\/en\/wp-json\/wp\/v2\/media\/974"}],"wp:attachment":[{"href":"https:\/\/ucalvet.com\/en\/wp-json\/wp\/v2\/media?parent=973"}],"wp:term":[{"taxonomy":"product_brand","embeddable":true,"href":"https:\/\/ucalvet.com\/en\/wp-json\/wp\/v2\/product_brand?post=973"},{"taxonomy":"product_cat","embeddable":true,"href":"https:\/\/ucalvet.com\/en\/wp-json\/wp\/v2\/product_cat?post=973"},{"taxonomy":"product_tag","embeddable":true,"href":"https:\/\/ucalvet.com\/en\/wp-json\/wp\/v2\/product_tag?post=973"}],"curies":[{"name":"wp","href":"https:\/\/api.w.org\/{rel}","templated":true}]}}