{"id":977,"date":"2025-11-06T13:22:31","date_gmt":"2025-11-06T17:22:31","guid":{"rendered":"https:\/\/ucalvet.com\/?post_type=product&#038;p=977"},"modified":"2025-11-06T13:22:31","modified_gmt":"2025-11-06T17:22:31","slug":"befosfan","status":"publish","type":"product","link":"https:\/\/ucalvet.com\/en\/product\/befosfan\/","title":{"rendered":"BEFOSFAN"},"content":{"rendered":"<p><strong>Preparat\u0131n ticar<\/strong><strong>\u0259<\/strong><strong>t ad\u0131<\/strong>: : BEFOSFAN<\/p>\n<p><strong>\u0130stifad\u0259 sah\u0259si<\/strong>: Heyvanlarda vitamin v\u0259 minerallar\u0131n \u00e7at\u0131\u015fmazl\u0131\u011f\u0131n\u0131n m\u00fcalic\u0259 v\u0259 profilaktikas\u0131 m\u0259qs\u0259di il\u0259 istifad\u0259 olunur. Fosfor v\u0259 siyanokobalamin istifad\u0259sinin t\u0259l\u0259b olundu\u011fu \u0259z\u0259l\u0259, metabolik v\u0259 ya reproduktiv sistem poz\u011funluqlar\u0131nda d\u0259st\u0259kl\u0259yici olaraq. O, mal-qarada ikincili ketozla \u0259laq\u0259li abomasum(4-c\u00fc m\u0259d\u0259nin) yerd\u0259yi\u015fm\u0259sinin c\u0259rrahi m\u00fcalic\u0259sind\u0259n sonra g\u00f6v\u015f\u0259y\u0259n f\u0259aliyy\u0259tl\u0259rin yax\u015f\u0131la\u015fd\u0131r\u0131lmas\u0131na k\u00f6m\u0259k etm\u0259k \u00fc\u00e7\u00fcn istifad\u0259 olunur. Prenatal d\u00f6vrd\u0259 ba\u015f ver\u0259n metabolik poz\u011funluqlarda, tetaniya v\u0259 parezl\u0259rd\u0259 (s\u00fcd q\u0131zd\u0131rmas\u0131) maqnezium v\u0259 kalsiumla yana\u015f\u0131 istifad\u0259 edilm\u0259lidir<br \/>\n<strong>D\u0259rman formas\u0131 v\u0259 qabla\u015fd\u0131rma: <\/strong>Inyeksiya \u00fc\u00e7\u00fcn m\u0259hlul, xarici g\u00f6r\u00fcn\u00fc\u015fc\u0259 \u00e7\u0259hray\u0131 r\u0259ngli \u015f\u0259ffaf mayedir.<br \/>\n<strong>Preparat\u0131n t\u0259rkibi<\/strong>, f\u0259al madd\u0259: BUTAFOSFAN. &#8211; 100 mq, VITAMIN B12. &#8211; 0.05 mq<br \/>\n<strong>\u0130stifad\u0259 v\u0259 dozala\u015fd\u0131rma qaydalar\u0131<\/strong>: Preparat baytar h\u0259kiminin n\u0259zar\u0259ti alt\u0131nda a\u015fa\u011f\u0131dak\u0131 qaydada t\u0259tbiq olunur<\/p>\n<p>Mal-qara: Venadaxili olaraq t\u0259tbiq olunur. Fosfor v\u0259 ya Vitamin B12 \u00e7at\u0131\u015fmazl\u0131\u011f\u0131n\u0131n m\u00fcalic\u0259sind\u0259: kq Yetkin b\u0259d\u0259n mal-qaraya \u00e7\u0259kisin\u0259 2-5 mq butafosfan v\u0259 h\u0259r kq b\u0259d\u0259n \u00e7\u0259kisin\u0259 0,001-0,0025 mq siyanokobalamin (100 praktiki olaraq 2-5 ml) verilir. olaraq Buzovlara 10-25 10-25 ml) t\u0254tbiq mq butafosfan v\u0259 0,005 -0,0125 mq siyanokobalamin (100 kq b\u0259d\u0259n \u00e7\u0259kisin\u0259 praktiki edilir. Proses laz\u0131m olduqda g\u00fcnd\u0259lik t\u0259krarlan\u0131r. \u0130kincili f\u0259aliyy\u0259tinin ketozla yax\u015f\u0131la\u015fd\u0131r\u0131lmas\u0131na \u0259laq\u0259li abomasumun yerd\u0259yi\u015fm\u0259sinin c\u0259rrahi m\u00fcalic\u0259sind\u0259n sonra ruminasiya k\u00f6m\u0259k etm\u0259k; t\u0259tbiq 100 kq edilm\u0259lidir. b\u0259d\u0259n \u00e7\u0259kisi \u00fc\u00e7\u00fcn 5 ml g\u00fcnd\u0259 bir d\u0259f\u0259 \u00fc\u00e7 g\u00fcn \u0259rzind\u0259 t\u0259tbiq olunur. \u0130lk inyeksiya \u0259m\u0259liyyat g\u00fcn\u00fc Atlar: Venadaxili olaraq t\u0259tbiq olunur. Yetkin atlara 2-5 mq butafosfan v\u0259 0,001-0,0025 mq siyanokobalamin (100 kq b\u0259d\u0259n \u00e7\u0259kisin\u0259 praktik olaraq 2-5 ml) verilir. Day\u00e7alarda Pi\u015fikl\u0259rd\u0259 v\u0259 praktiki itl\u0259r: olaraq 10 kq b\u0259d\u0259n \u00e7\u0259kisi \u00fc\u00e7\u00fcn 0,35-0,6 ml t\u0259tbiq edilir. Venadaxili, \u0259z\u0259l\u0259daxili v\u0259 d\u0259rialt\u0131 olaraq t\u0259tbiq olunur. \u0130tl\u0259r\u0259 h\u0259r kq b\u0259d\u0259n \u00e7\u0259kisin\u0259 2,5-25 mq butafosfan v\u0259 praktiki olaraq 0,25-2,5 ml) verilir. 1,0-2,5 mq siyanokobalamin (10 kq b\u0259d\u0259n \u00e7\u0259kisin\u0259 Pi\u015fikl\u0259rd\u0259 h\u0259r kq b\u0259d\u0259n \u00e7\u0259kisin\u0259 10-50 mq butafosfan v\u0259 5-25 mq siyanokobalamin (5 kq b\u0259d\u0259n \u00e7\u0259kisin\u0259 praktiki olaraq 0,5-5 ml) verilir. Xroniki hallarda veril\u0259n dozalar\u0131n yar\u0131s\u0131 t\u0259tbiq olunur, dig\u0259r yar\u0131s\u0131 is\u0259 1-2 h\u0259ft\u0259 sonra verilir.<\/p>\n<p><strong>G\u00f6zl\u0259m\u0259 vaxt\u0131: <\/strong>Mal-qarada \u0259t v\u0259 s\u00fcd\u00fcn qal\u0131qlar\u0131n\u0131n g\u00f6zl\u0259m\u0259 m\u00fcdd\u0259ti 0 (s\u0131f\u0131r) g\u00fcnd\u00fcr.<\/p>","protected":false},"excerpt":{"rendered":"<p>Preparat\u0131n ticar\u0259t ad\u0131: : BEFOSFAN \u0130stifad\u0259 sah\u0259si: Heyvanlarda vitamin v\u0259 minerallar\u0131n \u00e7at\u0131\u015fmazl\u0131\u011f\u0131n\u0131n m\u00fcalic\u0259 v\u0259 profilaktikas\u0131 m\u0259qs\u0259di il\u0259 istifad\u0259 olunur. Fosfor v\u0259 siyanokobalamin istifad\u0259sinin t\u0259l\u0259b olundu\u011fu \u0259z\u0259l\u0259, metabolik v\u0259 ya reproduktiv sistem poz\u011funluqlar\u0131nda d\u0259st\u0259kl\u0259yici olaraq. O, mal-qarada ikincili ketozla \u0259laq\u0259li abomasum(4-c\u00fc m\u0259d\u0259nin) yerd\u0259yi\u015fm\u0259sinin c\u0259rrahi m\u00fcalic\u0259sind\u0259n sonra g\u00f6v\u015f\u0259y\u0259n f\u0259aliyy\u0259tl\u0259rin yax\u015f\u0131la\u015fd\u0131r\u0131lmas\u0131na k\u00f6m\u0259k etm\u0259k \u00fc\u00e7\u00fcn istifad\u0259 olunur. Prenatal d\u00f6vrd\u0259 [&hellip;]<\/p>","protected":false},"featured_media":978,"comment_status":"open","ping_status":"closed","template":"","meta":[],"product_brand":[],"product_cat":[64,37,66,63,45],"product_tag":[],"class_list":{"0":"post-977","1":"product","2":"type-product","3":"status-publish","4":"has-post-thumbnail","6":"product_cat-at","7":"product_cat-dermanlar","8":"product_cat-ev-heyvani","9":"product_cat-ruminant","10":"product_cat-vitamin-ve-minerallar","12":"first","13":"instock","14":"shipping-taxable","15":"product-type-simple"},"_links":{"self":[{"href":"https:\/\/ucalvet.com\/en\/wp-json\/wp\/v2\/product\/977","targetHints":{"allow":["GET"]}}],"collection":[{"href":"https:\/\/ucalvet.com\/en\/wp-json\/wp\/v2\/product"}],"about":[{"href":"https:\/\/ucalvet.com\/en\/wp-json\/wp\/v2\/types\/product"}],"replies":[{"embeddable":true,"href":"https:\/\/ucalvet.com\/en\/wp-json\/wp\/v2\/comments?post=977"}],"wp:featuredmedia":[{"embeddable":true,"href":"https:\/\/ucalvet.com\/en\/wp-json\/wp\/v2\/media\/978"}],"wp:attachment":[{"href":"https:\/\/ucalvet.com\/en\/wp-json\/wp\/v2\/media?parent=977"}],"wp:term":[{"taxonomy":"product_brand","embeddable":true,"href":"https:\/\/ucalvet.com\/en\/wp-json\/wp\/v2\/product_brand?post=977"},{"taxonomy":"product_cat","embeddable":true,"href":"https:\/\/ucalvet.com\/en\/wp-json\/wp\/v2\/product_cat?post=977"},{"taxonomy":"product_tag","embeddable":true,"href":"https:\/\/ucalvet.com\/en\/wp-json\/wp\/v2\/product_tag?post=977"}],"curies":[{"name":"wp","href":"https:\/\/api.w.org\/{rel}","templated":true}]}}