{"id":979,"date":"2025-11-06T13:25:00","date_gmt":"2025-11-06T17:25:00","guid":{"rendered":"https:\/\/ucalvet.com\/?post_type=product&#038;p=979"},"modified":"2025-11-15T09:45:51","modified_gmt":"2025-11-15T13:45:51","slug":"noket","status":"publish","type":"product","link":"https:\/\/ucalvet.com\/en\/product\/noket\/","title":{"rendered":"NOKET"},"content":{"rendered":"<p><strong>Preparat\u0131n ticar<\/strong><strong>\u0259<\/strong><strong>t ad\u0131<\/strong>: NOKET<\/p>\n<p><strong>\u0130stifad\u0259 sah\u0259si<\/strong>: Preparat mal-qarada v\u0259 atlarda a\u015fa\u011f\u0131dak\u0131 x\u0259st\u0259likl\u0259rin m\u00fcalic\u0259si v\u0259 profilaktikas\u0131 m\u0259qs\u0259dil\u0259 t\u0259tbiq olunur:<\/p>\n<p>Mal-qarada: &#8211; Do\u011fu\u015fa ba\u011fl\u0131 iflicin d\u0259st\u0259kl\u0259yici m\u00fcalic\u0259si, &#8211; Bakterial t\u0259n\u0259ff\u00fcs sistemi infeksiyalar\u0131nda m\u00fcvafiq etioloji m\u00fcalic\u0259 il\u0259 birlikd\u0259 a\u011fr\u0131 v\u0259 q\u0131zd\u0131rman\u0131n aradan qald\u0131r\u0131lmas\u0131, &#8211; K\u0259skin kliniki mastitd\u0259n, o c\u00fcml\u0259d\u0259n qram-m\u0259nfi bakteriyalar\u0131n yaratd\u0131\u011f\u0131 k\u0259skin endotoksik mastitd\u0259n, m\u00fcvafiq etioloji m\u00fcalic\u0259 il\u0259 birlikd\u0259 sa\u011falman\u0131 t\u0259\u015fviq etm\u0259k, &#8211; Do\u011fu\u015fa ba\u011fl\u0131 d\u00f6\u015fd\u0259ki \u00f6demin aradan qald\u0131r\u0131lmas\u0131, &#8211; Osteoartikulyar v\u0259 \u0259z\u0259l\u0259-skelet sistemi a\u011fr\u0131lar\u0131, &#8211; Do\u011fu\u015fdan sonra aya\u011fa qalxma\u011f\u0131 asanla\u015fd\u0131rmaq \u00fc\u00e7\u00fcn istifad\u0259 olunur. Atlarda: &#8211; K\u0259skin a\u011fr\u0131 v\u0259 iltihabla \u0259laq\u0259li osteoartikulyar v\u0259 dayaq-h\u0259r\u0259k\u0259t sistemini t\u0259sir ed\u0259n x\u0259st\u0259likl\u0259r: &#8211; Travmatik m\u0259n\u015f\u0259li topall\u0131q, &#8211; Artrit, &#8211; Osteit, diz \u015fi\u015fm\u0259si, &#8211; Tendinit, bursit, &#8211; Navikulit, &#8211; Laminit, &#8211; Miozit. Preparat, h\u0259m\u00e7inin \u0259m\u0259liyyatdan sonrak\u0131 iltihab\u0131n, kolikan\u0131n v\u0259 h\u0259rar\u0259tin simptomatik m\u00fcalic\u0259sind\u0259 istifad\u0259 olunur.<br \/>\n<strong>D\u0259rman formas\u0131 v\u0259 qabla\u015fd\u0131rma: <\/strong>inyeksiya \u00fc\u00e7\u00fcn m\u0259hlul, preparat xarici g\u00f6r\u00fcn\u00fc\u015fc\u0259 r\u0259ngsiz v\u0259 ya a\u00e7\u0131q sar\u0131 r\u0259ngli \u015f\u0259ffaf, steril m\u0259hluldur.<br \/>\n<strong>Preparat\u0131n t\u0259rkibi<\/strong>, f\u0259al madd\u0259: KETOPROFEN &#8211; 100 mq<br \/>\n<strong>\u0130stifad\u0259 v\u0259 dozala\u015fd\u0131rma qaydalar\u0131<\/strong>: Preparat baytar h\u0259kim t\u0259r\u0259find\u0259n ba\u015fqa c\u00fcr t\u00f6vsiy\u0259 edilm\u0259diyi t\u0259qdird\u0259 a\u015fa\u011f\u0131dak\u0131 dozalarda t\u0259tbiq olunur: Mal-qara: \u018fz\u0259l\u0259daxili v\u0259 ya venadaxili olaraq, 3 mq\/kq b\u0259d\u0259n \u00e7\u0259kisi\/g\u00fcn dozas\u0131nda (h\u0259r 100 kq b\u0259d\u0259n \u00e7\u0259kisi \u00fc\u00e7\u00fcn praktiki olaraq g\u00fcnd\u0259 3 ml) 3 g\u00fcn\u0259 q\u0259d\u0259r t\u0259tbiq edilir. At: Venadaxili olaraq, 3-5 g\u00fcn \u0259rzind\u0259 2,2 mq\/kq b\u0259d\u0259n \u00e7\u0259kisi\/g\u00fcn dozas\u0131nda (h\u0259r 45 kq b\u0259d\u0259n \u00e7\u0259kisi \u00fc\u00e7\u00fcn praktiki olaraq g\u00fcnd\u0259 1 ml) yeridilir. Kliniki c\u0259h\u0259td\u0259n z\u0259ruri v\u0259 uy\u011fun oldu\u011fu t\u0259sdiql\u0259nm\u0259yinc\u0259, kolik hallar\u0131nda t\u0259krarlanmamal\u0131d\u0131r. \u018fz\u0259l\u0259daxili t\u0259tbiql\u0259rd\u0259 bir nahiy\u0259y\u0259 t\u0259tbiq 5 ml-d\u0259n \u00e7ox olmamal\u0131d\u0131r. \u018fm\u0259liyyatdan sonrak\u0131 a\u011fr\u0131lar\u0131 azaltmaq \u00fc\u00e7\u00fcn m\u00fcdaxil\u0259d\u0259n 10-30 d\u0259qiq\u0259 \u0259vv\u0259l t\u0259tbiq edilm\u0259lidir. Bir aydan ki\u00e7ik taylarda istifad\u0259 edilmir. H\u0259ddind\u0259n art\u0131q dozan\u0131n qar\u015f\u0131s\u0131n\u0131 almaq \u00fc\u00e7\u00fcn m\u00fcvafiq \u015fprisd\u0259n istifad\u0259 edilm\u0259li v\u0259 b\u0259d\u0259n \u00e7\u0259kisi d\u0259qiq hesablanmal\u0131d\u0131r.<\/p>\n<p><strong>G\u00f6zl\u0259m\u0259 vaxt\u0131:<\/strong> M\u00fcalic\u0259 zaman\u0131 v\u0259 son preparat t\u0259tbiqind\u0259n sonra 4 g\u00fcn \u0259rzind\u0259 mal-qara k\u0259sim\u0259 g\u00f6nd\u0259rilm\u0259m\u0259lidir. \u0130n\u0259k s\u00fcd\u00fc \u00fc\u00e7\u00fcn g\u00f6zl\u0259m\u0259 vaxt\u0131 &#8220;0\u201d g\u00fcnd\u00fcr.<\/p>","protected":false},"excerpt":{"rendered":"<p>Preparat\u0131n ticar\u0259t ad\u0131: NOKET \u0130stifad\u0259 sah\u0259si: Preparat mal-qarada v\u0259 atlarda a\u015fa\u011f\u0131dak\u0131 x\u0259st\u0259likl\u0259rin m\u00fcalic\u0259si v\u0259 profilaktikas\u0131 m\u0259qs\u0259dil\u0259 t\u0259tbiq olunur: Mal-qarada: &#8211; Do\u011fu\u015fa ba\u011fl\u0131 iflicin d\u0259st\u0259kl\u0259yici m\u00fcalic\u0259si, &#8211; Bakterial t\u0259n\u0259ff\u00fcs sistemi infeksiyalar\u0131nda m\u00fcvafiq etioloji m\u00fcalic\u0259 il\u0259 birlikd\u0259 a\u011fr\u0131 v\u0259 q\u0131zd\u0131rman\u0131n aradan qald\u0131r\u0131lmas\u0131, &#8211; K\u0259skin kliniki mastitd\u0259n, o c\u00fcml\u0259d\u0259n qram-m\u0259nfi bakteriyalar\u0131n yaratd\u0131\u011f\u0131 k\u0259skin endotoksik mastitd\u0259n, m\u00fcvafiq etioloji m\u00fcalic\u0259 [&hellip;]<\/p>","protected":false},"featured_media":980,"comment_status":"open","ping_status":"closed","template":"","meta":[],"product_brand":[],"product_cat":[64,73,63],"product_tag":[],"class_list":{"0":"post-979","1":"product","2":"type-product","3":"status-publish","4":"has-post-thumbnail","6":"product_cat-at","7":"product_cat-nsaid","8":"product_cat-ruminant","10":"first","11":"instock","12":"shipping-taxable","13":"product-type-simple"},"_links":{"self":[{"href":"https:\/\/ucalvet.com\/en\/wp-json\/wp\/v2\/product\/979","targetHints":{"allow":["GET"]}}],"collection":[{"href":"https:\/\/ucalvet.com\/en\/wp-json\/wp\/v2\/product"}],"about":[{"href":"https:\/\/ucalvet.com\/en\/wp-json\/wp\/v2\/types\/product"}],"replies":[{"embeddable":true,"href":"https:\/\/ucalvet.com\/en\/wp-json\/wp\/v2\/comments?post=979"}],"wp:featuredmedia":[{"embeddable":true,"href":"https:\/\/ucalvet.com\/en\/wp-json\/wp\/v2\/media\/980"}],"wp:attachment":[{"href":"https:\/\/ucalvet.com\/en\/wp-json\/wp\/v2\/media?parent=979"}],"wp:term":[{"taxonomy":"product_brand","embeddable":true,"href":"https:\/\/ucalvet.com\/en\/wp-json\/wp\/v2\/product_brand?post=979"},{"taxonomy":"product_cat","embeddable":true,"href":"https:\/\/ucalvet.com\/en\/wp-json\/wp\/v2\/product_cat?post=979"},{"taxonomy":"product_tag","embeddable":true,"href":"https:\/\/ucalvet.com\/en\/wp-json\/wp\/v2\/product_tag?post=979"}],"curies":[{"name":"wp","href":"https:\/\/api.w.org\/{rel}","templated":true}]}}