{"id":981,"date":"2025-11-06T13:36:17","date_gmt":"2025-11-06T17:36:17","guid":{"rendered":"https:\/\/ucalvet.com\/?post_type=product&#038;p=981"},"modified":"2025-11-06T18:14:00","modified_gmt":"2025-11-06T22:14:00","slug":"antipam","status":"publish","type":"product","link":"https:\/\/ucalvet.com\/en\/product\/antipam\/","title":{"rendered":"ANTIPAM"},"content":{"rendered":"<p><strong>Preparat\u0131n ticar<\/strong><strong>\u0259<\/strong><strong>t ad\u0131<\/strong>: ANTIPAM<\/p>\n<p><strong>\u0130stifad\u0259 sah\u0259si<\/strong>: Atipamezol hidroxlorid itl\u0259r v\u0259 pi\u015fikl\u0259rd\u0259 medetomidin v\u0259 deksmedetomidin kimi a2-aqonistl\u0259rin istifad\u0259sind\u0259n sonra onlar\u0131n sakitl\u0259\u015fdirici t\u0259sirl\u0259rini v\u0259 \u00fcr\u0259kdamar t\u0259sirl\u0259rini aradan qald\u0131rmaq \u00fc\u00e7\u00fcn t\u0259tbiq olunur.<br \/>\n<strong>D\u0259rman formas\u0131 v\u0259 qabla\u015fd\u0131rma: <\/strong>Xarici g\u00f6r\u00fcn\u00fc\u015fc\u0259 steril, \u015f\u0259ffaf v\u0259 r\u0259ngsiz inyeksiya \u00fc\u00e7\u00fcn m\u0259hluldur.<br \/>\n<strong>Preparat\u0131n t\u0259rkibi<\/strong>, f\u0259al madd\u0259: ATIPAMEZOLE HYDROCHLORIDE &#8211; 5 mq<br \/>\n<strong>\u0130stifad\u0259 v\u0259 dozala\u015fd\u0131rma qaydalar\u0131<\/strong>: ANTIPAM preparat\u0131 yaln\u0131z baytar h\u0259kim t\u0259r\u0259find\u0259n istifad\u0259 edilm\u0259lidir. \u0130nyeksiya m\u0259hlulu t\u0259k dozada v\u0259 \u0259z\u0259l\u0259daxili olaraq istifad\u0259 olunur. T\u0259tbiq olunan doza \u0259vv\u0259ll\u0259r q\u0259bul edilmi\u015f medetomidin v\u0259 ya deksmedetomidin dozas\u0131ndan as\u0131l\u0131d\u0131r. \u0130tl\u0259rd\u0259 : Atipamezol hidroxlorid dozas\u0131 (ug\/kq b\u0259d\u0259n \u00e7\u0259kisi il\u0259) \u0259vv\u0259ll\u0259r t\u0259tbiq edilmi\u015fdir medetomidin hidroxloridd\u0259n 5 d\u0259f\u0259 v\u0259 ya deksmedetomidin hidroxloridd\u0259n 10 qat \u00e7ox dozada olmal\u0131d\u0131 Medetomidin ekvivalent) 1 mq\/ml inyeksiya \u00fc\u00e7\u00fcn m\u0259hlul 0,04 ml\/kq b\u0259d\u0259n \u00e7\u0259kisi (40\u00b5g\/kq b\u0259d\u0259n \u00e7\u0259kisin\u0259 Atipamezol hidroxlorid 5 mq\/ml inyeksiya \u00fc\u00e7\u00fcn m\u0259hlul 0,04 ml\/kq b\u0259d\u0259n \u00e7\u0259kisi (200 \u00b5g\/kq b\u0259d\u0259nu \u00e7\u0259kisin\u0259 ekvivalent) Deksmedetomidin ekvivalent) 0,5 mq\/ml inyeksiya \u00fc\u00e7\u00fcn m\u0259hlul 0,04 ml\/kq b\u0259d\u0259n \u00e7\u0259kisi (20 \u00b5g\/kq b\u0259d\u0259n \u00e7\u0259kisin\u0259 Atipamezol hidroxlorid 5 mq\/ml inyeksiya \u00fc\u00e7\u00fcn m\u0259hlul 0,04 ml\/kq b\u0259d\u0259n \u00e7\u0259kisi (200 \u00b5g\/kq b\u0259d\u0259n \u00e7\u0259kisin\u0259 ekvivalent) Pi\u015fikl\u0259rd\u0259: Atipamezol hidroxlorid dozas\u0131 (\u00b5g\/kq b\u0259d\u0259n \u00e7\u0259kisi il\u0259) \u0259vv\u0259ll\u0259r t\u0259tbiq edilmi\u015fdir medetomidin hidroxloridd\u0259n 2,5 d\u0259f\u0259 v\u0259 ya deksmedetomidin hidroxloridd\u0259n 5 qat \u00e7ox dozada olmal\u0131d\u0131r. Medetomidin 1 mq\/ml inyeksiya \u00fc\u00e7\u00fcn m\u0259hlul 0,08 ml\/kq b\u0259d\u0259n \u00e7\u0259kisi (80 \u00b5g\/kq b\u0259d\u0259n \u00e7\u0259kisin\u0259 ekvivalent) Atipamezol hidroxlorid 5 mq\/ml inyeksiya \u00fc\u00e7\u00fcn m\u0259hlul 0,04 ml\/kq b\u0259d\u0259n \u00e7\u0259kisi (200 \u00b5g\/kq b\u0259d\u0259n \u00e7\u0259kisin\u0259 ekvivalent) Deksmedetomidin 0,5 mq\/ml inyeksiya \u00fc\u00e7\u00fcn m\u0259hlul 0,08 ml\/kq b\u0259d\u0259n \u00e7\u0259kisi (40 \u00b5g\/kq b\u0259d\u0259n \u00e7\u0259kisin\u0259 ekvivalent) Atipamezol hidroxlorid 5 mq\/ml inyeksiya \u00fc\u00e7\u00fcn m\u0259hlul 0,04 ml\/kq b\u0259d\u0259n \u00e7\u0259kisi (200 \u00b5g\/kq b\u0259peu \u00e7\u0259kisin\u0259 ekvivalent) A\u015fa\u011f\u0131 dozalar t\u0259tbiq edil\u0259rk\u0259n, d\u00fczg\u00fcn dozan\u0131 t\u0259min etm\u0259k \u00fc\u00e7\u00fcn, d\u00fczg\u00fcn qiym\u0259tl\u0259ndirilmi\u015f \u015fprisd\u0259n istifad\u0259 etm\u0259k t\u00f6vsiy\u0259 olunur. Atipamezol \u00fcmumiyy\u0259tl\u0259 medetomidin v\u0259 ya deksmedetomidin inyeksiyas\u0131ndan 15-60 d\u0259qiq\u0259 sonra t\u0259tbiq olunur. Bel\u0259likl\u0259, pi\u015fikl\u0259r v\u0259 itl\u0259r t\u0259xmin\u0259n 5 d\u0259qiq\u0259y\u0259 oyan\u0131r v\u0259 heyvanlar t\u0259tbiqd\u0259n t\u0259xmin\u0259n 10 d\u0259qiq\u0259 sonra aktivl\u0259\u015firl\u0259r.<\/p>\n<p><strong>\u00a0<\/strong><\/p>","protected":false},"excerpt":{"rendered":"<p>Preparat\u0131n ticar\u0259t ad\u0131: ANTIPAM \u0130stifad\u0259 sah\u0259si: Atipamezol hidroxlorid itl\u0259r v\u0259 pi\u015fikl\u0259rd\u0259 medetomidin v\u0259 deksmedetomidin kimi a2-aqonistl\u0259rin istifad\u0259sind\u0259n sonra onlar\u0131n sakitl\u0259\u015fdirici t\u0259sirl\u0259rini v\u0259 \u00fcr\u0259kdamar t\u0259sirl\u0259rini aradan qald\u0131rmaq \u00fc\u00e7\u00fcn t\u0259tbiq olunur. D\u0259rman formas\u0131 v\u0259 qabla\u015fd\u0131rma: Xarici g\u00f6r\u00fcn\u00fc\u015fc\u0259 steril, \u015f\u0259ffaf v\u0259 r\u0259ngsiz inyeksiya \u00fc\u00e7\u00fcn m\u0259hluldur. Preparat\u0131n t\u0259rkibi, f\u0259al madd\u0259: ATIPAMEZOLE HYDROCHLORIDE &#8211; 5 mq \u0130stifad\u0259 v\u0259 dozala\u015fd\u0131rma qaydalar\u0131: [&hellip;]<\/p>","protected":false},"featured_media":982,"comment_status":"open","ping_status":"closed","template":"","meta":[],"product_brand":[],"product_cat":[74,66],"product_tag":[],"class_list":{"0":"post-981","1":"product","2":"type-product","3":"status-publish","4":"has-post-thumbnail","6":"product_cat-diger","7":"product_cat-ev-heyvani","9":"first","10":"instock","11":"shipping-taxable","12":"product-type-simple"},"_links":{"self":[{"href":"https:\/\/ucalvet.com\/en\/wp-json\/wp\/v2\/product\/981","targetHints":{"allow":["GET"]}}],"collection":[{"href":"https:\/\/ucalvet.com\/en\/wp-json\/wp\/v2\/product"}],"about":[{"href":"https:\/\/ucalvet.com\/en\/wp-json\/wp\/v2\/types\/product"}],"replies":[{"embeddable":true,"href":"https:\/\/ucalvet.com\/en\/wp-json\/wp\/v2\/comments?post=981"}],"wp:featuredmedia":[{"embeddable":true,"href":"https:\/\/ucalvet.com\/en\/wp-json\/wp\/v2\/media\/982"}],"wp:attachment":[{"href":"https:\/\/ucalvet.com\/en\/wp-json\/wp\/v2\/media?parent=981"}],"wp:term":[{"taxonomy":"product_brand","embeddable":true,"href":"https:\/\/ucalvet.com\/en\/wp-json\/wp\/v2\/product_brand?post=981"},{"taxonomy":"product_cat","embeddable":true,"href":"https:\/\/ucalvet.com\/en\/wp-json\/wp\/v2\/product_cat?post=981"},{"taxonomy":"product_tag","embeddable":true,"href":"https:\/\/ucalvet.com\/en\/wp-json\/wp\/v2\/product_tag?post=981"}],"curies":[{"name":"wp","href":"https:\/\/api.w.org\/{rel}","templated":true}]}}