{"id":984,"date":"2025-11-06T13:39:19","date_gmt":"2025-11-06T17:39:19","guid":{"rendered":"https:\/\/ucalvet.com\/?post_type=product&#038;p=984"},"modified":"2025-11-06T13:39:19","modified_gmt":"2025-11-06T17:39:19","slug":"spirac","status":"publish","type":"product","link":"https:\/\/ucalvet.com\/en\/product\/spirac\/","title":{"rendered":"SPIRAC"},"content":{"rendered":"<p><strong>Preparat\u0131n ticar<\/strong><strong>\u0259<\/strong><strong>t ad\u0131<\/strong>: SPIRAC<\/p>\n<p><strong>\u0130stifad\u0259 sah\u0259si<\/strong>: Spirasem inycksiya \u00fc\u00e7\u00fcn m\u0259hlulu iribuynuzlu mal-qarada spiramisin\u0259 h\u0259ssas bakteriyalar\u0131n yaratd\u0131\u011f\u0131 a\u015fa\u011f\u0131dak\u0131 infeksiyalar\u0131n m\u00fcalic\u0259sind\u0259 istifad\u0259 olunur: -Pasteurella multocida v\u0259 Mannheimia haemolytica s\u0259b\u0259b oldu\u011fu t\u0259n\u0259ff\u00fcs yollar\u0131n\u0131n infeksiyalar\u0131nda, -S\u00fcd ver\u0259n in\u0259kl\u0259rd\u0259 Staphylococcus aureus \u0219tamm\u0131n\u0131n yaratd\u0131\u011f\u0131 k\u0259skin kliniki mastitl\u0259rd\u0259, -Metritd\u0259, -Aya\u011f \u00e7\u00fcr\u00fcm\u0259sind\u0259.<br \/>\n<strong>D\u0259rman formas\u0131 v\u0259 qabla\u015fd\u0131rma: <\/strong>Sar\u0131dan t\u00fcnd sar\u0131 r\u0259ng\u0259 q\u0259d\u0259r \u00e7alar\u0131 olan, \u015f\u0259ffav steril inyeksiya \u00fc\u00e7\u00fcn m\u0259hluldur.<br \/>\n<strong>Preparat\u0131n t\u0259rkibi<\/strong>, f\u0259al madd\u0259: SPIRAMISIN &#8211; 600000 BV, BENZIL SPIRTI &#8211; 41.60 mq<br \/>\n<strong>\u0130stifad\u0259 v\u0259 dozala\u015fd\u0131rma qaydalar\u0131<\/strong>: 30.000 IU Spiramisin\/kq b\u0259d\u0259n \u00e7\u0259kisi, (5 ml Spirac inyeksiya m\u0259hlulu\/100 kq b\u0259d\u0259n \u00e7\u0259kisi) \u0259z\u0259l\u0259daxili t\u0259tbiq edilir. Laz\u0131m g\u0259l\u0259rs\u0259, m\u00fcalic\u0259 24 saatdan sonra t\u0259krarlana bil\u0259r. T\u0259n\u0259ff\u00fcs sisteminin yoluxucu x\u0259st\u0259likl\u0259ri zaman\u0131 100.000 IU Spiramisin\/kq b\u0259d\u0259n \u00e7\u0259kisi (5 ml Spirac inyeksiya m\u0259hlulu \/30kq b\u0259d\u0259n \u00e7\u0259kisi) \u0259z\u0259l\u0259daxili t\u0259tbiq edilir. M\u00fcalic\u0259 48 saatdan sonra t\u0259krarlan\u0131r. Art\u0131q dozada istifad\u0259sinin qar\u015f\u0131s\u0131n\u0131 almaq \u00fc\u00e7\u00fcn b\u0259d\u0259n \u00e7\u0259kisi m\u00fcmk\u00fcn q\u0259d\u0259r d\u0259qiq m\u00fc\u0259yy\u0259n edilm\u0259lidir. Eyni inyeksiya nahiyy\u0259sin\u0259 15 ml dozadan \u00e7ox t\u0259tbiq edilm\u0259m\u0259lidir. -T\u0259n\u0259ff\u00fcs sisteminin infeksiyalar\u0131nda: 100 000 IU Spiramisin\/kq b\u0259d\u0259n \u00e7\u0259kisi (5 ml Spirac inyeksiya m\u0259hlulu \/30 kq b\u0259d\u0259n \u00e7\u0259kisi) 48 saat fasil\u0259 il\u0259 iki d\u0259f\u0259 \u0259z\u0259l\u0259daxili yeridilir. -Mastit v\u0259 dig\u0259r infeksiyalar zaman\u0131, 30 000 IU Spiramisin\/kq b\u0259d\u0259n \u00e7\u0259kisi (5 ml Spirac inyeksiya m\u0259hlulu \/100 kq b\u0259d\u0259n \u00e7\u0259kisi) 24 saat fasil\u0259 il\u0259 iki d\u0259f\u0259 \u0259z\u0259l\u0259daxili t\u0259tbiq edilir. Maksimum doza h\u0259eminin m\u0259hdudla\u015fd\u0131r\u0131lmas\u0131 s\u0259b\u0259bind\u0259n iribuynuzlu mal-qaraya eyni g\u00fcnd\u0259 bir ne\u00e7\u0259 d\u0259f\u0259 inyeksiya laz\u0131m olduqda, b\u00fct\u00fcn inyeksiyalar boyunun eyni t\u0259r\u0259fin\u0259, bir-birind\u0259n 15 sm m\u0259saf\u0259\u0440e apar\u0131lmal\u0131d\u0131r. 24 saat sonra inyeksiyan\u0131n t\u0259krarlanmas\u0131 z\u0259rur\u0259ti yaranarsa, b\u00fct\u00fcn inyeksiyalar boyunun dig\u0259r t\u0259r\u0259fin\u0259 yenid\u0259n 15 sm intervalla apar\u0131lmal\u0131d\u0131r. Bu prosedur inyeksiya nahiyy\u0259sini ay\u0131rmaq \u00fc\u00e7\u00fcn istifad\u0259 olunur<\/p>\n<p><strong>G\u00f6zl\u0259m\u0259 vaxt\u0131:<\/strong> 30 000 IU Spiramisin\/kq b\u0259d\u0259n \u00e7\u0259kisi (5 ml Spirac inyeksiya m\u0259hlulu\/30 kq b\u0259d\u0259n \u00e7\u0259kisi.) 48 saat fasil\u0259 il\u0259 iki d\u0259f\u0259 t\u0259tbiq zaman\u0131: -M\u00fcalic\u0259 zaman\u0131 v\u0259 sonuncu d\u0259rman t\u0259tbiqind\u0259n sonra iribuynuzlu mal-qarada \u0259tlik m\u0259qs\u0259d \u00fc\u00e7\u00fcn g\u00f6zl\u0259m\u0259 vaxt\u0131 75 g\u00fcn, in\u0259k s\u00fcd\u00fc \u00fc\u00e7\u00fcn g\u00f6zl\u0259m\u0259 vaxt\u0131 13,5 (27 sa\u011f\u0131m)g\u00fcnd\u00fcr. T\u0259n\u0259ff\u00fcs yoluxucu infeksiyalar zaman\u0131 (100 000 IU Spiramisin\/kq b\u0259d\u0259n \u00e7\u0259kisi. (5 ml Spirac inyeksiya m\u0259hlulu 30 kq b\u0259d\u0259n \u00e7\u0259kisi.) 48 saat fasil\u0259 il\u0259 iki d\u0259f\u0259 t\u0259tbiq zaman\u0131; -M\u00fcalic\u0259 zaman\u0131 v\u0259 son d\u0259rman t\u0259tbiqind\u0259n sonra mal-qarada \u0259tlik m\u0259qs\u0259d \u00fc\u00e7\u00fcn g\u00f6zl\u0259m\u0259 vaxt\u0131 75 g\u00fcn. Preparat s\u00fcd\u00fc insan istehlak\u0131 \u00fc\u00e7\u00fcn olan heyvanlarda istifad\u0259 edilm\u0259m\u0259lidir.<\/p>","protected":false},"excerpt":{"rendered":"<p>Preparat\u0131n ticar\u0259t ad\u0131: SPIRAC \u0130stifad\u0259 sah\u0259si: Spirasem inycksiya \u00fc\u00e7\u00fcn m\u0259hlulu iribuynuzlu mal-qarada spiramisin\u0259 h\u0259ssas bakteriyalar\u0131n yaratd\u0131\u011f\u0131 a\u015fa\u011f\u0131dak\u0131 infeksiyalar\u0131n m\u00fcalic\u0259sind\u0259 istifad\u0259 olunur: -Pasteurella multocida v\u0259 Mannheimia haemolytica s\u0259b\u0259b oldu\u011fu t\u0259n\u0259ff\u00fcs yollar\u0131n\u0131n infeksiyalar\u0131nda, -S\u00fcd ver\u0259n in\u0259kl\u0259rd\u0259 Staphylococcus aureus \u0219tamm\u0131n\u0131n yaratd\u0131\u011f\u0131 k\u0259skin kliniki mastitl\u0259rd\u0259, -Metritd\u0259, -Aya\u011f \u00e7\u00fcr\u00fcm\u0259sind\u0259. D\u0259rman formas\u0131 v\u0259 qabla\u015fd\u0131rma: Sar\u0131dan t\u00fcnd sar\u0131 r\u0259ng\u0259 q\u0259d\u0259r \u00e7alar\u0131 olan, [&hellip;]<\/p>","protected":false},"featured_media":985,"comment_status":"open","ping_status":"closed","template":"","meta":[],"product_brand":[],"product_cat":[67,63],"product_tag":[],"class_list":{"0":"post-984","1":"product","2":"type-product","3":"status-publish","4":"has-post-thumbnail","6":"product_cat-antibiotikler","7":"product_cat-ruminant","9":"first","10":"instock","11":"shipping-taxable","12":"product-type-simple"},"_links":{"self":[{"href":"https:\/\/ucalvet.com\/en\/wp-json\/wp\/v2\/product\/984","targetHints":{"allow":["GET"]}}],"collection":[{"href":"https:\/\/ucalvet.com\/en\/wp-json\/wp\/v2\/product"}],"about":[{"href":"https:\/\/ucalvet.com\/en\/wp-json\/wp\/v2\/types\/product"}],"replies":[{"embeddable":true,"href":"https:\/\/ucalvet.com\/en\/wp-json\/wp\/v2\/comments?post=984"}],"wp:featuredmedia":[{"embeddable":true,"href":"https:\/\/ucalvet.com\/en\/wp-json\/wp\/v2\/media\/985"}],"wp:attachment":[{"href":"https:\/\/ucalvet.com\/en\/wp-json\/wp\/v2\/media?parent=984"}],"wp:term":[{"taxonomy":"product_brand","embeddable":true,"href":"https:\/\/ucalvet.com\/en\/wp-json\/wp\/v2\/product_brand?post=984"},{"taxonomy":"product_cat","embeddable":true,"href":"https:\/\/ucalvet.com\/en\/wp-json\/wp\/v2\/product_cat?post=984"},{"taxonomy":"product_tag","embeddable":true,"href":"https:\/\/ucalvet.com\/en\/wp-json\/wp\/v2\/product_tag?post=984"}],"curies":[{"name":"wp","href":"https:\/\/api.w.org\/{rel}","templated":true}]}}