{"id":986,"date":"2025-11-06T13:41:57","date_gmt":"2025-11-06T17:41:57","guid":{"rendered":"https:\/\/ucalvet.com\/?post_type=product&#038;p=986"},"modified":"2025-11-06T13:41:57","modified_gmt":"2025-11-06T17:41:57","slug":"doramectin","status":"publish","type":"product","link":"https:\/\/ucalvet.com\/en\/product\/doramectin\/","title":{"rendered":"Doramectin"},"content":{"rendered":"<p><strong>Preparat\u0131n ticar<\/strong><strong>\u0259<\/strong><strong>t ad\u0131<\/strong>: Doramectin<\/p>\n<p><strong>\u0130stifad\u0259 sah\u0259si<\/strong>: Doracid inyeksiya \u00fc\u00e7\u00fcn m\u0259hlulu iribuynuzlu mal-qarada v\u0259 qoyunlarda a\u015fa\u011f\u0131da sadalanan nematodlara v\u0259 artropodlara qar\u015f\u0131 t\u0259sir g\u00f6st\u0259rir. Mal-qarada: M\u0259d\u0259-ba\u011f\u0131rsaq nematod\u0142ar\u0131, a\u011feiy\u0259r q\u0131l qurdlar\u0131, g\u00f6z nematodlar\u0131, hipodermalar, \u0259mici bitl\u0259r v\u0259 qotur g\u0259n\u0259l\u0259rin\u0259 qar\u015f\u0131 m\u00fcbariz\u0259d\u0259 v\u0259 m\u00fcalic\u0259sind\u0259 (m\u00fcalic\u0259 v\u0259 profilaktikas\u0131nda) istifad\u0259 olunur. M\u0259d\u0259-ba\u011f\u0131rsaq q\u0131l qurdlar\u0131: (yetkin v\u0259 d\u00f6rd\u00fcnc\u00fc s\u00fcrf\u0259 m\u0259rh\u0259l\u0259si) Ostertagia ostertagi (inhibe edilmi\u015f s\u00fcrf\u0259l\u0259r daxil olmaqla), O. lyrata, Haemonchus placei, Trichostrongylus axei, T. colubriformis, T. longispicularis, Cooperia oncophora, C.pectinata, C. punctata, surnabada (memasteriy\u0259 b\u0259nz\u0259r), N. spathiger, Bunostomum phlebotomum, Strongyloides papillosus, Oesophagostomum radiatum, Trichuris spp. C. A\u011fciy\u0259r q\u0131l qurdlar\u0131: (yetkin v\u0259 d\u00f6rd\u00fcnc\u00fc s\u00fcrf\u0259 m\u0259rh\u0259l\u0259si) Dictyocaulus viviparus G\u00f6z nematodlar\u0131: (b\u00f6y\u00fckl\u0259r) Thelazia spp. Hipodermalar: (parazitar s\u00fcrf\u0259 m\u0259rh\u0259l\u0259l\u0259ri L1-L2-L3) Hypoderma bovis, H. Lineatum \u018fmici bitl\u0259r: Hematopinus eurystemus, Linognathus vituli, Solenopotes capillatus Qotur g\u0259n\u0259l\u0259ri: Psoroptes bovis, Sarcoptes scabiei Doracid inyeksiya m\u0259hlulu da Nematodirus helvetianus,di\u015fl\u0259y\u0259n bitl\u0259r\u0259 (Damalinia bovis) v\u0259 Chorioptes bovis qa\u015f\u0131nma g\u0259n\u0259sin\u0259 qar\u015f\u0131 m\u00fcbariz\u0259 aparmaq \u00fc\u00e7\u00fcn yard\u0131m\u00e7\u0131 kimi istifad\u0259 edil\u0259 bil\u0259\u0433. Qoyunlarda: M\u0259d\u0259-ba\u011f\u0131rsaq q\u0131l qurdlar\u0131, qa\u015f\u0131nma g\u0259n\u0259l\u0259ri v\u0259 burun miyozunun t\u00f6r\u0259dicisi olan Oestrus ovis m\u00fcbariz\u0259 v\u0259 m\u00fcalic\u0259d\u0259 istifad\u0259 olunur. il\u0259 M\u0259d\u0259-ba\u011f\u0131rsaq q\u0131l qurdlar\u0131 (b\u00f6y\u00fckl\u0259r v\u0259 4-c\u00fc s\u00fcrf\u0259 m\u0259rh\u0259l\u0259si ba\u015fqa c\u00fcr g\u00f6st\u0259rilm\u0259yibs\u0259). Bunostomum trigonocephalum (yaln\u0131z b\u00f6y\u00fckl\u0259r), Chabertia ovina, Cooperia curticei(yaln\u0131z L4), C. oncophora, C. pectinata, C. punctata, C. spatulata, Gaigeria pachyscelis, Haemonchus contortus, H. similis, Nematodirus battus (yaln\u0131z L4), N. filicollis (yaln\u0131z b\u00f6y\u00fckl\u0259r), N. spathiger, Ostertagia (Teladorsagia) circumcincta*, Ostertagia (Teladorsagia) trifurcata (yaln\u0131z b\u00f6y\u00fckl\u0259r), Oesophagostomum venulosum (yaln\u0131z b\u00f6y\u00fckl\u0259r), O.columbianum, Strongyloides papillosus, Trichostrongylus axei, T. colubriformis, T. vitrinus, Trichuris spp. (yaln\u0131z b\u00f6y\u00fckl\u0259r \u00fc\u00e7\u00fcn) A\u011fciy\u0259r q\u0131l qurdlar\u0131: Cystocaulus ocreatus Dictyocaulus filaria Muellerius capillaris Neostrongylus linearis Protostrongylus rufescens Burun miyazis t\u0259siri (1-ci, 2-ci v\u0259 3-c\u00fc s\u00fcrf\u0259 m\u0259rh\u0259l\u0259si) Oestrus ovis Qa\u015f\u0131nma g\u0259n\u0259l\u0259ri: Psoroptes ovis, Sarcoptes scabiei<br \/>\n<strong>D\u0259rman formas\u0131 v\u0259 qabla\u015fd\u0131rma: <\/strong>A\u00e7\u0131q sar\u0131 v\u0259 ya sar\u0131 r\u0259ngli \u015f\u0259ffaf inyeksiya \u00fc\u00e7\u00fcn m\u0259hluldur<br \/>\n<strong>Preparat\u0131n t\u0259rkibi<\/strong>, f\u0259al madd\u0259:\u00a0 DORAMEKTIN &#8211; 10 mq, BENZIL SPIRTI &#8211; 2 mq<br \/>\n<strong>\u0130stifad\u0259 v\u0259 dozala\u015fd\u0131rma qaydalar\u0131<\/strong>: Preparat\u0131 d\u00fczg\u00fcn dozada t\u0259tbiq etm\u0259k \u00fc\u00e7\u00fcn heyvan\u0131n b\u0259peu \u00e7\u0259kisi m\u00fcmk\u00fcn q\u0259d\u0259r d\u0259qiq \u015f\u0259kild\u0259 m\u00fc\u0259yy\u0259n edilm\u0259lidir. M\u00fcalic\u0259 edil\u0259c\u0259k heyvan say\u0131 bir deyil, qrup hal\u0131ndad\u0131rsa, onlar\u0131 b\u0259d\u0259n \u00e7\u0259kil\u0259rin\u0259 g\u00f6r\u0259 qrupla\u015fd\u0131rmaqla m\u00fcvafiq olaraq az dozan\u0131n v\u0259 ya h\u0259ddind\u0259n art\u0131q dozan\u0131n qar\u015f\u0131s\u0131 al\u0131nmal\u0131d\u0131r. Yax\u015f\u0131 d\u00fczg\u00fcn kalibrl\u0259nmi\u015f dozaj avadanl\u0131\u011f\u0131ndan istifad\u0259 edilm\u0259lidir. Parazitl\u0259r\u0259 qar\u015f\u0131 d\u00fczg\u00fcn m\u00fcbariz\u0259 v\u0259 heyvandarl\u0131qda n\u0259zar\u0259ti t\u0259min etm\u0259k \u00fc\u00e7\u00fcn veterinar h\u0259kim t\u0259r\u0259find\u0259n m\u00fcvafiq doza c\u0259dv\u0259li t\u00f6vsiy\u0259 edilm\u0259lidir. \u0130ribuynuzli mal-qarada m\u0259d\u0259-ba\u011f\u0131rsaq qil qurdlar\u0131n\u0131n, a\u011fciy\u0259r q\u0131l qurdlar\u0131n\u0131n, g\u00f6z nematodlar\u0131 v\u0259 qa\u015f\u0131nma g\u0259n\u0259l\u0259ri \u00fc\u00e7\u00fcn, qoyunlarda is\u0259 m\u0259d\u0259- ba\u011f\u0131rsaq q\u0131l qurdlar\u0131n\u0131n v\u0259 burun miyazisi \u00fc\u00e7\u00fcn 200 mkq\/kq-a b\u0259rab\u0259r h\u0259r 50 kq b\u0259d\u0259n k\u00fctl\u0259si \u00fc\u00e7\u00fcn 1 ml (10 mq doramektin) bird\u0259f\u0259lik dozada m\u00fcalic\u0259 t\u0259tbiq olunur. Qoyunlarda Psoroptes ovis (qoyun qa\u015f\u0131nmas\u0131) v\u0259 diri qoturun klinik simptomlar\u0131n\u0131n m\u00fcalic\u0259si zaman\u0131 300 mkq\/kq-a b\u0259rab\u0259r h\u0259r 33 kq b\u0259d\u0259n k\u00fctl\u0259si \u00fc\u00e7\u00fcn 1 ml (10 mq doramektin), bird\u0259f\u0259lik dozada m\u00fcalic\u0259 t\u0259tbiq olunur. Bundan \u0259lav\u0259, t\u0259krar infeksiyan\u0131n qar\u015f\u0131s\u0131n\u0131 almaq \u00fc\u00e7\u00fcn m\u00fcvafiq bioloji m\u00fchafiz\u0259 t\u0259dbirl\u0259ri g\u00f6r\u00fclm\u0259lidir. X\u0259st\u0259liy\u0259 yoluxmu\u015f qoyunlarla t\u0259masda olan qoyunlar\u0131n ham\u0131s\u0131n\u0131n m\u00fcalic\u0259 olunmas\u0131 vacibdir. Preparat d\u0259rialt\u0131 v\u0259 ya \u0259z\u0259l\u0259daxili olaraq t\u0259tbiq edil\u0259 bil\u0259r. edilir. Preparat iribuynuzlu mal-qarada 5 ml-den, qoyunlarda 1.5 ml-den cox olduqda f\u0259rqli nahiyy\u0259l\u0259r\u0259 t\u0259tbiq<\/p>\n<p><strong>G\u00f6zl\u0259m\u0259 vaxt\u0131: <\/strong>Iribuynuzlu mal-qara v\u0259 qoyunlara g\u00f6zl\u0259m\u0259 vaxt\u0131 70 g\u00fcnd\u00fcr. \u0130nsan istehlak\u0131 \u00fc\u00e7\u00fcn s\u00fcd ver\u0259n iribuynuzlu mal-qara v\u0259 qoyunlarda istifad\u0259 edilm\u0259m\u0259lidir. Do\u011fuma 60 g\u00fcn qalm\u0131\u015f s\u00fcd ver\u0259n in\u0259kl\u0259rd\u0259 v\u0259 do\u011fuma 70 g\u00fcn qalm\u0131\u015f s\u00fcd ver\u0259n qoyunlarda Doracid preparat\u0131 istifad\u0259 edilm\u0259m\u0259lid<\/p>","protected":false},"excerpt":{"rendered":"<p>Preparat\u0131n ticar\u0259t ad\u0131: Doramectin \u0130stifad\u0259 sah\u0259si: Doracid inyeksiya \u00fc\u00e7\u00fcn m\u0259hlulu iribuynuzlu mal-qarada v\u0259 qoyunlarda a\u015fa\u011f\u0131da sadalanan nematodlara v\u0259 artropodlara qar\u015f\u0131 t\u0259sir g\u00f6st\u0259rir. Mal-qarada: M\u0259d\u0259-ba\u011f\u0131rsaq nematod\u0142ar\u0131, a\u011feiy\u0259r q\u0131l qurdlar\u0131, g\u00f6z nematodlar\u0131, hipodermalar, \u0259mici bitl\u0259r v\u0259 qotur g\u0259n\u0259l\u0259rin\u0259 qar\u015f\u0131 m\u00fcbariz\u0259d\u0259 v\u0259 m\u00fcalic\u0259sind\u0259 (m\u00fcalic\u0259 v\u0259 profilaktikas\u0131nda) istifad\u0259 olunur. M\u0259d\u0259-ba\u011f\u0131rsaq q\u0131l qurdlar\u0131: (yetkin v\u0259 d\u00f6rd\u00fcnc\u00fc s\u00fcrf\u0259 m\u0259rh\u0259l\u0259si) Ostertagia ostertagi [&hellip;]<\/p>","protected":false},"featured_media":0,"comment_status":"open","ping_status":"closed","template":"","meta":[],"product_brand":[],"product_cat":[43],"product_tag":[],"class_list":{"0":"post-986","1":"product","2":"type-product","3":"status-publish","5":"product_cat-antiparazitler","7":"first","8":"instock","9":"shipping-taxable","10":"product-type-simple"},"_links":{"self":[{"href":"https:\/\/ucalvet.com\/en\/wp-json\/wp\/v2\/product\/986","targetHints":{"allow":["GET"]}}],"collection":[{"href":"https:\/\/ucalvet.com\/en\/wp-json\/wp\/v2\/product"}],"about":[{"href":"https:\/\/ucalvet.com\/en\/wp-json\/wp\/v2\/types\/product"}],"replies":[{"embeddable":true,"href":"https:\/\/ucalvet.com\/en\/wp-json\/wp\/v2\/comments?post=986"}],"wp:attachment":[{"href":"https:\/\/ucalvet.com\/en\/wp-json\/wp\/v2\/media?parent=986"}],"wp:term":[{"taxonomy":"product_brand","embeddable":true,"href":"https:\/\/ucalvet.com\/en\/wp-json\/wp\/v2\/product_brand?post=986"},{"taxonomy":"product_cat","embeddable":true,"href":"https:\/\/ucalvet.com\/en\/wp-json\/wp\/v2\/product_cat?post=986"},{"taxonomy":"product_tag","embeddable":true,"href":"https:\/\/ucalvet.com\/en\/wp-json\/wp\/v2\/product_tag?post=986"}],"curies":[{"name":"wp","href":"https:\/\/api.w.org\/{rel}","templated":true}]}}