{"id":987,"date":"2025-11-06T13:48:04","date_gmt":"2025-11-06T17:48:04","guid":{"rendered":"https:\/\/ucalvet.com\/?post_type=product&#038;p=987"},"modified":"2025-11-06T18:16:03","modified_gmt":"2025-11-06T22:16:03","slug":"trimisin","status":"publish","type":"product","link":"https:\/\/ucalvet.com\/en\/product\/trimisin\/","title":{"rendered":"TRIMISIN"},"content":{"rendered":"<p><strong>Preparat\u0131n ticar<\/strong><strong>\u0259<\/strong><strong>t ad\u0131<\/strong>: TRIMISIN<\/p>\n<p><strong>\u0130stifad\u0259 sah\u0259si<\/strong>: &#8220;TRIMISIN&#8221; preparat\u0131 g\u00f6v\u015f\u0259m\u0259y\u0259 ba\u015flamam\u0131\u015f buzovlarda, quzularda v\u0259 ulaqlarda, pnevmoniya, bronxit, nefrit, g\u00f6b\u0259k iltihab\u0131, Salmonella v\u0259 Vibrio n\u00f6vl\u0259rinin bakterial enteritl\u0259ri v\u0259 h\u0259ssas bakteriyalar\u0131n t\u00f6r\u0259tdiyi dig\u0259r yum\u015faq toxuma x\u0259st\u0259likl\u0259rinin m\u00fcalic\u0259sind\u0259, -\u018ftlik m\u0259qs\u0259di il\u0259 olan hind toyuqlar\u0131nda v\u0259 toyuqlarda E.coli, Salmonella v\u0259 Pasteurella n\u00f6vl\u0259rinin t\u00f6r\u0259tdiyi, x\u0259st\u0259likl\u0259rd\u0259, Haemophilus v\u0259 Yersinia n\u00f6vl\u0259rinin t\u00f6r\u0259tdiyi koriza v\u0259 xolera x\u0259st\u0259likl\u0259rind\u0259, h\u0259m\u00e7inin h\u0259ssas bakteriyalar\u0131n \u0259m\u0259l\u0259 g\u0259tirdiyi rinit, konyuktivit, sinusit v\u0259 bakterial enterit kimi x\u0259st\u0259likl\u0259rin m\u00fcalic\u0259sind\u0259 t\u0259tbiq olunur.<br \/>\n<strong>D\u0259rman formas\u0131 v\u0259 qabla\u015fd\u0131rma: <\/strong>Xarici g\u00f6r\u00fcn\u00fc\u015fc\u0259 a\u00e7\u0131q krem r\u0259ngli qoxusuz tozdur.<br \/>\n<strong>Preparat\u0131n t\u0259rkibi<\/strong>, f\u0259al madd\u0259: SULFADIAZIN. &#8211; 250 mq, TRIMETOPRIM. &#8211; 50 mq, NEOMISIN SULFAT. &#8211; 125 mq<br \/>\n<strong>\u0130stifad\u0259 v\u0259 dozala\u015fd\u0131rma qaydalar\u0131<\/strong>: Preparat\u0131n istifad\u0259si baytar h\u0259kim t\u0259r\u0259find\u0259n ba\u015fqa \u015f\u0259kild\u0259 m\u0259sl\u0259h\u0259t edilm\u0259dikd\u0259. -Quzu,ke\u00e7i v\u0259 buzovlarda h\u0259r 12,5 kq b\u0259d\u0259n k\u00fctl\u0259si \u00fc\u00e7\u00fcn g\u00fcnd\u0259 1 q Trimisin oral m\u0259hlul tozu lazimi miqdar su il\u0259 qar\u0131\u015fd\u0131r\u0131laraq i\u00e7m\u0259y\u0259 verilir. -\u018ftlik m\u0259qs\u0259di il\u0259 olan hind toyuqlar\u0131nda v\u0259 toyuqlarda h\u0259r 12,5 kq diri b\u0259d\u0259n k\u00fctl\u0259si \u00fc\u00e7\u00fcn g\u00fcnd\u0259 2 q Trimisin oral m\u0259hlul tozu i\u00e7m\u0259li su il\u0259 qar\u0131\u015fd\u0131r\u0131laraq verilir. T\u0259tbiqd\u0259n 2-3 saat \u0259vv\u0259l heyvanlar\u0131 susuzla\u015fd\u0131rmaq m\u0259sl\u0259h\u0259tdir. D\u0259rmanl\u0131 su h\u0259r g\u00fcn t\u0259z\u0259 haz\u0131rlanmal\u0131d\u0131r. B\u00fct\u00fcn n\u00f6v heyvanlarda m\u00fcalic\u0259 3-5 g\u00fcn davam etdirilir.<\/p>\n<p><strong>G\u00f6zl\u0259m\u0259 vaxt\u0131: <\/strong>Preparat\u0131n istifad\u0259si zaman\u0131 v\u0259 istifad\u0259sinin dayand\u0131r\u0131ld\u0131\u011f\u0131 g\u00fcnd\u0259n etibar\u0259n quzu,ke\u00e7i v\u0259 buzovlarda 14 g\u00fcn, toyuqlarda v\u0259 hind toyuqlar\u0131nda 10 g\u00fcn ke\u00e7m\u0259d\u0259n \u0259tlik m\u0259qs\u0259di il\u0259 istehlak edil\u0259 bilm\u0259zl\u0259r. Yumurtas\u0131 insan istehlak\u0131 \u00fc\u00e7\u00fcn n\u0259z\u0259rd\u0259 tutulan hind toyuqlar\u0131 v\u0259 toyuqlarda preparat istifad\u0259 edilm\u0259m\u0259lidir.<\/p>\n<p><strong>\u00a0<\/strong><\/p>","protected":false},"excerpt":{"rendered":"<p>Preparat\u0131n ticar\u0259t ad\u0131: TRIMISIN \u0130stifad\u0259 sah\u0259si: &#8220;TRIMISIN&#8221; preparat\u0131 g\u00f6v\u015f\u0259m\u0259y\u0259 ba\u015flamam\u0131\u015f buzovlarda, quzularda v\u0259 ulaqlarda, pnevmoniya, bronxit, nefrit, g\u00f6b\u0259k iltihab\u0131, Salmonella v\u0259 Vibrio n\u00f6vl\u0259rinin bakterial enteritl\u0259ri v\u0259 h\u0259ssas bakteriyalar\u0131n t\u00f6r\u0259tdiyi dig\u0259r yum\u015faq toxuma x\u0259st\u0259likl\u0259rinin m\u00fcalic\u0259sind\u0259, -\u018ftlik m\u0259qs\u0259di il\u0259 olan hind toyuqlar\u0131nda v\u0259 toyuqlarda E.coli, Salmonella v\u0259 Pasteurella n\u00f6vl\u0259rinin t\u00f6r\u0259tdiyi, x\u0259st\u0259likl\u0259rd\u0259, Haemophilus v\u0259 Yersinia n\u00f6vl\u0259rinin t\u00f6r\u0259tdiyi koriza [&hellip;]<\/p>","protected":false},"featured_media":988,"comment_status":"open","ping_status":"closed","template":"","meta":[],"product_brand":[],"product_cat":[67,74,65,63],"product_tag":[],"class_list":{"0":"post-987","1":"product","2":"type-product","3":"status-publish","4":"has-post-thumbnail","6":"product_cat-antibiotikler","7":"product_cat-diger","8":"product_cat-qusculuq","9":"product_cat-ruminant","11":"first","12":"instock","13":"shipping-taxable","14":"product-type-simple"},"_links":{"self":[{"href":"https:\/\/ucalvet.com\/en\/wp-json\/wp\/v2\/product\/987","targetHints":{"allow":["GET"]}}],"collection":[{"href":"https:\/\/ucalvet.com\/en\/wp-json\/wp\/v2\/product"}],"about":[{"href":"https:\/\/ucalvet.com\/en\/wp-json\/wp\/v2\/types\/product"}],"replies":[{"embeddable":true,"href":"https:\/\/ucalvet.com\/en\/wp-json\/wp\/v2\/comments?post=987"}],"wp:featuredmedia":[{"embeddable":true,"href":"https:\/\/ucalvet.com\/en\/wp-json\/wp\/v2\/media\/988"}],"wp:attachment":[{"href":"https:\/\/ucalvet.com\/en\/wp-json\/wp\/v2\/media?parent=987"}],"wp:term":[{"taxonomy":"product_brand","embeddable":true,"href":"https:\/\/ucalvet.com\/en\/wp-json\/wp\/v2\/product_brand?post=987"},{"taxonomy":"product_cat","embeddable":true,"href":"https:\/\/ucalvet.com\/en\/wp-json\/wp\/v2\/product_cat?post=987"},{"taxonomy":"product_tag","embeddable":true,"href":"https:\/\/ucalvet.com\/en\/wp-json\/wp\/v2\/product_tag?post=987"}],"curies":[{"name":"wp","href":"https:\/\/api.w.org\/{rel}","templated":true}]}}