{"id":989,"date":"2025-11-06T14:00:07","date_gmt":"2025-11-06T18:00:07","guid":{"rendered":"https:\/\/ucalvet.com\/?post_type=product&#038;p=989"},"modified":"2025-11-06T14:00:07","modified_gmt":"2025-11-06T18:00:07","slug":"akson-%d0%b2","status":"publish","type":"product","link":"https:\/\/ucalvet.com\/en\/product\/akson-%d0%b2\/","title":{"rendered":"AKSON-\u0412"},"content":{"rendered":"<p><strong>Preparat\u0131n ticar<\/strong><strong>\u0259<\/strong><strong>t ad\u0131<\/strong>: AKSON-\u0412<\/p>\n<p><strong>\u0130stifad\u0259 sah\u0259si<\/strong>: Preparat heyvanlar\u0131n n\u0259ql edilm\u0259si, rasion d\u0259yi\u015fiklikl\u0259ri v\u0259 vaksinasiyas\u0131 zamant ba\u015f ver\u0259n stresl\u0259ri y\u00fcng\u00fcll\u0259\u015fdirm\u0259k; x\u0259st\u0259likl\u0259rd\u0259n sonra sa\u011falma d\u00f6vr\u00fcnd\u0259, infeksiyalar zaman\u0131 sinir v\u0259 d\u0259ri x\u0259st\u0259likl\u0259ri zaman\u0131; reproduktiv funksiyan\u0131 v\u0259 boy inki\u015faf\u0131n\u0131 stimulla\u015fd\u0131rmaq m\u0259qs\u0259di il\u0259 t\u0259tbiq edilir<br \/>\n<strong>D\u0259rman formas\u0131 v\u0259 qabla\u015fd\u0131rma: <\/strong>Xarici g\u00f6r\u00fcn\u00fc\u015fc\u0259 r\u0259ngsiz v\u0259 ya a\u00e7\u0131q sar\u0131 r\u0259ngli, \u015f\u0259ffaf, inyeksiya \u00fc\u00e7\u00fcn steril m\u0259hluldur.<br \/>\n<strong>Preparat\u0131n t\u0259rkibi<\/strong>, f\u0259al madd\u0259: VITAMIN B1. &#8211; 100 mq, PROPIL QALAT &#8211; 1.50 mq, VITAMIN B6. &#8211; 10 mq<br \/>\n<strong>\u0130stifad\u0259 v\u0259 dozala\u015fd\u0131rma qaydalar\u0131<\/strong>: Praparat Baytar h\u0259kimi ba\u015fqa c\u00fcr t\u00f6vsiy\u0259 etm\u0259dikd\u0259, d\u0259ri alt\u0131na, \u0259z\u0259l\u0259daxili v\u0259 ya venadaxili (asta) inyeksiya edilm\u0259kl\u0259, a\u015fa\u011f\u0131dak\u0131 qaydalara uy\u011fun dozala\u015fd\u0131r\u0131l\u0131r: &#8211; Qaramal v\u0259 atlara, h\u0259r 400 kq diri k\u00fctl\u0259y\u0259 10- 20 ml: &#8211; Dana v\u0259 d\u00fcy\u0259l\u0259r\u0259, h\u0259r 200 kq diri k\u00fctl\u0259y\u0259 5-10 ml; &#8211; Qoyun v\u0259 ke\u00e7il\u0259r\u0259, h\u0259r 100 kq diri k\u00fctl\u0259y\u0259 2,5- 5 ml; &#8211; \u0130t v\u0259 pi\u015fikl\u0259r\u0259, h\u0259r 5 kq diri k\u00fctl\u0259y\u0259 1-2 ml;<\/p>\n<p><strong>G\u00f6zl\u0259m\u0259 vaxt\u0131: <\/strong>G\u00f6zl\u0259m\u0259 vaxt\u0131 t\u0259l\u0259b olunmur<\/p>","protected":false},"excerpt":{"rendered":"<p>Preparat\u0131n ticar\u0259t ad\u0131: AKSON-\u0412 \u0130stifad\u0259 sah\u0259si: Preparat heyvanlar\u0131n n\u0259ql edilm\u0259si, rasion d\u0259yi\u015fiklikl\u0259ri v\u0259 vaksinasiyas\u0131 zamant ba\u015f ver\u0259n stresl\u0259ri y\u00fcng\u00fcll\u0259\u015fdirm\u0259k; x\u0259st\u0259likl\u0259rd\u0259n sonra sa\u011falma d\u00f6vr\u00fcnd\u0259, infeksiyalar zaman\u0131 sinir v\u0259 d\u0259ri x\u0259st\u0259likl\u0259ri zaman\u0131; reproduktiv funksiyan\u0131 v\u0259 boy inki\u015faf\u0131n\u0131 stimulla\u015fd\u0131rmaq m\u0259qs\u0259di il\u0259 t\u0259tbiq edilir D\u0259rman formas\u0131 v\u0259 qabla\u015fd\u0131rma: Xarici g\u00f6r\u00fcn\u00fc\u015fc\u0259 r\u0259ngsiz v\u0259 ya a\u00e7\u0131q sar\u0131 r\u0259ngli, \u015f\u0259ffaf, inyeksiya \u00fc\u00e7\u00fcn [&hellip;]<\/p>","protected":false},"featured_media":990,"comment_status":"open","ping_status":"closed","template":"","meta":[],"product_brand":[],"product_cat":[64,37,66,63,45],"product_tag":[],"class_list":{"0":"post-989","1":"product","2":"type-product","3":"status-publish","4":"has-post-thumbnail","6":"product_cat-at","7":"product_cat-dermanlar","8":"product_cat-ev-heyvani","9":"product_cat-ruminant","10":"product_cat-vitamin-ve-minerallar","12":"first","13":"instock","14":"shipping-taxable","15":"product-type-simple"},"_links":{"self":[{"href":"https:\/\/ucalvet.com\/en\/wp-json\/wp\/v2\/product\/989","targetHints":{"allow":["GET"]}}],"collection":[{"href":"https:\/\/ucalvet.com\/en\/wp-json\/wp\/v2\/product"}],"about":[{"href":"https:\/\/ucalvet.com\/en\/wp-json\/wp\/v2\/types\/product"}],"replies":[{"embeddable":true,"href":"https:\/\/ucalvet.com\/en\/wp-json\/wp\/v2\/comments?post=989"}],"wp:featuredmedia":[{"embeddable":true,"href":"https:\/\/ucalvet.com\/en\/wp-json\/wp\/v2\/media\/990"}],"wp:attachment":[{"href":"https:\/\/ucalvet.com\/en\/wp-json\/wp\/v2\/media?parent=989"}],"wp:term":[{"taxonomy":"product_brand","embeddable":true,"href":"https:\/\/ucalvet.com\/en\/wp-json\/wp\/v2\/product_brand?post=989"},{"taxonomy":"product_cat","embeddable":true,"href":"https:\/\/ucalvet.com\/en\/wp-json\/wp\/v2\/product_cat?post=989"},{"taxonomy":"product_tag","embeddable":true,"href":"https:\/\/ucalvet.com\/en\/wp-json\/wp\/v2\/product_tag?post=989"}],"curies":[{"name":"wp","href":"https:\/\/api.w.org\/{rel}","templated":true}]}}