{"id":991,"date":"2025-11-06T14:04:21","date_gmt":"2025-11-06T18:04:21","guid":{"rendered":"https:\/\/ucalvet.com\/?post_type=product&#038;p=991"},"modified":"2025-11-06T14:04:21","modified_gmt":"2025-11-06T18:04:21","slug":"ivermicad3e","status":"publish","type":"product","link":"https:\/\/ucalvet.com\/en\/product\/ivermicad3e\/","title":{"rendered":"IVERMIC+AD3E"},"content":{"rendered":"<p><strong>Preparat\u0131n ticar<\/strong><strong>\u0259<\/strong><strong>t ad\u0131<\/strong>: IVERMIC+AD3E<\/p>\n<p><strong>\u0130stifad\u0259 sah\u0259si<\/strong>: Mal-qara, qoyun, ke\u00e7i, donuz v\u0259 atlar \u00fc\u00e7\u00fcn m\u0259d\u0259-ba\u011f\u0131rsaq v\u0259 a\u011fciy\u0259r nematodlar\u0131na qar\u015f\u0131 m\u00fcbariz\u0259 \u00fc\u00e7\u00fcn: Haemonchus contortus v\u0259 placei, Ostertagia ostertagi v\u0259 spp, Trichostrongylus axei v\u0259 spp, Cooperia oncophora, punctata, surnabada v\u0259 spp, Oesophagostomnostumnostomtomphle; Dictyocaulus viviparus, Bitl\u0259r: Linognathus vituli, Haematopinus eurysternus, Solenopotes capillatus. Mal-qara v\u0259 donuzlarda qa\u015f\u0131nma g\u0259n\u0259l\u0259ri: Psoroptes ovis, Sarcopetes scabiei var bovis qar\u015f\u0131 t\u0259tbiq olunur. Atlarda nematodlar: Strongylus vulgaris, Strongylus edentatus, Strongylus equinus, Triodontophorus spp. Ki\u00e7ik Strongylus: Cylicocyclus spp, Cylicostephanus spp, Cylicodontophorus spp, Gyalocephalus spp, Parascaris equorum, Oxyuris equi, Trichostrongylus axei, Habronema muscae, Dictyocaulus arnfieldi, Strongicaulus spp, Wester. spp. S\u00fcrf\u0259l\u0259ri: Gastrophilus spp. qar\u015f\u0131 t\u0259tbiq edilir. \u0130vermektinin A, D3, E vitaminl\u0259ri il\u0259 birl\u0259\u015fm\u0259si heyvan orqanizminin bazal v\u0259 funksional saxlanmas\u0131na k\u00f6m\u0259k edir, bunun \u00fc\u00e7\u00fcn laz\u0131m olan elementl\u0259ri \u00f6z\u00fcnd\u0259 c\u0259ml\u0259\u015fdirir, \u00fcmumiyy\u0259tl\u0259 parazitar z\u0259r\u0259rl\u0259 balansla\u015fd\u0131r\u0131lm\u0131r.<br \/>\n<strong>D\u0259rman formas\u0131 v\u0259 qabla\u015fd\u0131rma: <\/strong>Xarici g\u00f6r\u00fcn\u00fc\u015fc\u0259 sar\u0131 r\u0259ngli \u015f\u0259ffaf mayedir.<br \/>\n<strong>Preparat\u0131n t\u0259rkibi<\/strong>, f\u0259al madd\u0259: VITAMIN D3. &#8211; 40000 BV, VITAMIN A PALMITATE &#8211; 5000000 BV, VITAMIN E ACETATE &#8211; 1000 BV, IVERME\u0106TIN -1.10 qr<br \/>\n<strong>\u0130stifad\u0259 v\u0259 dozala\u015fd\u0131rma qaydalar\u0131<\/strong>: Preparat d\u0259ri alt\u0131na inyeksiya yolu il\u0259 t\u0259tbiq edilir. Mal-qara, qoyun, ke\u00e7i v\u0259 atlarda: H\u0259r 50 kq-da 1 ml diri k\u00fctl\u0259sin\u0259 (220 mkq \u0130vermektin, 1000 Vitamin A palmitat\u0131n, 8 BV Vitamin D3 v\u0259 0,2 BV Vitamin E asetat )hesab\u0131 il\u0259 dozala\u015fd\u0131r\u0131l\u0131r. Donuzlarda: 33 kq b\u0259d\u0259n k\u00fctl\u0259si \u00fc\u00e7\u00fcn 1 ml, (300 mkq\/kq \u0130vermektin) hesab\u0131 il\u0259 dozala\u015fd\u0131r\u0131l\u0131r. BV<\/p>\n<p><strong>G\u00f6zl\u0259m\u0259 vaxt\u0131: <\/strong>Preparat t\u0259tbiq edildiyi g\u00fcnd\u0259n 35 g\u00fcn sonra mal-qara \u0259tlik m\u0259qs\u0259di il\u0259 k\u0259sil\u0259 bil\u0259r.<\/p>","protected":false},"excerpt":{"rendered":"<p>Preparat\u0131n ticar\u0259t ad\u0131: IVERMIC+AD3E \u0130stifad\u0259 sah\u0259si: Mal-qara, qoyun, ke\u00e7i, donuz v\u0259 atlar \u00fc\u00e7\u00fcn m\u0259d\u0259-ba\u011f\u0131rsaq v\u0259 a\u011fciy\u0259r nematodlar\u0131na qar\u015f\u0131 m\u00fcbariz\u0259 \u00fc\u00e7\u00fcn: Haemonchus contortus v\u0259 placei, Ostertagia ostertagi v\u0259 spp, Trichostrongylus axei v\u0259 spp, Cooperia oncophora, punctata, surnabada v\u0259 spp, Oesophagostomnostumnostomtomphle; Dictyocaulus viviparus, Bitl\u0259r: Linognathus vituli, Haematopinus eurysternus, Solenopotes capillatus. Mal-qara v\u0259 donuzlarda qa\u015f\u0131nma g\u0259n\u0259l\u0259ri: Psoroptes ovis, [&hellip;]<\/p>","protected":false},"featured_media":992,"comment_status":"open","ping_status":"closed","template":"","meta":[],"product_brand":[],"product_cat":[37,63,45],"product_tag":[],"class_list":{"0":"post-991","1":"product","2":"type-product","3":"status-publish","4":"has-post-thumbnail","6":"product_cat-dermanlar","7":"product_cat-ruminant","8":"product_cat-vitamin-ve-minerallar","10":"first","11":"instock","12":"shipping-taxable","13":"product-type-simple"},"_links":{"self":[{"href":"https:\/\/ucalvet.com\/en\/wp-json\/wp\/v2\/product\/991","targetHints":{"allow":["GET"]}}],"collection":[{"href":"https:\/\/ucalvet.com\/en\/wp-json\/wp\/v2\/product"}],"about":[{"href":"https:\/\/ucalvet.com\/en\/wp-json\/wp\/v2\/types\/product"}],"replies":[{"embeddable":true,"href":"https:\/\/ucalvet.com\/en\/wp-json\/wp\/v2\/comments?post=991"}],"wp:featuredmedia":[{"embeddable":true,"href":"https:\/\/ucalvet.com\/en\/wp-json\/wp\/v2\/media\/992"}],"wp:attachment":[{"href":"https:\/\/ucalvet.com\/en\/wp-json\/wp\/v2\/media?parent=991"}],"wp:term":[{"taxonomy":"product_brand","embeddable":true,"href":"https:\/\/ucalvet.com\/en\/wp-json\/wp\/v2\/product_brand?post=991"},{"taxonomy":"product_cat","embeddable":true,"href":"https:\/\/ucalvet.com\/en\/wp-json\/wp\/v2\/product_cat?post=991"},{"taxonomy":"product_tag","embeddable":true,"href":"https:\/\/ucalvet.com\/en\/wp-json\/wp\/v2\/product_tag?post=991"}],"curies":[{"name":"wp","href":"https:\/\/api.w.org\/{rel}","templated":true}]}}